{"id":5078,"date":"2022-06-28T15:15:49","date_gmt":"2022-06-28T13:15:49","guid":{"rendered":"https:\/\/turismodemarchena.org\/como-llegar\/"},"modified":"2023-04-05T15:58:56","modified_gmt":"2023-04-05T13:58:56","slug":"como-llegar","status":"publish","type":"page","link":"https:\/\/turismodemarchena.org\/fr\/como-llegar\/","title":{"rendered":"Comment arriver"},"content":{"rendered":"<div id=\"pl-5078\"  class=\"panel-layout\" ><div id=\"pg-5078-0\"  class=\"panel-grid panel-has-style\" ><div class=\"panel-row-style panel-row-style-for-5078-0\" ><div id=\"pgc-5078-0-0\"  class=\"panel-grid-cell\" ><div id=\"panel-5078-0-0-0\" class=\"so-panel widget widget_sow-editor panel-first-child panel-last-child\" data-index=\"0\" ><div\n\t\t\t\n\t\t\tclass=\"so-widget-sow-editor so-widget-sow-editor-base\"\n\t\t\t\n\t\t>\n<div class=\"siteorigin-widget-tinymce textwidget\">\n\t<h2>Marchena a un paso de ti<\/h2>\n<p>La villa de <strong>Marchena<\/strong> est\u00e1 situada en el <strong>valle del Guadalquivir<\/strong>, concretamente en la Campi\u00f1a Sevillana, a unos 60 km. al este de la capital. La base de su <strong>econom\u00eda<\/strong> es la agricultura, pues se trata de una zona llana con tierras f\u00e9rtiles regadas por el <strong>r\u00edo Corbones<\/strong> y dedicadas tradicionalmente al cultivo del <strong>olivar<\/strong> (aceite de oliva y aceituna de mesa) y del <strong>cereal<\/strong> (trigo y cebada).<\/p>\n<p>Con una poblaci\u00f3n de unos<strong>\u00a020.000 habitantes<\/strong> y una extensi\u00f3n de <strong>377 kil\u00f3metros cuadrados<\/strong>, se trata de una zona muy bien comunicada. Desde Sevilla podemos acceder a Marchena a trav\u00e9s de la <strong>A-92<\/strong> o mediante la l\u00ednea de <strong>ferrocarril Sevilla-M\u00e1laga-Granada-Almer\u00eda<\/strong>. En ambos casos tardaremos unos 30-40 minutos en llegar a esta monumental villa de Marchena.<\/p>\n<\/div>\n<\/div><\/div><\/div><div id=\"pgc-5078-0-1\"  class=\"panel-grid-cell\" ><div id=\"panel-5078-0-1-0\" class=\"widget_text so-panel widget widget_custom_html panel-first-child panel-last-child\" data-index=\"1\" ><div class=\"textwidget custom-html-widget\"><iframe src=\"https:\/\/www.google.com\/maps\/embed?pb=!1m18!1m12!1m3!1d15201.056621751572!2d-5.426462881437052!3d37.327395000334185!2m3!1f0!2f0!3f0!3m2!1i1024!2i768!4f13.1!3m3!1m2!1s0xd12983e6c03ed03%3A0xfdda82dd58e111e!2s41620%20Marchena%2C%20Sevilla!5e0!3m2!1ses!2ses!4v1656919865893!5m2!1ses!2ses\" width=\"600\" height=\"450\" style=\"border:0;\" allowfullscreen=\"\" loading=\"lazy\" referrerpolicy=\"no-referrer-when-downgrade\"><\/iframe><\/div><\/div><\/div><\/div><\/div><div id=\"pg-5078-1\"  class=\"panel-grid panel-has-style\" ><div class=\"u-foto-completa siteorigin-panels-stretch panel-row-style panel-row-style-for-5078-1\" data-stretch-type=\"full-stretched\" ><div id=\"pgc-5078-1-0\"  class=\"panel-grid-cell\" ><div id=\"panel-5078-1-0-0\" class=\"so-panel widget widget_sow-image panel-first-child panel-last-child\" data-index=\"2\" ><div\n\t\t\t\n\t\t\tclass=\"so-widget-sow-image so-widget-sow-image-default-a258e6bfa2d8-5078\"\n\t\t\t\n\t\t>\n\n<div class=\"sow-image-container\">\n\t\t<img loading=\"lazy\" decoding=\"async\" src=\"https:\/\/turismodemarchena.org\/wp-content\/uploads\/2022\/07\/imgUbicacionMarchena.jpg\" width=\"1920\" height=\"800\" srcset=\"https:\/\/turismodemarchena.org\/wp-content\/uploads\/2022\/07\/imgUbicacionMarchena.jpg 1920w, https:\/\/turismodemarchena.org\/wp-content\/uploads\/2022\/07\/imgUbicacionMarchena-300x125.jpg 300w, https:\/\/turismodemarchena.org\/wp-content\/uploads\/2022\/07\/imgUbicacionMarchena-1024x427.jpg 1024w, https:\/\/turismodemarchena.org\/wp-content\/uploads\/2022\/07\/imgUbicacionMarchena-768x320.jpg 768w, https:\/\/turismodemarchena.org\/wp-content\/uploads\/2022\/07\/imgUbicacionMarchena-1536x640.jpg 1536w\" sizes=\"auto, (max-width: 1920px) 100vw, 1920px\" alt=\"Vista aerea de la Villa de Marchena\" \t\tclass=\"so-widget-image\"\/>\n\t<\/div>\n\n<\/div><\/div><\/div><\/div><\/div><\/div>","protected":false},"excerpt":{"rendered":"<p>Marchena a un paso de ti La villa de Marchena est\u00e1 situada en el valle del Guadalquivir, concretamente en la Campi\u00f1a Sevillana, a unos 60 km. al este de la capital. La base de su econom\u00eda es la agricultura, pues se trata de una zona llana con tierras f\u00e9rtiles regadas por el r\u00edo Corbones y\u2026<\/p>\n","protected":false},"author":1,"featured_media":3303,"parent":0,"menu_order":0,"comment_status":"closed","ping_status":"closed","template":"","meta":{"content-type":"","footnotes":""},"class_list":["post-5078","page","type-page","status-publish","has-post-thumbnail","hentry","post"],"acf":[],"yoast_head":"<!-- This site is optimized with the Yoast SEO plugin v19.6.1 - https:\/\/yoast.com\/wordpress\/plugins\/seo\/ -->\n<title>Comment arriver - Turismo de Marchena<\/title>\n<meta name=\"description\" content=\"Marchena a un paso de ti La villa de Marchena est\u00e1 situada en el valle del Guadalquivir, concretamente en la Campi\u00f1a Sevillana, a unos 60 km. al este de\" \/>\n<meta name=\"robots\" content=\"index, follow, max-snippet:-1, max-image-preview:large, max-video-preview:-1\" \/>\n<link rel=\"canonical\" href=\"https:\/\/turismodemarchena.org\/fr\/como-llegar\/\" \/>\n<meta property=\"og:locale\" content=\"fr_FR\" \/>\n<meta property=\"og:type\" content=\"article\" \/>\n<meta property=\"og:title\" content=\"Comment arriver - Turismo de Marchena\" \/>\n<meta property=\"og:description\" content=\"Marchena a un paso de ti La villa de Marchena est\u00e1 situada en el valle del Guadalquivir, concretamente en la Campi\u00f1a Sevillana, a unos 60 km. al este de\" \/>\n<meta property=\"og:url\" content=\"https:\/\/turismodemarchena.org\/fr\/como-llegar\/\" \/>\n<meta property=\"og:site_name\" content=\"Marchena\" \/>\n<meta property=\"article:modified_time\" content=\"2023-04-05T13:58:56+00:00\" \/>\n<meta property=\"og:image\" content=\"https:\/\/turismodemarchena.org\/wp-content\/uploads\/2022\/07\/santa-maria-silo-y-tren-2.jpg\" \/>\n\t<meta property=\"og:image:width\" content=\"1920\" \/>\n\t<meta property=\"og:image:height\" content=\"948\" \/>\n\t<meta property=\"og:image:type\" content=\"image\/jpeg\" \/>\n<meta name=\"twitter:card\" content=\"summary_large_image\" \/>\n<meta name=\"twitter:label1\" content=\"Dur\u00e9e de lecture estim\u00e9e\" \/>\n\t<meta name=\"twitter:data1\" content=\"1 minute\" \/>\n<script type=\"application\/ld+json\" class=\"yoast-schema-graph\">{\"@context\":\"https:\/\/schema.org\",\"@graph\":[{\"@type\":\"WebPage\",\"@id\":\"https:\/\/turismodemarchena.org\/fr\/como-llegar\/\",\"url\":\"https:\/\/turismodemarchena.org\/fr\/como-llegar\/\",\"name\":\"Comment arriver - Turismo de Marchena\",\"isPartOf\":{\"@id\":\"https:\/\/turismodemarchena.org\/#website\"},\"datePublished\":\"2022-06-28T13:15:49+00:00\",\"dateModified\":\"2023-04-05T13:58:56+00:00\",\"description\":\"Marchena a un paso de ti La villa de Marchena est\u00e1 situada en el valle del Guadalquivir, concretamente en la Campi\u00f1a Sevillana, a unos 60 km. al este de\",\"breadcrumb\":{\"@id\":\"https:\/\/turismodemarchena.org\/fr\/como-llegar\/#breadcrumb\"},\"inLanguage\":\"fr-FR\",\"potentialAction\":[{\"@type\":\"ReadAction\",\"target\":[\"https:\/\/turismodemarchena.org\/fr\/como-llegar\/\"]}]},{\"@type\":\"BreadcrumbList\",\"@id\":\"https:\/\/turismodemarchena.org\/fr\/como-llegar\/#breadcrumb\",\"itemListElement\":[{\"@type\":\"ListItem\",\"position\":1,\"name\":\"Home\",\"item\":\"https:\/\/turismodemarchena.org\/fr\/\"},{\"@type\":\"ListItem\",\"position\":2,\"name\":\"Comment arriver\"}]},{\"@type\":\"WebSite\",\"@id\":\"https:\/\/turismodemarchena.org\/#website\",\"url\":\"https:\/\/turismodemarchena.org\/\",\"name\":\"Marchena\",\"description\":\"\",\"publisher\":{\"@id\":\"https:\/\/turismodemarchena.org\/#organization\"},\"potentialAction\":[{\"@type\":\"SearchAction\",\"target\":{\"@type\":\"EntryPoint\",\"urlTemplate\":\"https:\/\/turismodemarchena.org\/?s={search_term_string}\"},\"query-input\":\"required name=search_term_string\"}],\"inLanguage\":\"fr-FR\"},{\"@type\":\"Organization\",\"@id\":\"https:\/\/turismodemarchena.org\/#organization\",\"name\":\"Turismo de Marchena\",\"url\":\"https:\/\/turismodemarchena.org\/\",\"sameAs\":[],\"logo\":{\"@type\":\"ImageObject\",\"inLanguage\":\"fr-FR\",\"@id\":\"https:\/\/turismodemarchena.org\/#\/schema\/logo\/image\/\",\"url\":\"https:\/\/turismodemarchena.org\/wp-content\/uploads\/2022\/09\/logoAyuntamientoMarchenaB.png\",\"contentUrl\":\"https:\/\/turismodemarchena.org\/wp-content\/uploads\/2022\/09\/logoAyuntamientoMarchenaB.png\",\"width\":184,\"height\":66,\"caption\":\"Turismo de Marchena\"},\"image\":{\"@id\":\"https:\/\/turismodemarchena.org\/#\/schema\/logo\/image\/\"}}]}<\/script>\n<!-- \/ Yoast SEO plugin. -->","yoast_head_json":{"title":"Comment arriver - Turismo de Marchena","description":"Marchena a un paso de ti La villa de Marchena est\u00e1 situada en el valle del Guadalquivir, concretamente en la Campi\u00f1a Sevillana, a unos 60 km. al este de","robots":{"index":"index","follow":"follow","max-snippet":"max-snippet:-1","max-image-preview":"max-image-preview:large","max-video-preview":"max-video-preview:-1"},"canonical":"https:\/\/turismodemarchena.org\/fr\/como-llegar\/","og_locale":"fr_FR","og_type":"article","og_title":"Comment arriver - Turismo de Marchena","og_description":"Marchena a un paso de ti La villa de Marchena est\u00e1 situada en el valle del Guadalquivir, concretamente en la Campi\u00f1a Sevillana, a unos 60 km. al este de","og_url":"https:\/\/turismodemarchena.org\/fr\/como-llegar\/","og_site_name":"Marchena","article_modified_time":"2023-04-05T13:58:56+00:00","og_image":[{"width":1920,"height":948,"url":"https:\/\/turismodemarchena.org\/wp-content\/uploads\/2022\/07\/santa-maria-silo-y-tren-2.jpg","type":"image\/jpeg"}],"twitter_card":"summary_large_image","twitter_misc":{"Dur\u00e9e de lecture estim\u00e9e":"1 minute"},"schema":{"@context":"https:\/\/schema.org","@graph":[{"@type":"WebPage","@id":"https:\/\/turismodemarchena.org\/fr\/como-llegar\/","url":"https:\/\/turismodemarchena.org\/fr\/como-llegar\/","name":"Comment arriver - Turismo de Marchena","isPartOf":{"@id":"https:\/\/turismodemarchena.org\/#website"},"datePublished":"2022-06-28T13:15:49+00:00","dateModified":"2023-04-05T13:58:56+00:00","description":"Marchena a un paso de ti La villa de Marchena est\u00e1 situada en el valle del Guadalquivir, concretamente en la Campi\u00f1a Sevillana, a unos 60 km. al este de","breadcrumb":{"@id":"https:\/\/turismodemarchena.org\/fr\/como-llegar\/#breadcrumb"},"inLanguage":"fr-FR","potentialAction":[{"@type":"ReadAction","target":["https:\/\/turismodemarchena.org\/fr\/como-llegar\/"]}]},{"@type":"BreadcrumbList","@id":"https:\/\/turismodemarchena.org\/fr\/como-llegar\/#breadcrumb","itemListElement":[{"@type":"ListItem","position":1,"name":"Home","item":"https:\/\/turismodemarchena.org\/fr\/"},{"@type":"ListItem","position":2,"name":"Comment arriver"}]},{"@type":"WebSite","@id":"https:\/\/turismodemarchena.org\/#website","url":"https:\/\/turismodemarchena.org\/","name":"Marchena","description":"","publisher":{"@id":"https:\/\/turismodemarchena.org\/#organization"},"potentialAction":[{"@type":"SearchAction","target":{"@type":"EntryPoint","urlTemplate":"https:\/\/turismodemarchena.org\/?s={search_term_string}"},"query-input":"required name=search_term_string"}],"inLanguage":"fr-FR"},{"@type":"Organization","@id":"https:\/\/turismodemarchena.org\/#organization","name":"Turismo de Marchena","url":"https:\/\/turismodemarchena.org\/","sameAs":[],"logo":{"@type":"ImageObject","inLanguage":"fr-FR","@id":"https:\/\/turismodemarchena.org\/#\/schema\/logo\/image\/","url":"https:\/\/turismodemarchena.org\/wp-content\/uploads\/2022\/09\/logoAyuntamientoMarchenaB.png","contentUrl":"https:\/\/turismodemarchena.org\/wp-content\/uploads\/2022\/09\/logoAyuntamientoMarchenaB.png","width":184,"height":66,"caption":"Turismo de Marchena"},"image":{"@id":"https:\/\/turismodemarchena.org\/#\/schema\/logo\/image\/"}}]}},"_links":{"self":[{"href":"https:\/\/turismodemarchena.org\/fr\/wp-json\/wp\/v2\/pages\/5078","targetHints":{"allow":["GET"]}}],"collection":[{"href":"https:\/\/turismodemarchena.org\/fr\/wp-json\/wp\/v2\/pages"}],"about":[{"href":"https:\/\/turismodemarchena.org\/fr\/wp-json\/wp\/v2\/types\/page"}],"author":[{"embeddable":true,"href":"https:\/\/turismodemarchena.org\/fr\/wp-json\/wp\/v2\/users\/1"}],"replies":[{"embeddable":true,"href":"https:\/\/turismodemarchena.org\/fr\/wp-json\/wp\/v2\/comments?post=5078"}],"version-history":[{"count":16,"href":"https:\/\/turismodemarchena.org\/fr\/wp-json\/wp\/v2\/pages\/5078\/revisions"}],"predecessor-version":[{"id":5682,"href":"https:\/\/turismodemarchena.org\/fr\/wp-json\/wp\/v2\/pages\/5078\/revisions\/5682"}],"wp:featuredmedia":[{"embeddable":true,"href":"https:\/\/turismodemarchena.org\/fr\/wp-json\/wp\/v2\/media\/3303"}],"wp:attachment":[{"href":"https:\/\/turismodemarchena.org\/fr\/wp-json\/wp\/v2\/media?parent=5078"}],"curies":[{"name":"wp","href":"https:\/\/api.w.org\/{rel}","templated":true}]}}