{"id":5053,"date":"2022-06-28T15:15:10","date_gmt":"2022-06-28T13:15:10","guid":{"rendered":"https:\/\/turismodemarchena.org\/museos\/"},"modified":"2023-04-10T08:40:27","modified_gmt":"2023-04-10T06:40:27","slug":"museos","status":"publish","type":"page","link":"https:\/\/turismodemarchena.org\/fr\/museos\/","title":{"rendered":"Mus\u00e9es"},"content":{"rendered":"<div id=\"pl-5053\"  class=\"panel-layout\" ><div id=\"pg-5053-0\"  class=\"panel-grid panel-has-style\" ><div class=\"panel-row-style panel-row-style-for-5053-0\" ><div id=\"pgc-5053-0-0\"  class=\"panel-grid-cell\" ><div id=\"panel-5053-0-0-0\" class=\"so-panel widget widget_sow-editor panel-first-child panel-last-child\" data-index=\"0\" ><div\n\t\t\t\n\t\t\tclass=\"so-widget-sow-editor so-widget-sow-editor-base\"\n\t\t\t\n\t\t>\n<div class=\"siteorigin-widget-tinymce textwidget\">\n\t<h2>La colecci\u00f3n parroquial de Zurbar\u00e1n<\/h2>\n<p>La Iglesia de San Juan es un templo consagrado a la Degollaci\u00f3n de San Juan Bautista. Fue declarada como Bien de Inter\u00e9s Cultural en 1931. La Sacrist\u00eda original de la iglesia es ampliada en el primer tercio del s. XVII y es la propia parroquia la que en 1634 realiza el encargo de nueve lienzos, para la decoraci\u00f3n de la sacrist\u00eda, al pintor extreme\u00f1o Francisco de Zurbar\u00e1n.<\/p>\n<\/div>\n<\/div><\/div><\/div><div id=\"pgc-5053-0-1\"  class=\"panel-grid-cell\" ><div id=\"panel-5053-0-1-0\" class=\"so-panel widget widget_sow-editor panel-first-child panel-last-child\" data-index=\"1\" ><div\n\t\t\t\n\t\t\tclass=\"so-widget-sow-editor so-widget-sow-editor-base\"\n\t\t\t\n\t\t>\n<div class=\"siteorigin-widget-tinymce textwidget\">\n\t<p><iframe src=\"https:\/\/www.google.com\/maps\/embed?pb=!1m18!1m12!1m3!1d1058.6740668531563!2d-5.417458220345571!3d37.33214629578276!2m3!1f0!2f0!3f0!3m2!1i1024!2i768!4f13.1!3m3!1m2!1s0xd1299b9ba88bf3d%3A0x5f7fecc2f098f958!2sIglesia%20de%20San%20Juan%20Bautista!5e0!3m2!1ses!2ses!4v1662560767291!5m2!1ses!2ses\" width=\"100%\" height=\"300\" style=\"border:0;\" allowfullscreen=\"\" loading=\"lazy\" referrerpolicy=\"no-referrer-when-downgrade\"><\/iframe><\/p>\n<\/div>\n<\/div><\/div><\/div><\/div><\/div><div id=\"pg-5053-1\"  class=\"panel-grid panel-has-style\" ><div class=\"siteorigin-panels-stretch panel-row-style panel-row-style-for-5053-1\" data-stretch-type=\"full\" ><div id=\"pgc-5053-1-0\"  class=\"panel-grid-cell\" ><div id=\"panel-5053-1-0-0\" class=\"so-panel widget widget_sow-editor panel-first-child panel-last-child\" data-index=\"2\" ><div\n\t\t\t\n\t\t\tclass=\"so-widget-sow-editor so-widget-sow-editor-base\"\n\t\t\t\n\t\t>\n<div class=\"siteorigin-widget-tinymce textwidget\">\n\t<p><iframe loading=\"lazy\" style=\"border: 0;\" src=\"https:\/\/www.google.com\/maps\/embed?pb=!1m18!1m12!1m3!1d999.2934471957126!2d-5.415679361568843!3d37.32926990542654!2m3!1f0!2f0!3f0!3m2!1i1024!2i768!4f13.1!3m3!1m2!1s0xd12983df00f3659%3A0xaa48ef3a45ba5832!2sMuseo%20Lorenzo%20Coullaut!5e0!3m2!1ses!2ses!4v1662559297309!5m2!1ses!2ses\" width=\"100%\" height=\"300\" allowfullscreen=\"allowfullscreen\"><\/iframe><\/p>\n<\/div>\n<\/div><\/div><\/div><div id=\"pgc-5053-1-1\"  class=\"panel-grid-cell\" ><div id=\"panel-5053-1-1-0\" class=\"so-panel widget widget_sow-editor panel-first-child panel-last-child\" data-index=\"3\" ><div\n\t\t\t\n\t\t\tclass=\"so-widget-sow-editor so-widget-sow-editor-base\"\n\t\t\t\n\t\t>\n<div class=\"siteorigin-widget-tinymce textwidget\">\n\t<h2>La Exposici\u00f3n escult\u00f3rica municipal de Lorenzo Coullaut Valera<\/h2>\n<p>El Museo Lorenzo Coullaut Valera es una exposici\u00f3n permanente desde 1990, de originales, bocetos y r\u00e9plicas de obras escult\u00f3ricas del citado autor. Veintitr\u00e9s esculturas, trs relieves y dos dibujos originales de un retablo se reparten por las salas de este museo, enclavado en un torre\u00f3n almohade del s. XII, que en su d\u00eda fue una de las puertas principales de acceso al recinto amurallado de la ciudad de Marchena.<\/p>\n<\/div>\n<\/div><\/div><\/div><\/div><\/div><div id=\"pg-5053-2\"  class=\"panel-grid panel-has-style\" ><div class=\"panel-row-style panel-row-style-for-5053-2\" ><div id=\"pgc-5053-2-0\"  class=\"panel-grid-cell\" ><div id=\"panel-5053-2-0-0\" class=\"so-panel widget widget_sow-editor panel-first-child panel-last-child\" data-index=\"4\" ><div\n\t\t\t\n\t\t\tclass=\"so-widget-sow-editor so-widget-sow-editor-base\"\n\t\t\t\n\t\t>\n<div class=\"siteorigin-widget-tinymce textwidget\">\n\t<h2>Exposici\u00f3n del Patrimonio arqueol\u00f3gico de Marchena<\/h2>\n<p>Es una exposici\u00f3n realizada por la Asociaci\u00f3n Cultural por el Patrimonio de Marchena ACUPAMAR. Se recoge una colecci\u00f3n de piezas arqueol\u00f3gicas que muestran la gran riqueza patrimonial e hist\u00f3rica de la villa, mediante un un recorrido que comienza durante el Paleol\u00edtico y finaliza en \u00e9poca romana.<\/p>\n<\/div>\n<\/div><\/div><\/div><div id=\"pgc-5053-2-1\"  class=\"panel-grid-cell\" ><div id=\"panel-5053-2-1-0\" class=\"so-panel widget widget_sow-editor panel-first-child panel-last-child\" data-index=\"5\" ><div\n\t\t\t\n\t\t\tclass=\"so-widget-sow-editor so-widget-sow-editor-base\"\n\t\t\t\n\t\t>\n<div class=\"siteorigin-widget-tinymce textwidget\">\n\t<p><iframe loading=\"lazy\" style=\"border: 0;\" src=\"https:\/\/www.google.com\/maps\/embed?pb=!1m18!1m12!1m3!1d1296.004426633691!2d-5.41667567704917!3d37.3245691555408!2m3!1f0!2f0!3f0!3m2!1i1024!2i768!4f13.1!3m3!1m2!1s0x0%3A0xd8822e3acd70f8!2zMzfCsDE5JzI4LjEiTiA1wrAyNCc1Ni45Ilc!5e0!3m2!1ses!2ses!4v1662559739524!5m2!1ses!2ses\" width=\"100%\" height=\"300\" allowfullscreen=\"allowfullscreen\"><\/iframe><\/p>\n<\/div>\n<\/div><\/div><\/div><\/div><\/div><div id=\"pg-5053-3\"  class=\"panel-grid panel-has-style\" ><div class=\"siteorigin-panels-stretch panel-row-style panel-row-style-for-5053-3\" data-stretch-type=\"full\" ><div id=\"pgc-5053-3-0\"  class=\"panel-grid-cell\" ><div id=\"panel-5053-3-0-0\" class=\"so-panel widget widget_sow-editor panel-first-child panel-last-child\" data-index=\"6\" ><div\n\t\t\t\n\t\t\tclass=\"so-widget-sow-editor so-widget-sow-editor-base\"\n\t\t\t\n\t\t>\n<div class=\"siteorigin-widget-tinymce textwidget\">\n\t<p><iframe loading=\"lazy\" style=\"border: 0;\" src=\"https:\/\/www.google.com\/maps\/embed?pb=!1m18!1m12!1m3!1d1295.8747829384831!2d-5.415254714493253!3d37.332085476179664!2m3!1f0!2f0!3f0!3m2!1i1024!2i768!4f13.1!3m3!1m2!1s0x0%3A0xb47f2b7ec568a69c!2zMzfCsDE5JzU0LjkiTiA1wrAyNCc1My4wIlc!5e0!3m2!1ses!2ses!4v1662560502604!5m2!1ses!2ses\" width=\"100%\" height=\"300\" allowfullscreen=\"allowfullscreen\"><\/iframe><\/p>\n<\/div>\n<\/div><\/div><\/div><div id=\"pgc-5053-3-1\"  class=\"panel-grid-cell\" ><div id=\"panel-5053-3-1-0\" class=\"so-panel widget widget_sow-editor panel-first-child panel-last-child\" data-index=\"7\" ><div\n\t\t\t\n\t\t\tclass=\"so-widget-sow-editor so-widget-sow-editor-base\"\n\t\t\t\n\t\t>\n<div class=\"siteorigin-widget-tinymce textwidget\">\n\t<h2>Museo de la Memoria de Marchena<\/h2>\n<p>Este museo fue inaugurado el 1 de mayo de 2012, siendo pionero en la provincia de Sevilla y Andaluc\u00eda. Es sede de la Asociaci\u00f3n memorialista de Marchena. Cuenta con exposiciones permanentes, como La Exposici\u00f3n sobre los Medios de comunicaci\u00f3n y Memoria Hist\u00f3rica y La Exposici\u00f3n Dignidad versus Represi\u00f3n. Adem\u00e1s, tiene el espacio dedicado a las exposiciones temporales y al Archivo memorialista.<\/p>\n<\/div>\n<\/div><\/div><\/div><\/div><\/div><\/div>","protected":false},"excerpt":{"rendered":"<p>La colecci\u00f3n parroquial de Zurbar\u00e1n La Iglesia de San Juan es un templo consagrado a la Degollaci\u00f3n de San Juan Bautista. Fue declarada como Bien de Inter\u00e9s Cultural en 1931. La Sacrist\u00eda original de la iglesia es ampliada en el primer tercio del s. XVII y es la propia parroquia la que en 1634 realiza\u2026<\/p>\n","protected":false},"author":1,"featured_media":3255,"parent":0,"menu_order":0,"comment_status":"closed","ping_status":"closed","template":"","meta":{"content-type":"","footnotes":""},"class_list":["post-5053","page","type-page","status-publish","has-post-thumbnail","hentry","post"],"acf":[],"yoast_head":"<!-- This site is optimized with the Yoast SEO plugin v19.6.1 - https:\/\/yoast.com\/wordpress\/plugins\/seo\/ -->\n<title>Mus\u00e9es - Turismo de Marchena<\/title>\n<meta name=\"description\" content=\"La colecci\u00f3n parroquial de Zurbar\u00e1n La Iglesia de San Juan es un templo consagrado a la Degollaci\u00f3n de San Juan Bautista. Fue declarada como Bien de\" \/>\n<meta name=\"robots\" content=\"index, follow, max-snippet:-1, max-image-preview:large, max-video-preview:-1\" \/>\n<link rel=\"canonical\" href=\"https:\/\/turismodemarchena.org\/fr\/museos\/\" \/>\n<meta property=\"og:locale\" content=\"fr_FR\" \/>\n<meta property=\"og:type\" content=\"article\" \/>\n<meta property=\"og:title\" content=\"Mus\u00e9es - Turismo de Marchena\" \/>\n<meta property=\"og:description\" content=\"La colecci\u00f3n parroquial de Zurbar\u00e1n La Iglesia de San Juan es un templo consagrado a la Degollaci\u00f3n de San Juan Bautista. Fue declarada como Bien de\" \/>\n<meta property=\"og:url\" content=\"https:\/\/turismodemarchena.org\/fr\/museos\/\" \/>\n<meta property=\"og:site_name\" content=\"Marchena\" \/>\n<meta property=\"article:modified_time\" content=\"2023-04-10T06:40:27+00:00\" \/>\n<meta name=\"twitter:card\" content=\"summary_large_image\" \/>\n<meta name=\"twitter:image\" content=\"https:\/\/turismodemarchena.org\/wp-content\/uploads\/2022\/07\/TURMARCHENA-2745.jpg-MUSEO-ZURBARAN.jpg\" \/>\n<meta name=\"twitter:label1\" content=\"Dur\u00e9e de lecture estim\u00e9e\" \/>\n\t<meta name=\"twitter:data1\" content=\"2 minutes\" \/>\n<script type=\"application\/ld+json\" class=\"yoast-schema-graph\">{\"@context\":\"https:\/\/schema.org\",\"@graph\":[{\"@type\":\"WebPage\",\"@id\":\"https:\/\/turismodemarchena.org\/fr\/museos\/\",\"url\":\"https:\/\/turismodemarchena.org\/fr\/museos\/\",\"name\":\"Mus\u00e9es - Turismo de Marchena\",\"isPartOf\":{\"@id\":\"https:\/\/turismodemarchena.org\/#website\"},\"datePublished\":\"2022-06-28T13:15:10+00:00\",\"dateModified\":\"2023-04-10T06:40:27+00:00\",\"description\":\"La colecci\u00f3n parroquial de Zurbar\u00e1n La Iglesia de San Juan es un templo consagrado a la Degollaci\u00f3n de San Juan Bautista. Fue declarada como Bien de\",\"breadcrumb\":{\"@id\":\"https:\/\/turismodemarchena.org\/fr\/museos\/#breadcrumb\"},\"inLanguage\":\"fr-FR\",\"potentialAction\":[{\"@type\":\"ReadAction\",\"target\":[\"https:\/\/turismodemarchena.org\/fr\/museos\/\"]}]},{\"@type\":\"BreadcrumbList\",\"@id\":\"https:\/\/turismodemarchena.org\/fr\/museos\/#breadcrumb\",\"itemListElement\":[{\"@type\":\"ListItem\",\"position\":1,\"name\":\"Home\",\"item\":\"https:\/\/turismodemarchena.org\/fr\/\"},{\"@type\":\"ListItem\",\"position\":2,\"name\":\"Mus\u00e9es\"}]},{\"@type\":\"WebSite\",\"@id\":\"https:\/\/turismodemarchena.org\/#website\",\"url\":\"https:\/\/turismodemarchena.org\/\",\"name\":\"Marchena\",\"description\":\"\",\"publisher\":{\"@id\":\"https:\/\/turismodemarchena.org\/#organization\"},\"potentialAction\":[{\"@type\":\"SearchAction\",\"target\":{\"@type\":\"EntryPoint\",\"urlTemplate\":\"https:\/\/turismodemarchena.org\/?s={search_term_string}\"},\"query-input\":\"required name=search_term_string\"}],\"inLanguage\":\"fr-FR\"},{\"@type\":\"Organization\",\"@id\":\"https:\/\/turismodemarchena.org\/#organization\",\"name\":\"Turismo de Marchena\",\"url\":\"https:\/\/turismodemarchena.org\/\",\"sameAs\":[],\"logo\":{\"@type\":\"ImageObject\",\"inLanguage\":\"fr-FR\",\"@id\":\"https:\/\/turismodemarchena.org\/#\/schema\/logo\/image\/\",\"url\":\"https:\/\/turismodemarchena.org\/wp-content\/uploads\/2022\/09\/logoAyuntamientoMarchenaB.png\",\"contentUrl\":\"https:\/\/turismodemarchena.org\/wp-content\/uploads\/2022\/09\/logoAyuntamientoMarchenaB.png\",\"width\":184,\"height\":66,\"caption\":\"Turismo de Marchena\"},\"image\":{\"@id\":\"https:\/\/turismodemarchena.org\/#\/schema\/logo\/image\/\"}}]}<\/script>\n<!-- \/ Yoast SEO plugin. -->","yoast_head_json":{"title":"Mus\u00e9es - Turismo de Marchena","description":"La colecci\u00f3n parroquial de Zurbar\u00e1n La Iglesia de San Juan es un templo consagrado a la Degollaci\u00f3n de San Juan Bautista. Fue declarada como Bien de","robots":{"index":"index","follow":"follow","max-snippet":"max-snippet:-1","max-image-preview":"max-image-preview:large","max-video-preview":"max-video-preview:-1"},"canonical":"https:\/\/turismodemarchena.org\/fr\/museos\/","og_locale":"fr_FR","og_type":"article","og_title":"Mus\u00e9es - Turismo de Marchena","og_description":"La colecci\u00f3n parroquial de Zurbar\u00e1n La Iglesia de San Juan es un templo consagrado a la Degollaci\u00f3n de San Juan Bautista. Fue declarada como Bien de","og_url":"https:\/\/turismodemarchena.org\/fr\/museos\/","og_site_name":"Marchena","article_modified_time":"2023-04-10T06:40:27+00:00","twitter_card":"summary_large_image","twitter_image":"https:\/\/turismodemarchena.org\/wp-content\/uploads\/2022\/07\/TURMARCHENA-2745.jpg-MUSEO-ZURBARAN.jpg","twitter_misc":{"Dur\u00e9e de lecture estim\u00e9e":"2 minutes"},"schema":{"@context":"https:\/\/schema.org","@graph":[{"@type":"WebPage","@id":"https:\/\/turismodemarchena.org\/fr\/museos\/","url":"https:\/\/turismodemarchena.org\/fr\/museos\/","name":"Mus\u00e9es - Turismo de Marchena","isPartOf":{"@id":"https:\/\/turismodemarchena.org\/#website"},"datePublished":"2022-06-28T13:15:10+00:00","dateModified":"2023-04-10T06:40:27+00:00","description":"La colecci\u00f3n parroquial de Zurbar\u00e1n La Iglesia de San Juan es un templo consagrado a la Degollaci\u00f3n de San Juan Bautista. Fue declarada como Bien de","breadcrumb":{"@id":"https:\/\/turismodemarchena.org\/fr\/museos\/#breadcrumb"},"inLanguage":"fr-FR","potentialAction":[{"@type":"ReadAction","target":["https:\/\/turismodemarchena.org\/fr\/museos\/"]}]},{"@type":"BreadcrumbList","@id":"https:\/\/turismodemarchena.org\/fr\/museos\/#breadcrumb","itemListElement":[{"@type":"ListItem","position":1,"name":"Home","item":"https:\/\/turismodemarchena.org\/fr\/"},{"@type":"ListItem","position":2,"name":"Mus\u00e9es"}]},{"@type":"WebSite","@id":"https:\/\/turismodemarchena.org\/#website","url":"https:\/\/turismodemarchena.org\/","name":"Marchena","description":"","publisher":{"@id":"https:\/\/turismodemarchena.org\/#organization"},"potentialAction":[{"@type":"SearchAction","target":{"@type":"EntryPoint","urlTemplate":"https:\/\/turismodemarchena.org\/?s={search_term_string}"},"query-input":"required name=search_term_string"}],"inLanguage":"fr-FR"},{"@type":"Organization","@id":"https:\/\/turismodemarchena.org\/#organization","name":"Turismo de Marchena","url":"https:\/\/turismodemarchena.org\/","sameAs":[],"logo":{"@type":"ImageObject","inLanguage":"fr-FR","@id":"https:\/\/turismodemarchena.org\/#\/schema\/logo\/image\/","url":"https:\/\/turismodemarchena.org\/wp-content\/uploads\/2022\/09\/logoAyuntamientoMarchenaB.png","contentUrl":"https:\/\/turismodemarchena.org\/wp-content\/uploads\/2022\/09\/logoAyuntamientoMarchenaB.png","width":184,"height":66,"caption":"Turismo de Marchena"},"image":{"@id":"https:\/\/turismodemarchena.org\/#\/schema\/logo\/image\/"}}]}},"_links":{"self":[{"href":"https:\/\/turismodemarchena.org\/fr\/wp-json\/wp\/v2\/pages\/5053","targetHints":{"allow":["GET"]}}],"collection":[{"href":"https:\/\/turismodemarchena.org\/fr\/wp-json\/wp\/v2\/pages"}],"about":[{"href":"https:\/\/turismodemarchena.org\/fr\/wp-json\/wp\/v2\/types\/page"}],"author":[{"embeddable":true,"href":"https:\/\/turismodemarchena.org\/fr\/wp-json\/wp\/v2\/users\/1"}],"replies":[{"embeddable":true,"href":"https:\/\/turismodemarchena.org\/fr\/wp-json\/wp\/v2\/comments?post=5053"}],"version-history":[{"count":3,"href":"https:\/\/turismodemarchena.org\/fr\/wp-json\/wp\/v2\/pages\/5053\/revisions"}],"predecessor-version":[{"id":5813,"href":"https:\/\/turismodemarchena.org\/fr\/wp-json\/wp\/v2\/pages\/5053\/revisions\/5813"}],"wp:featuredmedia":[{"embeddable":true,"href":"https:\/\/turismodemarchena.org\/fr\/wp-json\/wp\/v2\/media\/3255"}],"wp:attachment":[{"href":"https:\/\/turismodemarchena.org\/fr\/wp-json\/wp\/v2\/media?parent=5053"}],"curies":[{"name":"wp","href":"https:\/\/api.w.org\/{rel}","templated":true}]}}