{"id":5035,"date":"2022-06-28T15:15:23","date_gmt":"2022-06-28T13:15:23","guid":{"rendered":"https:\/\/turismodemarchena.org\/gastronomia\/"},"modified":"2023-04-05T15:47:08","modified_gmt":"2023-04-05T13:47:08","slug":"gastronomia","status":"publish","type":"page","link":"https:\/\/turismodemarchena.org\/fr\/gastronomia\/","title":{"rendered":"Gastronomie"},"content":{"rendered":"<div id=\"pl-5035\"  class=\"panel-layout\" ><div id=\"pg-5035-0\"  class=\"panel-grid panel-has-style\" ><div class=\"siteorigin-panels-stretch panel-row-style panel-row-style-for-5035-0\" data-stretch-type=\"full\" ><div id=\"pgc-5035-0-0\"  class=\"panel-grid-cell\" ><div id=\"panel-5035-0-0-0\" class=\"so-panel widget widget_sow-editor panel-first-child panel-last-child\" data-index=\"0\" ><div class=\"panel-widget-style panel-widget-style-for-5035-0-0-0\" ><div\n\t\t\t\n\t\t\tclass=\"so-widget-sow-editor so-widget-sow-editor-base\"\n\t\t\t\n\t\t>\n<div class=\"siteorigin-widget-tinymce textwidget\">\n\t<div>\n<p><strong>El mollete<\/strong> es un pan de harina con ajonjol\u00ed, de miga blanda y poco cocido. Se puede tomar con aceite y jam\u00f3n, o tambi\u00e9n de una manera m\u00e1s marchenera: con la <strong>manteca color\u00e1<\/strong>, que se unta en los desayunos, o bien como no, aceite de oliva virgen extra de los olivares de nuestro t\u00e9rmino municipal.<br \/>\n<strong>La manteca color\u00e1<\/strong> es el resultado de trocear la manteca del cerdo y fre\u00edrla en el perol para que se vaya deshaciendo, a\u00f1adi\u00e9ndole, adem\u00e1s, ajo, sal y pimiento molido.<\/p>\n<p>La manteca de cerdo es usada como base de numerosos postres, pero, sobre todo, es el ingrediente primordial de las <strong>tortas de manteca. <\/strong>Son unas tortas de finas l\u00e1minas s\u00f3lidas de manteca a las que se a\u00f1ade ajonjol\u00ed, reinas de la reposter\u00eda marchenera. Ellas, junto con las <strong>tortas de miel<\/strong> que elaboran las familias de pasteleros, fueron galardonadas en 2015 con \"<strong>El premio Candil de Oro de la Gastronom\u00eda\".<\/strong><\/p>\n<p>Tampoco se queda atr\u00e1s el tradicional <strong>bizcocho marchenero<\/strong>, realizado con harina, az\u00facar y huevo.<\/p>\n<p>Entre los platos t\u00edpicos sobresalen la <strong>sopa de tomate<\/strong>, las <strong>espinacas <\/strong>y el <strong>cocido marchenero<\/strong>, que lleva garbanzos y habichuelas blancas adem\u00e1s de verduras como calabaza, acelgas, etc.<\/p>\n<p>En los dulces destaca la tradici\u00f3n de los conventos. Las monjas mercedarias del convento de San Andr\u00e9s elaboran, entre otros dulces, los deliciosos <strong>lazos de hoja<\/strong>. Las monjas franciscanas clarisas del convento de la Concepci\u00f3n elaboran obleas, <strong>frutitas de mazap\u00e1n con almendra y carne membrillo<\/strong>, am\u00e9n de otros deliciosos dulces<\/p>\n<p>No debemos olvidar que, en nuestra localidad, disponemos de una gran oferta gastron\u00f3mica en bares y restaurantes que satisfar\u00e1n a los paladares m\u00e1s exquisitos.<\/p>\n<\/div>\n<\/div>\n<\/div><\/div><\/div><\/div><div id=\"pgc-5035-0-1\"  class=\"panel-grid-cell\" ><div id=\"panel-5035-0-1-0\" class=\"so-panel widget widget_sow-image panel-first-child panel-last-child\" data-index=\"1\" ><div\n\t\t\t\n\t\t\tclass=\"so-widget-sow-image so-widget-sow-image-default-c67d20f9f743-5035\"\n\t\t\t\n\t\t>\n\n<div class=\"sow-image-container\">\n\t\t<img loading=\"lazy\" decoding=\"async\" src=\"https:\/\/turismodemarchena.org\/wp-content\/uploads\/2022\/08\/imgGastronomia.png\" width=\"650\" height=\"590\" srcset=\"https:\/\/turismodemarchena.org\/wp-content\/uploads\/2022\/08\/imgGastronomia.png 650w, https:\/\/turismodemarchena.org\/wp-content\/uploads\/2022\/08\/imgGastronomia-300x272.png 300w\" sizes=\"auto, (max-width: 650px) 100vw, 650px\" alt=\"\" \t\tclass=\"so-widget-image\"\/>\n\t<\/div>\n\n<\/div><\/div><\/div><\/div><\/div><div id=\"pg-5035-1\"  class=\"panel-grid panel-has-style\" ><div class=\"siteorigin-panels-stretch panel-row-style panel-row-style-for-5035-1\" data-stretch-type=\"full\" ><div id=\"pgc-5035-1-0\"  class=\"panel-grid-cell\" ><div id=\"panel-5035-1-0-0\" class=\"so-panel widget widget_sow-editor panel-first-child panel-last-child\" data-index=\"2\" ><div\n\t\t\t\n\t\t\tclass=\"so-widget-sow-editor so-widget-sow-editor-base\"\n\t\t\t\n\t\t>\n<div class=\"siteorigin-widget-tinymce textwidget\">\n\t\n\t\t\t\t<div id=\"niso-carousel-1360\" class=\"owl-carousel niso-carousel owl-theme niso-theme nav3\">\n\t<div class=\"item\"><a href=\"https:\/\/turismodemarchena.org\/wp-content\/uploads\/2022\/06\/WhatsApp-Image-2017-03-20-at-15.41.24.jpeg\" data-lightbox-gallery=\"gallery1360\"><img loading=\"lazy\" decoding=\"async\" width=\"300\" height=\"225\" src=\"https:\/\/turismodemarchena.org\/wp-content\/uploads\/2022\/06\/WhatsApp-Image-2017-03-20-at-15.41.24-300x225.jpeg\" class=\"attachment-medium size-medium\" alt=\"\" srcset=\"https:\/\/turismodemarchena.org\/wp-content\/uploads\/2022\/06\/WhatsApp-Image-2017-03-20-at-15.41.24-300x225.jpeg 300w, https:\/\/turismodemarchena.org\/wp-content\/uploads\/2022\/06\/WhatsApp-Image-2017-03-20-at-15.41.24-768x576.jpeg 768w, https:\/\/turismodemarchena.org\/wp-content\/uploads\/2022\/06\/WhatsApp-Image-2017-03-20-at-15.41.24.jpeg 1024w\" sizes=\"auto, (max-width: 300px) 100vw, 300px\" \/><\/a><\/div><div class=\"item\"><a href=\"https:\/\/turismodemarchena.org\/wp-content\/uploads\/2022\/06\/WhatsApp-Image-2017-03-20-at-15.43.12-1024x768.jpeg\" data-lightbox-gallery=\"gallery1360\"><img loading=\"lazy\" decoding=\"async\" width=\"300\" height=\"225\" src=\"https:\/\/turismodemarchena.org\/wp-content\/uploads\/2022\/06\/WhatsApp-Image-2017-03-20-at-15.43.12-300x225.jpeg\" class=\"attachment-medium size-medium\" alt=\"\" srcset=\"https:\/\/turismodemarchena.org\/wp-content\/uploads\/2022\/06\/WhatsApp-Image-2017-03-20-at-15.43.12-300x225.jpeg 300w, https:\/\/turismodemarchena.org\/wp-content\/uploads\/2022\/06\/WhatsApp-Image-2017-03-20-at-15.43.12-1024x768.jpeg 1024w, https:\/\/turismodemarchena.org\/wp-content\/uploads\/2022\/06\/WhatsApp-Image-2017-03-20-at-15.43.12-768x576.jpeg 768w, https:\/\/turismodemarchena.org\/wp-content\/uploads\/2022\/06\/WhatsApp-Image-2017-03-20-at-15.43.12-1536x1152.jpeg 1536w, https:\/\/turismodemarchena.org\/wp-content\/uploads\/2022\/06\/WhatsApp-Image-2017-03-20-at-15.43.12.jpeg 1600w\" sizes=\"auto, (max-width: 300px) 100vw, 300px\" \/><\/a><\/div><div class=\"item\"><a href=\"https:\/\/turismodemarchena.org\/wp-content\/uploads\/2022\/06\/WhatsApp-Image-2017-03-20-at-15.50.59-1024x768.jpeg\" data-lightbox-gallery=\"gallery1360\"><img loading=\"lazy\" decoding=\"async\" width=\"300\" height=\"225\" src=\"https:\/\/turismodemarchena.org\/wp-content\/uploads\/2022\/06\/WhatsApp-Image-2017-03-20-at-15.50.59-300x225.jpeg\" class=\"attachment-medium size-medium\" alt=\"\" srcset=\"https:\/\/turismodemarchena.org\/wp-content\/uploads\/2022\/06\/WhatsApp-Image-2017-03-20-at-15.50.59-300x225.jpeg 300w, https:\/\/turismodemarchena.org\/wp-content\/uploads\/2022\/06\/WhatsApp-Image-2017-03-20-at-15.50.59-1024x768.jpeg 1024w, https:\/\/turismodemarchena.org\/wp-content\/uploads\/2022\/06\/WhatsApp-Image-2017-03-20-at-15.50.59-768x576.jpeg 768w, https:\/\/turismodemarchena.org\/wp-content\/uploads\/2022\/06\/WhatsApp-Image-2017-03-20-at-15.50.59-1536x1152.jpeg 1536w, https:\/\/turismodemarchena.org\/wp-content\/uploads\/2022\/06\/WhatsApp-Image-2017-03-20-at-15.50.59.jpeg 1600w\" sizes=\"auto, (max-width: 300px) 100vw, 300px\" \/><\/a><\/div><div class=\"item\"><a href=\"https:\/\/turismodemarchena.org\/wp-content\/uploads\/2022\/06\/WhatsApp-Image-2017-03-20-at-15.51.10-1024x768.jpeg\" data-lightbox-gallery=\"gallery1360\"><img loading=\"lazy\" decoding=\"async\" width=\"300\" height=\"225\" src=\"https:\/\/turismodemarchena.org\/wp-content\/uploads\/2022\/06\/WhatsApp-Image-2017-03-20-at-15.51.10-300x225.jpeg\" class=\"attachment-medium size-medium\" alt=\"\" srcset=\"https:\/\/turismodemarchena.org\/wp-content\/uploads\/2022\/06\/WhatsApp-Image-2017-03-20-at-15.51.10-300x225.jpeg 300w, https:\/\/turismodemarchena.org\/wp-content\/uploads\/2022\/06\/WhatsApp-Image-2017-03-20-at-15.51.10-1024x768.jpeg 1024w, https:\/\/turismodemarchena.org\/wp-content\/uploads\/2022\/06\/WhatsApp-Image-2017-03-20-at-15.51.10-768x576.jpeg 768w, https:\/\/turismodemarchena.org\/wp-content\/uploads\/2022\/06\/WhatsApp-Image-2017-03-20-at-15.51.10-1536x1152.jpeg 1536w, https:\/\/turismodemarchena.org\/wp-content\/uploads\/2022\/06\/WhatsApp-Image-2017-03-20-at-15.51.10.jpeg 1600w\" sizes=\"auto, (max-width: 300px) 100vw, 300px\" \/><\/a><\/div><div class=\"item\"><a href=\"https:\/\/turismodemarchena.org\/wp-content\/uploads\/2022\/06\/WhatsApp-Image-2017-03-20-at-15.51.25-1024x768.jpeg\" data-lightbox-gallery=\"gallery1360\"><img loading=\"lazy\" decoding=\"async\" width=\"300\" height=\"225\" src=\"https:\/\/turismodemarchena.org\/wp-content\/uploads\/2022\/06\/WhatsApp-Image-2017-03-20-at-15.51.25-300x225.jpeg\" class=\"attachment-medium size-medium\" alt=\"\" srcset=\"https:\/\/turismodemarchena.org\/wp-content\/uploads\/2022\/06\/WhatsApp-Image-2017-03-20-at-15.51.25-300x225.jpeg 300w, https:\/\/turismodemarchena.org\/wp-content\/uploads\/2022\/06\/WhatsApp-Image-2017-03-20-at-15.51.25-1024x768.jpeg 1024w, https:\/\/turismodemarchena.org\/wp-content\/uploads\/2022\/06\/WhatsApp-Image-2017-03-20-at-15.51.25-768x576.jpeg 768w, https:\/\/turismodemarchena.org\/wp-content\/uploads\/2022\/06\/WhatsApp-Image-2017-03-20-at-15.51.25-1536x1152.jpeg 1536w, https:\/\/turismodemarchena.org\/wp-content\/uploads\/2022\/06\/WhatsApp-Image-2017-03-20-at-15.51.25.jpeg 1600w\" sizes=\"auto, (max-width: 300px) 100vw, 300px\" \/><\/a><\/div><div class=\"item\"><a href=\"https:\/\/turismodemarchena.org\/wp-content\/uploads\/2022\/06\/WhatsApp-Image-2017-03-20-at-15.51.45-1-1024x768.jpeg\" data-lightbox-gallery=\"gallery1360\"><img loading=\"lazy\" decoding=\"async\" width=\"300\" height=\"225\" src=\"https:\/\/turismodemarchena.org\/wp-content\/uploads\/2022\/06\/WhatsApp-Image-2017-03-20-at-15.51.45-1-300x225.jpeg\" class=\"attachment-medium size-medium\" alt=\"\" srcset=\"https:\/\/turismodemarchena.org\/wp-content\/uploads\/2022\/06\/WhatsApp-Image-2017-03-20-at-15.51.45-1-300x225.jpeg 300w, https:\/\/turismodemarchena.org\/wp-content\/uploads\/2022\/06\/WhatsApp-Image-2017-03-20-at-15.51.45-1-1024x768.jpeg 1024w, https:\/\/turismodemarchena.org\/wp-content\/uploads\/2022\/06\/WhatsApp-Image-2017-03-20-at-15.51.45-1-768x576.jpeg 768w, https:\/\/turismodemarchena.org\/wp-content\/uploads\/2022\/06\/WhatsApp-Image-2017-03-20-at-15.51.45-1-1536x1152.jpeg 1536w, https:\/\/turismodemarchena.org\/wp-content\/uploads\/2022\/06\/WhatsApp-Image-2017-03-20-at-15.51.45-1.jpeg 1600w\" sizes=\"auto, (max-width: 300px) 100vw, 300px\" \/><\/a><\/div><div class=\"item\"><a href=\"https:\/\/turismodemarchena.org\/wp-content\/uploads\/2022\/06\/WhatsApp-Image-2017-03-20-at-15.52.19-1024x768.jpeg\" data-lightbox-gallery=\"gallery1360\"><img loading=\"lazy\" decoding=\"async\" width=\"300\" height=\"225\" src=\"https:\/\/turismodemarchena.org\/wp-content\/uploads\/2022\/06\/WhatsApp-Image-2017-03-20-at-15.52.19-300x225.jpeg\" class=\"attachment-medium size-medium\" alt=\"\" srcset=\"https:\/\/turismodemarchena.org\/wp-content\/uploads\/2022\/06\/WhatsApp-Image-2017-03-20-at-15.52.19-300x225.jpeg 300w, https:\/\/turismodemarchena.org\/wp-content\/uploads\/2022\/06\/WhatsApp-Image-2017-03-20-at-15.52.19-1024x768.jpeg 1024w, https:\/\/turismodemarchena.org\/wp-content\/uploads\/2022\/06\/WhatsApp-Image-2017-03-20-at-15.52.19-768x576.jpeg 768w, https:\/\/turismodemarchena.org\/wp-content\/uploads\/2022\/06\/WhatsApp-Image-2017-03-20-at-15.52.19-1536x1152.jpeg 1536w, https:\/\/turismodemarchena.org\/wp-content\/uploads\/2022\/06\/WhatsApp-Image-2017-03-20-at-15.52.19.jpeg 1600w\" sizes=\"auto, (max-width: 300px) 100vw, 300px\" \/><\/a><\/div><div class=\"item\"><a href=\"https:\/\/turismodemarchena.org\/wp-content\/uploads\/2022\/06\/WhatsApp-Image-2017-03-20-at-15.52.43-1024x768.jpeg\" data-lightbox-gallery=\"gallery1360\"><img loading=\"lazy\" decoding=\"async\" width=\"300\" height=\"225\" src=\"https:\/\/turismodemarchena.org\/wp-content\/uploads\/2022\/06\/WhatsApp-Image-2017-03-20-at-15.52.43-300x225.jpeg\" class=\"attachment-medium size-medium\" alt=\"\" srcset=\"https:\/\/turismodemarchena.org\/wp-content\/uploads\/2022\/06\/WhatsApp-Image-2017-03-20-at-15.52.43-300x225.jpeg 300w, https:\/\/turismodemarchena.org\/wp-content\/uploads\/2022\/06\/WhatsApp-Image-2017-03-20-at-15.52.43-1024x768.jpeg 1024w, https:\/\/turismodemarchena.org\/wp-content\/uploads\/2022\/06\/WhatsApp-Image-2017-03-20-at-15.52.43-768x576.jpeg 768w, https:\/\/turismodemarchena.org\/wp-content\/uploads\/2022\/06\/WhatsApp-Image-2017-03-20-at-15.52.43-1536x1152.jpeg 1536w, https:\/\/turismodemarchena.org\/wp-content\/uploads\/2022\/06\/WhatsApp-Image-2017-03-20-at-15.52.43.jpeg 1600w\" sizes=\"auto, (max-width: 300px) 100vw, 300px\" \/><\/a><\/div><div class=\"item\"><a href=\"https:\/\/turismodemarchena.org\/wp-content\/uploads\/2022\/06\/WhatsApp-Image-2017-03-20-at-15.54.01-1024x768.jpeg\" data-lightbox-gallery=\"gallery1360\"><img loading=\"lazy\" decoding=\"async\" width=\"300\" height=\"225\" src=\"https:\/\/turismodemarchena.org\/wp-content\/uploads\/2022\/06\/WhatsApp-Image-2017-03-20-at-15.54.01-300x225.jpeg\" class=\"attachment-medium size-medium\" alt=\"\" srcset=\"https:\/\/turismodemarchena.org\/wp-content\/uploads\/2022\/06\/WhatsApp-Image-2017-03-20-at-15.54.01-300x225.jpeg 300w, https:\/\/turismodemarchena.org\/wp-content\/uploads\/2022\/06\/WhatsApp-Image-2017-03-20-at-15.54.01-1024x768.jpeg 1024w, https:\/\/turismodemarchena.org\/wp-content\/uploads\/2022\/06\/WhatsApp-Image-2017-03-20-at-15.54.01-768x576.jpeg 768w, https:\/\/turismodemarchena.org\/wp-content\/uploads\/2022\/06\/WhatsApp-Image-2017-03-20-at-15.54.01-1536x1152.jpeg 1536w, https:\/\/turismodemarchena.org\/wp-content\/uploads\/2022\/06\/WhatsApp-Image-2017-03-20-at-15.54.01.jpeg 1600w\" sizes=\"auto, (max-width: 300px) 100vw, 300px\" \/><\/a><\/div>\t<\/div>\n\t\t\t\t\t\n\t\n\t \n \n \n<\/div>\n<\/div><\/div><\/div><\/div><\/div><\/div>","protected":false},"excerpt":{"rendered":"<p>El mollete es un pan de harina con ajonjol\u00ed, de miga blanda y poco cocido. Se puede tomar con aceite y jam\u00f3n, o tambi\u00e9n de una manera m\u00e1s marchenera: con la manteca color\u00e1, que se unta en los desayunos, o bien como no, aceite de oliva virgen extra de los olivares de nuestro t\u00e9rmino municipal.\u2026<\/p>\n","protected":false},"author":1,"featured_media":3265,"parent":0,"menu_order":0,"comment_status":"closed","ping_status":"closed","template":"","meta":{"content-type":"","footnotes":""},"class_list":["post-5035","page","type-page","status-publish","has-post-thumbnail","hentry","post"],"acf":[],"yoast_head":"<!-- This site is optimized with the Yoast SEO plugin v19.6.1 - https:\/\/yoast.com\/wordpress\/plugins\/seo\/ -->\n<title>Gastronomie - Turismo de Marchena<\/title>\n<meta name=\"description\" content=\"El mollete es un pan de harina con ajonjol\u00ed, de miga blanda y poco cocido. Se puede tomar con aceite y jam\u00f3n, o tambi\u00e9n de una manera m\u00e1s marchenera: con\" \/>\n<meta name=\"robots\" content=\"index, follow, max-snippet:-1, max-image-preview:large, max-video-preview:-1\" \/>\n<link rel=\"canonical\" href=\"https:\/\/turismodemarchena.org\/fr\/gastronomia\/\" \/>\n<meta property=\"og:locale\" content=\"fr_FR\" \/>\n<meta property=\"og:type\" content=\"article\" \/>\n<meta property=\"og:title\" content=\"Gastronomie - Turismo de Marchena\" \/>\n<meta property=\"og:description\" content=\"El mollete es un pan de harina con ajonjol\u00ed, de miga blanda y poco cocido. Se puede tomar con aceite y jam\u00f3n, o tambi\u00e9n de una manera m\u00e1s marchenera: con\" \/>\n<meta property=\"og:url\" content=\"https:\/\/turismodemarchena.org\/fr\/gastronomia\/\" \/>\n<meta property=\"og:site_name\" content=\"Marchena\" \/>\n<meta property=\"article:modified_time\" content=\"2023-04-05T13:47:08+00:00\" \/>\n<meta property=\"og:image\" content=\"https:\/\/turismodemarchena.org\/wp-content\/uploads\/2022\/07\/espinacas-con-garbanzos.jpeg\" \/>\n\t<meta property=\"og:image:width\" content=\"847\" \/>\n\t<meta property=\"og:image:height\" content=\"435\" \/>\n\t<meta property=\"og:image:type\" content=\"image\/jpeg\" \/>\n<meta name=\"twitter:card\" content=\"summary_large_image\" \/>\n<meta name=\"twitter:label1\" content=\"Dur\u00e9e de lecture estim\u00e9e\" \/>\n\t<meta name=\"twitter:data1\" content=\"2 minutes\" \/>\n<script type=\"application\/ld+json\" class=\"yoast-schema-graph\">{\"@context\":\"https:\/\/schema.org\",\"@graph\":[{\"@type\":\"WebPage\",\"@id\":\"https:\/\/turismodemarchena.org\/fr\/gastronomia\/\",\"url\":\"https:\/\/turismodemarchena.org\/fr\/gastronomia\/\",\"name\":\"Gastronomie - Turismo de Marchena\",\"isPartOf\":{\"@id\":\"https:\/\/turismodemarchena.org\/#website\"},\"datePublished\":\"2022-06-28T13:15:23+00:00\",\"dateModified\":\"2023-04-05T13:47:08+00:00\",\"description\":\"El mollete es un pan de harina con ajonjol\u00ed, de miga blanda y poco cocido. Se puede tomar con aceite y jam\u00f3n, o tambi\u00e9n de una manera m\u00e1s marchenera: con\",\"breadcrumb\":{\"@id\":\"https:\/\/turismodemarchena.org\/fr\/gastronomia\/#breadcrumb\"},\"inLanguage\":\"fr-FR\",\"potentialAction\":[{\"@type\":\"ReadAction\",\"target\":[\"https:\/\/turismodemarchena.org\/fr\/gastronomia\/\"]}]},{\"@type\":\"BreadcrumbList\",\"@id\":\"https:\/\/turismodemarchena.org\/fr\/gastronomia\/#breadcrumb\",\"itemListElement\":[{\"@type\":\"ListItem\",\"position\":1,\"name\":\"Home\",\"item\":\"https:\/\/turismodemarchena.org\/fr\/\"},{\"@type\":\"ListItem\",\"position\":2,\"name\":\"Gastronomie\"}]},{\"@type\":\"WebSite\",\"@id\":\"https:\/\/turismodemarchena.org\/#website\",\"url\":\"https:\/\/turismodemarchena.org\/\",\"name\":\"Marchena\",\"description\":\"\",\"publisher\":{\"@id\":\"https:\/\/turismodemarchena.org\/#organization\"},\"potentialAction\":[{\"@type\":\"SearchAction\",\"target\":{\"@type\":\"EntryPoint\",\"urlTemplate\":\"https:\/\/turismodemarchena.org\/?s={search_term_string}\"},\"query-input\":\"required name=search_term_string\"}],\"inLanguage\":\"fr-FR\"},{\"@type\":\"Organization\",\"@id\":\"https:\/\/turismodemarchena.org\/#organization\",\"name\":\"Turismo de Marchena\",\"url\":\"https:\/\/turismodemarchena.org\/\",\"sameAs\":[],\"logo\":{\"@type\":\"ImageObject\",\"inLanguage\":\"fr-FR\",\"@id\":\"https:\/\/turismodemarchena.org\/#\/schema\/logo\/image\/\",\"url\":\"https:\/\/turismodemarchena.org\/wp-content\/uploads\/2022\/09\/logoAyuntamientoMarchenaB.png\",\"contentUrl\":\"https:\/\/turismodemarchena.org\/wp-content\/uploads\/2022\/09\/logoAyuntamientoMarchenaB.png\",\"width\":184,\"height\":66,\"caption\":\"Turismo de Marchena\"},\"image\":{\"@id\":\"https:\/\/turismodemarchena.org\/#\/schema\/logo\/image\/\"}}]}<\/script>\n<!-- \/ Yoast SEO plugin. -->","yoast_head_json":{"title":"Gastronomie - Turismo de Marchena","description":"El mollete es un pan de harina con ajonjol\u00ed, de miga blanda y poco cocido. Se puede tomar con aceite y jam\u00f3n, o tambi\u00e9n de una manera m\u00e1s marchenera: con","robots":{"index":"index","follow":"follow","max-snippet":"max-snippet:-1","max-image-preview":"max-image-preview:large","max-video-preview":"max-video-preview:-1"},"canonical":"https:\/\/turismodemarchena.org\/fr\/gastronomia\/","og_locale":"fr_FR","og_type":"article","og_title":"Gastronomie - Turismo de Marchena","og_description":"El mollete es un pan de harina con ajonjol\u00ed, de miga blanda y poco cocido. Se puede tomar con aceite y jam\u00f3n, o tambi\u00e9n de una manera m\u00e1s marchenera: con","og_url":"https:\/\/turismodemarchena.org\/fr\/gastronomia\/","og_site_name":"Marchena","article_modified_time":"2023-04-05T13:47:08+00:00","og_image":[{"width":847,"height":435,"url":"https:\/\/turismodemarchena.org\/wp-content\/uploads\/2022\/07\/espinacas-con-garbanzos.jpeg","type":"image\/jpeg"}],"twitter_card":"summary_large_image","twitter_misc":{"Dur\u00e9e de lecture estim\u00e9e":"2 minutes"},"schema":{"@context":"https:\/\/schema.org","@graph":[{"@type":"WebPage","@id":"https:\/\/turismodemarchena.org\/fr\/gastronomia\/","url":"https:\/\/turismodemarchena.org\/fr\/gastronomia\/","name":"Gastronomie - Turismo de Marchena","isPartOf":{"@id":"https:\/\/turismodemarchena.org\/#website"},"datePublished":"2022-06-28T13:15:23+00:00","dateModified":"2023-04-05T13:47:08+00:00","description":"El mollete es un pan de harina con ajonjol\u00ed, de miga blanda y poco cocido. Se puede tomar con aceite y jam\u00f3n, o tambi\u00e9n de una manera m\u00e1s marchenera: con","breadcrumb":{"@id":"https:\/\/turismodemarchena.org\/fr\/gastronomia\/#breadcrumb"},"inLanguage":"fr-FR","potentialAction":[{"@type":"ReadAction","target":["https:\/\/turismodemarchena.org\/fr\/gastronomia\/"]}]},{"@type":"BreadcrumbList","@id":"https:\/\/turismodemarchena.org\/fr\/gastronomia\/#breadcrumb","itemListElement":[{"@type":"ListItem","position":1,"name":"Home","item":"https:\/\/turismodemarchena.org\/fr\/"},{"@type":"ListItem","position":2,"name":"Gastronomie"}]},{"@type":"WebSite","@id":"https:\/\/turismodemarchena.org\/#website","url":"https:\/\/turismodemarchena.org\/","name":"Marchena","description":"","publisher":{"@id":"https:\/\/turismodemarchena.org\/#organization"},"potentialAction":[{"@type":"SearchAction","target":{"@type":"EntryPoint","urlTemplate":"https:\/\/turismodemarchena.org\/?s={search_term_string}"},"query-input":"required name=search_term_string"}],"inLanguage":"fr-FR"},{"@type":"Organization","@id":"https:\/\/turismodemarchena.org\/#organization","name":"Turismo de Marchena","url":"https:\/\/turismodemarchena.org\/","sameAs":[],"logo":{"@type":"ImageObject","inLanguage":"fr-FR","@id":"https:\/\/turismodemarchena.org\/#\/schema\/logo\/image\/","url":"https:\/\/turismodemarchena.org\/wp-content\/uploads\/2022\/09\/logoAyuntamientoMarchenaB.png","contentUrl":"https:\/\/turismodemarchena.org\/wp-content\/uploads\/2022\/09\/logoAyuntamientoMarchenaB.png","width":184,"height":66,"caption":"Turismo de Marchena"},"image":{"@id":"https:\/\/turismodemarchena.org\/#\/schema\/logo\/image\/"}}]}},"_links":{"self":[{"href":"https:\/\/turismodemarchena.org\/fr\/wp-json\/wp\/v2\/pages\/5035","targetHints":{"allow":["GET"]}}],"collection":[{"href":"https:\/\/turismodemarchena.org\/fr\/wp-json\/wp\/v2\/pages"}],"about":[{"href":"https:\/\/turismodemarchena.org\/fr\/wp-json\/wp\/v2\/types\/page"}],"author":[{"embeddable":true,"href":"https:\/\/turismodemarchena.org\/fr\/wp-json\/wp\/v2\/users\/1"}],"replies":[{"embeddable":true,"href":"https:\/\/turismodemarchena.org\/fr\/wp-json\/wp\/v2\/comments?post=5035"}],"version-history":[{"count":3,"href":"https:\/\/turismodemarchena.org\/fr\/wp-json\/wp\/v2\/pages\/5035\/revisions"}],"predecessor-version":[{"id":5657,"href":"https:\/\/turismodemarchena.org\/fr\/wp-json\/wp\/v2\/pages\/5035\/revisions\/5657"}],"wp:featuredmedia":[{"embeddable":true,"href":"https:\/\/turismodemarchena.org\/fr\/wp-json\/wp\/v2\/media\/3265"}],"wp:attachment":[{"href":"https:\/\/turismodemarchena.org\/fr\/wp-json\/wp\/v2\/media?parent=5035"}],"curies":[{"name":"wp","href":"https:\/\/api.w.org\/{rel}","templated":true}]}}