{"id":5032,"date":"2021-08-11T11:08:10","date_gmt":"2021-08-11T09:08:10","guid":{"rendered":"https:\/\/turismodemarchena.org\/cookies\/"},"modified":"2021-08-11T11:08:10","modified_gmt":"2021-08-11T09:08:10","slug":"cookies","status":"publish","type":"page","link":"https:\/\/turismodemarchena.org\/fr\/cookies\/","title":{"rendered":"Cookies"},"content":{"rendered":"<div id=\"pl-5032\"  class=\"panel-layout\" ><div id=\"pg-5032-0\"  class=\"panel-grid panel-has-style\" ><div class=\"panel-row-style panel-row-style-for-5032-0\" ><div id=\"pgc-5032-0-0\"  class=\"panel-grid-cell\" ><div id=\"panel-5032-0-0-0\" class=\"so-panel widget widget_sow-editor panel-first-child panel-last-child\" data-index=\"0\" ><div\n\t\t\t\n\t\t\tclass=\"so-widget-sow-editor so-widget-sow-editor-base\"\n\t\t\t\n\t\t>\n<div class=\"siteorigin-widget-tinymce textwidget\">\n\t<p>Esta p\u00e1gina web usa cookies. Las cookies de este sitio web se usan para personalizar el contenido y los anuncios, ofrecer funciones de redes sociales y analizar el tr\u00e1fico. Adem\u00e1s, compartimos informaci\u00f3n sobre el uso que haga del sitio web con nuestros partners de redes sociales, publicidad y an\u00e1lisis web, quienes pueden combinarla con otra informaci\u00f3n que les haya proporcionado o que hayan recopilado a partir del uso que haya hecho de sus servicios.<\/p>\n<p>Las cookies son peque\u00f1os archivos de texto que las p\u00e1ginas web pueden utilizar para hacer m\u00e1s eficiente la experiencia del usuario.<\/p>\n<p>La ley afirma que podemos almacenar cookies en su dispositivo si son estrictamente necesarias para el funcionamiento de esta p\u00e1gina. Para todos los dem\u00e1s tipos de cookies necesitamos su permiso.<\/p>\n<p>Esta p\u00e1gina utiliza tipos diferentes de cookies. Algunas cookies son colocadas por servicios de terceros que aparecen en nuestras p\u00e1ginas.<\/p>\n<p>En cualquier momento puede cambiar o retirar su consentimiento desde el contenido de la pol\u00edtica de cookies en nuestro sitio web.<\/p>\n<p>Su consentimiento se aplica a los siguientes dominios: <a href=\"http:\/\/turismodemarchena.org\">turismodemarchena.org<\/a><\/p>\n<div class=\"CookieDeclarationType\" dir=\"ltr\" lang=\"es\"><\/div>\n<\/div>\n<\/div><\/div><\/div><\/div><\/div><\/div>","protected":false},"excerpt":{"rendered":"<p>Esta p\u00e1gina web usa cookies. Las cookies de este sitio web se usan para personalizar el contenido y los anuncios, ofrecer funciones de redes sociales y analizar el tr\u00e1fico. Adem\u00e1s, compartimos informaci\u00f3n sobre el uso que haga del sitio web con nuestros partners de redes sociales, publicidad y an\u00e1lisis web, quienes pueden combinarla con otra\u2026<\/p>\n","protected":false},"author":1,"featured_media":0,"parent":0,"menu_order":0,"comment_status":"closed","ping_status":"closed","template":"","meta":{"content-type":"","footnotes":""},"class_list":["post-5032","page","type-page","status-publish","hentry","post"],"acf":[],"yoast_head":"<!-- This site is optimized with the Yoast SEO plugin v19.6.1 - https:\/\/yoast.com\/wordpress\/plugins\/seo\/ -->\n<title>Cookies - Turismo de Marchena<\/title>\n<meta name=\"description\" content=\"Esta p\u00e1gina web usa cookies. Las cookies de este sitio web se usan para personalizar el contenido y los anuncios, ofrecer funciones de redes sociales y\" \/>\n<meta name=\"robots\" content=\"index, follow, max-snippet:-1, max-image-preview:large, max-video-preview:-1\" \/>\n<link rel=\"canonical\" href=\"https:\/\/turismodemarchena.org\/fr\/cookies\/\" \/>\n<meta property=\"og:locale\" content=\"fr_FR\" \/>\n<meta property=\"og:type\" content=\"article\" \/>\n<meta property=\"og:title\" content=\"Cookies - Turismo de Marchena\" \/>\n<meta property=\"og:description\" content=\"Esta p\u00e1gina web usa cookies. Las cookies de este sitio web se usan para personalizar el contenido y los anuncios, ofrecer funciones de redes sociales y\" \/>\n<meta property=\"og:url\" content=\"https:\/\/turismodemarchena.org\/fr\/cookies\/\" \/>\n<meta property=\"og:site_name\" content=\"Marchena\" \/>\n<meta name=\"twitter:card\" content=\"summary_large_image\" \/>\n<meta name=\"twitter:label1\" content=\"Dur\u00e9e de lecture estim\u00e9e\" \/>\n\t<meta name=\"twitter:data1\" content=\"1 minute\" \/>\n<script type=\"application\/ld+json\" class=\"yoast-schema-graph\">{\"@context\":\"https:\/\/schema.org\",\"@graph\":[{\"@type\":\"WebPage\",\"@id\":\"https:\/\/turismodemarchena.org\/fr\/cookies\/\",\"url\":\"https:\/\/turismodemarchena.org\/fr\/cookies\/\",\"name\":\"Cookies - Turismo de Marchena\",\"isPartOf\":{\"@id\":\"https:\/\/turismodemarchena.org\/#website\"},\"datePublished\":\"2021-08-11T09:08:10+00:00\",\"dateModified\":\"2021-08-11T09:08:10+00:00\",\"description\":\"Esta p\u00e1gina web usa cookies. Las cookies de este sitio web se usan para personalizar el contenido y los anuncios, ofrecer funciones de redes sociales y\",\"breadcrumb\":{\"@id\":\"https:\/\/turismodemarchena.org\/fr\/cookies\/#breadcrumb\"},\"inLanguage\":\"fr-FR\",\"potentialAction\":[{\"@type\":\"ReadAction\",\"target\":[\"https:\/\/turismodemarchena.org\/fr\/cookies\/\"]}]},{\"@type\":\"BreadcrumbList\",\"@id\":\"https:\/\/turismodemarchena.org\/fr\/cookies\/#breadcrumb\",\"itemListElement\":[{\"@type\":\"ListItem\",\"position\":1,\"name\":\"Home\",\"item\":\"https:\/\/turismodemarchena.org\/fr\/\"},{\"@type\":\"ListItem\",\"position\":2,\"name\":\"Cookies\"}]},{\"@type\":\"WebSite\",\"@id\":\"https:\/\/turismodemarchena.org\/#website\",\"url\":\"https:\/\/turismodemarchena.org\/\",\"name\":\"Marchena\",\"description\":\"\",\"publisher\":{\"@id\":\"https:\/\/turismodemarchena.org\/#organization\"},\"potentialAction\":[{\"@type\":\"SearchAction\",\"target\":{\"@type\":\"EntryPoint\",\"urlTemplate\":\"https:\/\/turismodemarchena.org\/?s={search_term_string}\"},\"query-input\":\"required name=search_term_string\"}],\"inLanguage\":\"fr-FR\"},{\"@type\":\"Organization\",\"@id\":\"https:\/\/turismodemarchena.org\/#organization\",\"name\":\"Turismo de Marchena\",\"url\":\"https:\/\/turismodemarchena.org\/\",\"sameAs\":[],\"logo\":{\"@type\":\"ImageObject\",\"inLanguage\":\"fr-FR\",\"@id\":\"https:\/\/turismodemarchena.org\/#\/schema\/logo\/image\/\",\"url\":\"https:\/\/turismodemarchena.org\/wp-content\/uploads\/2022\/09\/logoAyuntamientoMarchenaB.png\",\"contentUrl\":\"https:\/\/turismodemarchena.org\/wp-content\/uploads\/2022\/09\/logoAyuntamientoMarchenaB.png\",\"width\":184,\"height\":66,\"caption\":\"Turismo de Marchena\"},\"image\":{\"@id\":\"https:\/\/turismodemarchena.org\/#\/schema\/logo\/image\/\"}}]}<\/script>\n<!-- \/ Yoast SEO plugin. -->","yoast_head_json":{"title":"Cookies - Turismo de Marchena","description":"Esta p\u00e1gina web usa cookies. Las cookies de este sitio web se usan para personalizar el contenido y los anuncios, ofrecer funciones de redes sociales y","robots":{"index":"index","follow":"follow","max-snippet":"max-snippet:-1","max-image-preview":"max-image-preview:large","max-video-preview":"max-video-preview:-1"},"canonical":"https:\/\/turismodemarchena.org\/fr\/cookies\/","og_locale":"fr_FR","og_type":"article","og_title":"Cookies - Turismo de Marchena","og_description":"Esta p\u00e1gina web usa cookies. Las cookies de este sitio web se usan para personalizar el contenido y los anuncios, ofrecer funciones de redes sociales y","og_url":"https:\/\/turismodemarchena.org\/fr\/cookies\/","og_site_name":"Marchena","twitter_card":"summary_large_image","twitter_misc":{"Dur\u00e9e de lecture estim\u00e9e":"1 minute"},"schema":{"@context":"https:\/\/schema.org","@graph":[{"@type":"WebPage","@id":"https:\/\/turismodemarchena.org\/fr\/cookies\/","url":"https:\/\/turismodemarchena.org\/fr\/cookies\/","name":"Cookies - Turismo de Marchena","isPartOf":{"@id":"https:\/\/turismodemarchena.org\/#website"},"datePublished":"2021-08-11T09:08:10+00:00","dateModified":"2021-08-11T09:08:10+00:00","description":"Esta p\u00e1gina web usa cookies. Las cookies de este sitio web se usan para personalizar el contenido y los anuncios, ofrecer funciones de redes sociales y","breadcrumb":{"@id":"https:\/\/turismodemarchena.org\/fr\/cookies\/#breadcrumb"},"inLanguage":"fr-FR","potentialAction":[{"@type":"ReadAction","target":["https:\/\/turismodemarchena.org\/fr\/cookies\/"]}]},{"@type":"BreadcrumbList","@id":"https:\/\/turismodemarchena.org\/fr\/cookies\/#breadcrumb","itemListElement":[{"@type":"ListItem","position":1,"name":"Home","item":"https:\/\/turismodemarchena.org\/fr\/"},{"@type":"ListItem","position":2,"name":"Cookies"}]},{"@type":"WebSite","@id":"https:\/\/turismodemarchena.org\/#website","url":"https:\/\/turismodemarchena.org\/","name":"Marchena","description":"","publisher":{"@id":"https:\/\/turismodemarchena.org\/#organization"},"potentialAction":[{"@type":"SearchAction","target":{"@type":"EntryPoint","urlTemplate":"https:\/\/turismodemarchena.org\/?s={search_term_string}"},"query-input":"required name=search_term_string"}],"inLanguage":"fr-FR"},{"@type":"Organization","@id":"https:\/\/turismodemarchena.org\/#organization","name":"Turismo de Marchena","url":"https:\/\/turismodemarchena.org\/","sameAs":[],"logo":{"@type":"ImageObject","inLanguage":"fr-FR","@id":"https:\/\/turismodemarchena.org\/#\/schema\/logo\/image\/","url":"https:\/\/turismodemarchena.org\/wp-content\/uploads\/2022\/09\/logoAyuntamientoMarchenaB.png","contentUrl":"https:\/\/turismodemarchena.org\/wp-content\/uploads\/2022\/09\/logoAyuntamientoMarchenaB.png","width":184,"height":66,"caption":"Turismo de Marchena"},"image":{"@id":"https:\/\/turismodemarchena.org\/#\/schema\/logo\/image\/"}}]}},"_links":{"self":[{"href":"https:\/\/turismodemarchena.org\/fr\/wp-json\/wp\/v2\/pages\/5032","targetHints":{"allow":["GET"]}}],"collection":[{"href":"https:\/\/turismodemarchena.org\/fr\/wp-json\/wp\/v2\/pages"}],"about":[{"href":"https:\/\/turismodemarchena.org\/fr\/wp-json\/wp\/v2\/types\/page"}],"author":[{"embeddable":true,"href":"https:\/\/turismodemarchena.org\/fr\/wp-json\/wp\/v2\/users\/1"}],"replies":[{"embeddable":true,"href":"https:\/\/turismodemarchena.org\/fr\/wp-json\/wp\/v2\/comments?post=5032"}],"version-history":[{"count":0,"href":"https:\/\/turismodemarchena.org\/fr\/wp-json\/wp\/v2\/pages\/5032\/revisions"}],"wp:attachment":[{"href":"https:\/\/turismodemarchena.org\/fr\/wp-json\/wp\/v2\/media?parent=5032"}],"curies":[{"name":"wp","href":"https:\/\/api.w.org\/{rel}","templated":true}]}}