{"id":5021,"date":"2022-07-12T11:10:40","date_gmt":"2022-07-12T09:10:40","guid":{"rendered":"https:\/\/turismodemarchena.org\/conoce-marchena\/fiestas-y-tradiciones\/semana-santa\/la-semana-de-pasion\/"},"modified":"2023-04-05T16:02:42","modified_gmt":"2023-04-05T14:02:42","slug":"la-semana-de-pasion","status":"publish","type":"page","link":"https:\/\/turismodemarchena.org\/fr\/conoce-marchena\/fiestas-y-tradiciones\/semana-santa\/la-semana-de-pasion\/","title":{"rendered":"Semaine de la passion"},"content":{"rendered":"<div id=\"pl-5021\"  class=\"panel-layout\" ><div id=\"pg-5021-0\"  class=\"panel-grid panel-has-style\" ><div class=\"panel-row-style panel-row-style-for-5021-0\" ><div id=\"pgc-5021-0-0\"  class=\"panel-grid-cell\" ><div id=\"panel-5021-0-0-0\" class=\"so-panel widget widget_sow-editor panel-first-child panel-last-child\" data-index=\"0\" ><div class=\"panel-widget-style panel-widget-style-for-5021-0-0-0\" ><div\n\t\t\t\n\t\t\tclass=\"so-widget-sow-editor so-widget-sow-editor-base\"\n\t\t\t\n\t\t>\n<div class=\"siteorigin-widget-tinymce textwidget\">\n\t<h2>Mucho m\u00e1s que siete d\u00edas<\/h2>\n<p>La vivencia de la Semana Santa, como ya hemos apuntado, no se circunscribe a siete d\u00edas. Podriamos decir que el calendario cofrade de Marchena se inicia nada m\u00e1s concluir la Navidad.<\/p>\n<\/div>\n<\/div><\/div><\/div><\/div><div id=\"pgc-5021-0-1\"  class=\"panel-grid-cell\" ><div id=\"panel-5021-0-1-0\" class=\"so-panel widget widget_sow-image panel-first-child panel-last-child\" data-index=\"1\" ><div class=\"u-sombra-dcha panel-widget-style panel-widget-style-for-5021-0-1-0\" ><div\n\t\t\t\n\t\t\tclass=\"so-widget-sow-image so-widget-sow-image-default-8b5b6f678277-5021\"\n\t\t\t\n\t\t>\n\n<div class=\"sow-image-container\">\n\t\t<img loading=\"lazy\" decoding=\"async\" src=\"https:\/\/turismodemarchena.org\/wp-content\/uploads\/2022\/07\/imgSemanaPasion01.jpg\" width=\"900\" height=\"599\" srcset=\"https:\/\/turismodemarchena.org\/wp-content\/uploads\/2022\/07\/imgSemanaPasion01.jpg 900w, https:\/\/turismodemarchena.org\/wp-content\/uploads\/2022\/07\/imgSemanaPasion01-300x200.jpg 300w, https:\/\/turismodemarchena.org\/wp-content\/uploads\/2022\/07\/imgSemanaPasion01-768x511.jpg 768w, https:\/\/turismodemarchena.org\/wp-content\/uploads\/2022\/07\/imgSemanaPasion01-391x260.jpg 391w, https:\/\/turismodemarchena.org\/wp-content\/uploads\/2022\/07\/imgSemanaPasion01-247x163.jpg 247w, https:\/\/turismodemarchena.org\/wp-content\/uploads\/2022\/07\/imgSemanaPasion01-720x480.jpg 720w, https:\/\/turismodemarchena.org\/wp-content\/uploads\/2022\/07\/imgSemanaPasion01-272x182.jpg 272w\" sizes=\"auto, (max-width: 900px) 100vw, 900px\" alt=\"Una flor de azahar en primer plano, con el \u00e1rbol desenfocado de fondo\" \t\tclass=\"so-widget-image\"\/>\n\t<\/div>\n\n<\/div><\/div><\/div><\/div><\/div><\/div><div id=\"pg-5021-1\"  class=\"panel-grid panel-has-style\" ><div class=\"u-invertir-orden siteorigin-panels-stretch panel-row-style panel-row-style-for-5021-1\" data-stretch-type=\"full\" ><div id=\"pgc-5021-1-0\"  class=\"panel-grid-cell\" ><div id=\"panel-5021-1-0-0\" class=\"so-panel widget widget_sow-image panel-first-child panel-last-child\" data-index=\"2\" ><div\n\t\t\t\n\t\t\tclass=\"so-widget-sow-image so-widget-sow-image-default-8b5b6f678277-5021\"\n\t\t\t\n\t\t>\n\n<div class=\"sow-image-container\">\n\t\t<img loading=\"lazy\" decoding=\"async\" src=\"https:\/\/turismodemarchena.org\/wp-content\/uploads\/2022\/07\/imgSemanaPasion02.png\" width=\"700\" height=\"700\" srcset=\"https:\/\/turismodemarchena.org\/wp-content\/uploads\/2022\/07\/imgSemanaPasion02.png 700w, https:\/\/turismodemarchena.org\/wp-content\/uploads\/2022\/07\/imgSemanaPasion02-300x300.png 300w, https:\/\/turismodemarchena.org\/wp-content\/uploads\/2022\/07\/imgSemanaPasion02-150x150.png 150w, https:\/\/turismodemarchena.org\/wp-content\/uploads\/2022\/07\/imgSemanaPasion02-450x450.png 450w\" sizes=\"auto, (max-width: 700px) 100vw, 700px\" alt=\"Composici\u00f3n de cinco fotos en las que se pueden ver varios fieles en la iglesia, el paso de la Vera Cruz y el del Santo Entierro, as\u00ed como el plinto de la iglesia engalanado y en la \u00faltima vemos las im\u00e1gnes de la Virgen y Jesus\" \t\tclass=\"so-widget-image\"\/>\n\t<\/div>\n\n<\/div><\/div><\/div><div id=\"pgc-5021-1-1\"  class=\"panel-grid-cell\" ><div id=\"panel-5021-1-1-0\" class=\"so-panel widget widget_sow-editor panel-first-child panel-last-child\" data-index=\"3\" ><div class=\"panel-widget-style panel-widget-style-for-5021-1-1-0\" ><div\n\t\t\t\n\t\t\tclass=\"so-widget-sow-editor so-widget-sow-editor-base\"\n\t\t\t\n\t\t>\n<div class=\"siteorigin-widget-tinymce textwidget\">\n\t<p>Es cuando se intensifican los <strong>sones de las bandas<\/strong>, que apresuran sus ensayos y se quema incienso por doquier, olor primero de una incipiente Cuaresma. Olor que nos llega mucho antes de que en los naranjos de nuestras calles y plazas comiencen a blanquear con el perfumado azahar, mientras que las marchas procesionales sirven de banda sonora en tertulias y reuniones, d\u00edas que las tablillas de los bares cobran un papel principal y se descuenta con verdadera pasi\u00f3n los d\u00edas que faltan para un acontecimiento que acelera el pulso de los marcheneros.<\/p>\n<p>Con la Candelaria<strong>, la Purificaci\u00f3n de la Virgen<\/strong>, fiesta religiosa que conmemora la Presentaci\u00f3n de Jes\u00fas en el templo, que incluye el rito de bendici\u00f3n y procesi\u00f3n de las candelas, existe un antes y un despu\u00e9s en el devenir cotidiano que, poco a poco, caminan hacia los d\u00edas se\u00f1alados.<\/p>\n<p>Ya en <strong>Cuaresma<\/strong>,<strong> los cultos de las Hermandades se suceden desde el Mi\u00e9rcoles de Ceniza<\/strong>, aldabonazo que abre el arca de la nueva estaci\u00f3n. Durante esos d\u00edas todo es un traj\u00edn intenso de preparativos, V\u00edas Crucis en las capillas, los que<strong> celebran el Santo Entierro y la Vera Cruz por la collaci\u00f3n de San Juan.<\/strong><\/p>\n<p>As\u00ed como otros cultos y ceremoniales cofraderos, limpieza de enseres, las igual\u00e1s, los ensayos de costaleros, las \u201cmud\u00e1s\u201d, los traslados de las im\u00e1genes a los pasos, los \u00faltimos retoques a las canastillas, preparar la cera..., al tiempo que se presentan los carteles que ser\u00e1n embajadores de una<strong> tradici\u00f3n y la devoci\u00f3n de todo un pueblo.<\/strong><\/p>\n<\/div>\n<\/div><\/div><\/div><\/div><\/div><\/div><div id=\"pg-5021-2\"  class=\"panel-grid panel-has-style\" ><div class=\"panel-row-style panel-row-style-for-5021-2\" ><div id=\"pgc-5021-2-0\"  class=\"panel-grid-cell\" ><div id=\"panel-5021-2-0-0\" class=\"so-panel widget widget_sow-editor panel-first-child panel-last-child\" data-index=\"4\" ><div class=\"panel-widget-style panel-widget-style-for-5021-2-0-0\" ><div\n\t\t\t\n\t\t\tclass=\"so-widget-sow-editor so-widget-sow-editor-base\"\n\t\t\t\n\t\t>\n<div class=\"siteorigin-widget-tinymce textwidget\">\n\t<p>Y <strong>qu\u00e9 decir de nuestras bandas<\/strong> que ultiman las marchas montadas en el ultimo a\u00f1o, para que el sonido sepa acallar el llanto de una Madre que amargamente ir\u00e1 detr\u00e1s de su Hijo o los sones templados de los tambores y agudos de las cornetas, tan caracter\u00edsticos de la Semana Santa andaluza.<\/p>\n<p>Nuestra localidad puede y debe presumir de sus m\u00fasicos; <strong>tres bandas de cornetas y tambores<\/strong>, la de la Hermandad de la Borriquita, de la Humildad y la Centuria Romana de Ntro. P. Jes\u00fas. <strong>Una agrupaci\u00f3n musical<\/strong>, la de la Hermandad del Dulce Nombre junto a las <strong>Bandas de M\u00fasica Castillo de la Mota y Villa de Marchena<\/strong> que ha conseguido ser en su trayectoria una magn\u00edfica cantera de estudiosos y estudiantes de la m\u00fasica no s\u00f3lo de Semana Santa.<\/p>\n<p>Marchena cuenta tambi\u00e9n en su calendario con d<strong>os momentos para la glosa po\u00e9tica y la exaltaci\u00f3n<\/strong>.<br \/>\nPor un lado el <strong>Preg\u00f3n de Semana Santa<\/strong> que se celebra el Domingo de Pasi\u00f3n, su organizaci\u00f3n, elecci\u00f3n del pregonero, etc. es uno de los cometidos del Consejo General de Hermandades y Cofrad\u00edas, instituci\u00f3n aglutinadora de las Hermandades, uno de los m\u00e1s antiguos de la Archidiocesis, que se aproxima a los 40 a\u00f1os de existencia.<br \/>\nY por otro lado, <strong>un preg\u00f3n que parte en la d\u00e9cada de los 90 de la Tertulia Cofrade El llamador<\/strong>, y que da la oportunidad a los j\u00f3venes para contar sus vivencias y su forma de ver nuestra Semana Mayor. Es, el preg\u00f3n juvenil, cantera cofrade de nuevos pregoneros y acto en el que se hace entrega de el llamador de plata, galard\u00f3n instituido por la misma tertulia y que premia la labor de particulares y colectivos en nuestra Semana Grande. Tambi\u00e9n, de igual forma los actos que principalmente durante la Cuaresma, organizan otras tertulias ofreciendo una apretada agenda de posibilidades y de sensaciones cofrades, junto a esta Tertulia otras de m\u00e1s reciente creaci\u00f3n que organizan cada a\u00f1o actos que reconocen y ponen en valor nuestra tradici\u00f3n m\u00e1s arraigada.<\/p>\n<\/div>\n<\/div><\/div><\/div><\/div><div id=\"pgc-5021-2-1\"  class=\"panel-grid-cell\" ><div id=\"panel-5021-2-1-0\" class=\"so-panel widget widget_sow-image panel-first-child panel-last-child\" data-index=\"5\" ><div\n\t\t\t\n\t\t\tclass=\"so-widget-sow-image so-widget-sow-image-default-8b5b6f678277-5021\"\n\t\t\t\n\t\t>\n\n<div class=\"sow-image-container\">\n\t\t<img loading=\"lazy\" decoding=\"async\" src=\"https:\/\/turismodemarchena.org\/wp-content\/uploads\/2022\/07\/imgSemanaPasion03.png\" width=\"700\" height=\"700\" srcset=\"https:\/\/turismodemarchena.org\/wp-content\/uploads\/2022\/07\/imgSemanaPasion03.png 700w, https:\/\/turismodemarchena.org\/wp-content\/uploads\/2022\/07\/imgSemanaPasion03-300x300.png 300w, https:\/\/turismodemarchena.org\/wp-content\/uploads\/2022\/07\/imgSemanaPasion03-150x150.png 150w, https:\/\/turismodemarchena.org\/wp-content\/uploads\/2022\/07\/imgSemanaPasion03-450x450.png 450w\" sizes=\"auto, (max-width: 700px) 100vw, 700px\" alt=\"Composici\u00f3n de cinco fotos, en tres de ellas se pueden ver a las bandas de cornetas y tambores de Marchena y a la banda infantil, en las otras dos se pueden ver a los miembros del Consejo General de Hermandades y Cofrad\u00edas as\u00ed como un momento de las tertulias de los cofrades que se celebran durante la Cuaresma.\" \t\tclass=\"so-widget-image\"\/>\n\t<\/div>\n\n<\/div><\/div><\/div><\/div><\/div><div id=\"pg-5021-3\"  class=\"panel-grid panel-has-style\" ><div class=\"u-invertir-orden siteorigin-panels-stretch panel-row-style panel-row-style-for-5021-3\" data-stretch-type=\"full\" ><div id=\"pgc-5021-3-0\"  class=\"panel-grid-cell\" ><div id=\"panel-5021-3-0-0\" class=\"so-panel widget widget_sow-image panel-first-child panel-last-child\" data-index=\"6\" ><div\n\t\t\t\n\t\t\tclass=\"so-widget-sow-image so-widget-sow-image-default-8b5b6f678277-5021\"\n\t\t\t\n\t\t>\n\n<div class=\"sow-image-container\">\n\t\t<img loading=\"lazy\" decoding=\"async\" src=\"https:\/\/turismodemarchena.org\/wp-content\/uploads\/2022\/07\/imgSemanaPasion04.png\" width=\"700\" height=\"700\" srcset=\"https:\/\/turismodemarchena.org\/wp-content\/uploads\/2022\/07\/imgSemanaPasion04.png 700w, https:\/\/turismodemarchena.org\/wp-content\/uploads\/2022\/07\/imgSemanaPasion04-300x300.png 300w, https:\/\/turismodemarchena.org\/wp-content\/uploads\/2022\/07\/imgSemanaPasion04-150x150.png 150w, https:\/\/turismodemarchena.org\/wp-content\/uploads\/2022\/07\/imgSemanaPasion04-450x450.png 450w\" sizes=\"auto, (max-width: 700px) 100vw, 700px\" alt=\"Composici\u00f3n de cinco fotos donde se puede ver la imagen del Sant\u00edsimo Cristo de San Pedro, el traslado de la imagen del Cristo de la Vera-Cruz desde su altar a su paso, el plinto engalanado de la iglesia, las im\u00e1genes de la Vigen y de Jesus durante las Tres Horas de Agon\u00eda de Nuestro Se\u00f1or y una parte de la ceremonia del besapi\u00e9 de Ntro. Padre Jes\u00fas\" \t\tclass=\"so-widget-image\"\/>\n\t<\/div>\n\n<\/div><\/div><\/div><div id=\"pgc-5021-3-1\"  class=\"panel-grid-cell\" ><div id=\"panel-5021-3-1-0\" class=\"so-panel widget widget_sow-editor panel-first-child panel-last-child\" data-index=\"7\" ><div class=\"panel-widget-style panel-widget-style-for-5021-3-1-0\" ><div\n\t\t\t\n\t\t\tclass=\"so-widget-sow-editor so-widget-sow-editor-base\"\n\t\t\t\n\t\t>\n<div class=\"siteorigin-widget-tinymce textwidget\">\n\t<p>Acabando la<strong> Cuaresma llega el Viernes de Dolores<\/strong>. Marchena es otra. Los hermanos se dan cita en sus correspondientes sedes can\u00f3nicas para proceder con una tradici\u00f3n propia, que han forjado y que conservan con una total meticulosidad. El besapi\u00e9 de Ntro. Padre Jes\u00fas precedido de Santa Misa, los traslados de las im\u00e1genes del Se\u00f1or de la Vera-Cruz desde su altar a su paso y el Serm\u00f3n de las Siete Palabras con traslado del Sant\u00edsimo Cristo de San Pedro, a los sones de la capilla musical, quintas y sextas, como intervalos meditativos, un acto intimo de la Hermandad que tiene su ra\u00edz en el ejercicio de las Tres Horas de Agon\u00eda de Nuestro Se\u00f1or; funci\u00f3n de Instituto en Santa Mar\u00eda y en Santa Clara.<\/p>\n<p>Cerrada la hoja del Viernes de Dolores, todo est\u00e1 preparado, todo est\u00e1 en su sitio, esperando con verdadera inquietud los momentos de las <strong>salidas de nuestras Hermandades<\/strong>. Culmina as\u00ed una jornada se\u00f1era en el calendario sentimental de los marcheneros.<\/p>\n<\/div>\n<\/div><\/div><\/div><\/div><\/div><\/div><\/div>","protected":false},"excerpt":{"rendered":"<p>Mucho m\u00e1s que siete d\u00edas La vivencia de la Semana Santa, como ya hemos apuntado, no se circunscribe a siete d\u00edas. Podriamos decir que el calendario cofrade de Marchena se inicia nada m\u00e1s concluir la Navidad. Es cuando se intensifican los sones de las bandas, que apresuran sus ensayos y se quema incienso por doquier,\u2026<\/p>\n","protected":false},"author":1,"featured_media":0,"parent":5013,"menu_order":0,"comment_status":"closed","ping_status":"closed","template":"","meta":{"content-type":"","footnotes":""},"class_list":["post-5021","page","type-page","status-publish","hentry","post"],"acf":[],"yoast_head":"<!-- This site is optimized with the Yoast SEO plugin v19.6.1 - https:\/\/yoast.com\/wordpress\/plugins\/seo\/ -->\n<title>Semaine de la passion - Turismo de Marchena<\/title>\n<meta name=\"description\" content=\"Mucho m\u00e1s que siete d\u00edas La vivencia de la Semana Santa, como ya hemos apuntado, no se circunscribe a siete d\u00edas. Podriamos decir que el calendario\" \/>\n<meta name=\"robots\" content=\"index, follow, max-snippet:-1, max-image-preview:large, max-video-preview:-1\" \/>\n<link rel=\"canonical\" href=\"https:\/\/turismodemarchena.org\/fr\/conoce-marchena\/fiestas-y-tradiciones\/semana-santa\/la-semana-de-pasion\/\" \/>\n<meta property=\"og:locale\" content=\"fr_FR\" \/>\n<meta property=\"og:type\" content=\"article\" \/>\n<meta property=\"og:title\" content=\"Semaine de la passion - Turismo de Marchena\" \/>\n<meta property=\"og:description\" content=\"Mucho m\u00e1s que siete d\u00edas La vivencia de la Semana Santa, como ya hemos apuntado, no se circunscribe a siete d\u00edas. Podriamos decir que el calendario\" \/>\n<meta property=\"og:url\" content=\"https:\/\/turismodemarchena.org\/fr\/conoce-marchena\/fiestas-y-tradiciones\/semana-santa\/la-semana-de-pasion\/\" \/>\n<meta property=\"og:site_name\" content=\"Marchena\" \/>\n<meta property=\"article:modified_time\" content=\"2023-04-05T14:02:42+00:00\" \/>\n<meta name=\"twitter:card\" content=\"summary_large_image\" \/>\n<meta name=\"twitter:label1\" content=\"Dur\u00e9e de lecture estim\u00e9e\" \/>\n\t<meta name=\"twitter:data1\" content=\"4 minutes\" \/>\n<script type=\"application\/ld+json\" class=\"yoast-schema-graph\">{\"@context\":\"https:\/\/schema.org\",\"@graph\":[{\"@type\":\"WebPage\",\"@id\":\"https:\/\/turismodemarchena.org\/fr\/conoce-marchena\/fiestas-y-tradiciones\/semana-santa\/la-semana-de-pasion\/\",\"url\":\"https:\/\/turismodemarchena.org\/fr\/conoce-marchena\/fiestas-y-tradiciones\/semana-santa\/la-semana-de-pasion\/\",\"name\":\"Semaine de la passion - Turismo de Marchena\",\"isPartOf\":{\"@id\":\"https:\/\/turismodemarchena.org\/#website\"},\"datePublished\":\"2022-07-12T09:10:40+00:00\",\"dateModified\":\"2023-04-05T14:02:42+00:00\",\"description\":\"Mucho m\u00e1s que siete d\u00edas La vivencia de la Semana Santa, como ya hemos apuntado, no se circunscribe a siete d\u00edas. Podriamos decir que el calendario\",\"breadcrumb\":{\"@id\":\"https:\/\/turismodemarchena.org\/fr\/conoce-marchena\/fiestas-y-tradiciones\/semana-santa\/la-semana-de-pasion\/#breadcrumb\"},\"inLanguage\":\"fr-FR\",\"potentialAction\":[{\"@type\":\"ReadAction\",\"target\":[\"https:\/\/turismodemarchena.org\/fr\/conoce-marchena\/fiestas-y-tradiciones\/semana-santa\/la-semana-de-pasion\/\"]}]},{\"@type\":\"BreadcrumbList\",\"@id\":\"https:\/\/turismodemarchena.org\/fr\/conoce-marchena\/fiestas-y-tradiciones\/semana-santa\/la-semana-de-pasion\/#breadcrumb\",\"itemListElement\":[{\"@type\":\"ListItem\",\"position\":1,\"name\":\"Home\",\"item\":\"https:\/\/turismodemarchena.org\/fr\/\"},{\"@type\":\"ListItem\",\"position\":2,\"name\":\"Rencontrez Marchena\",\"item\":\"https:\/\/turismodemarchena.org\/fr\/conoce-marchena\/\"},{\"@type\":\"ListItem\",\"position\":3,\"name\":\"F\u00eates et traditions\",\"item\":\"https:\/\/turismodemarchena.org\/fr\/conoce-marchena\/fiestas-y-tradiciones\/\"},{\"@type\":\"ListItem\",\"position\":4,\"name\":\"Semaine Sainte\",\"item\":\"https:\/\/turismodemarchena.org\/fr\/conoce-marchena\/fiestas-y-tradiciones\/semana-santa\/\"},{\"@type\":\"ListItem\",\"position\":5,\"name\":\"Semaine de la passion\"}]},{\"@type\":\"WebSite\",\"@id\":\"https:\/\/turismodemarchena.org\/#website\",\"url\":\"https:\/\/turismodemarchena.org\/\",\"name\":\"Marchena\",\"description\":\"\",\"publisher\":{\"@id\":\"https:\/\/turismodemarchena.org\/#organization\"},\"potentialAction\":[{\"@type\":\"SearchAction\",\"target\":{\"@type\":\"EntryPoint\",\"urlTemplate\":\"https:\/\/turismodemarchena.org\/?s={search_term_string}\"},\"query-input\":\"required name=search_term_string\"}],\"inLanguage\":\"fr-FR\"},{\"@type\":\"Organization\",\"@id\":\"https:\/\/turismodemarchena.org\/#organization\",\"name\":\"Turismo de Marchena\",\"url\":\"https:\/\/turismodemarchena.org\/\",\"sameAs\":[],\"logo\":{\"@type\":\"ImageObject\",\"inLanguage\":\"fr-FR\",\"@id\":\"https:\/\/turismodemarchena.org\/#\/schema\/logo\/image\/\",\"url\":\"https:\/\/turismodemarchena.org\/wp-content\/uploads\/2022\/09\/logoAyuntamientoMarchenaB.png\",\"contentUrl\":\"https:\/\/turismodemarchena.org\/wp-content\/uploads\/2022\/09\/logoAyuntamientoMarchenaB.png\",\"width\":184,\"height\":66,\"caption\":\"Turismo de Marchena\"},\"image\":{\"@id\":\"https:\/\/turismodemarchena.org\/#\/schema\/logo\/image\/\"}}]}<\/script>\n<!-- \/ Yoast SEO plugin. -->","yoast_head_json":{"title":"Semaine de la passion - Turismo de Marchena","description":"Mucho m\u00e1s que siete d\u00edas La vivencia de la Semana Santa, como ya hemos apuntado, no se circunscribe a siete d\u00edas. Podriamos decir que el calendario","robots":{"index":"index","follow":"follow","max-snippet":"max-snippet:-1","max-image-preview":"max-image-preview:large","max-video-preview":"max-video-preview:-1"},"canonical":"https:\/\/turismodemarchena.org\/fr\/conoce-marchena\/fiestas-y-tradiciones\/semana-santa\/la-semana-de-pasion\/","og_locale":"fr_FR","og_type":"article","og_title":"Semaine de la passion - Turismo de Marchena","og_description":"Mucho m\u00e1s que siete d\u00edas La vivencia de la Semana Santa, como ya hemos apuntado, no se circunscribe a siete d\u00edas. Podriamos decir que el calendario","og_url":"https:\/\/turismodemarchena.org\/fr\/conoce-marchena\/fiestas-y-tradiciones\/semana-santa\/la-semana-de-pasion\/","og_site_name":"Marchena","article_modified_time":"2023-04-05T14:02:42+00:00","twitter_card":"summary_large_image","twitter_misc":{"Dur\u00e9e de lecture estim\u00e9e":"4 minutes"},"schema":{"@context":"https:\/\/schema.org","@graph":[{"@type":"WebPage","@id":"https:\/\/turismodemarchena.org\/fr\/conoce-marchena\/fiestas-y-tradiciones\/semana-santa\/la-semana-de-pasion\/","url":"https:\/\/turismodemarchena.org\/fr\/conoce-marchena\/fiestas-y-tradiciones\/semana-santa\/la-semana-de-pasion\/","name":"Semaine de la passion - Turismo de Marchena","isPartOf":{"@id":"https:\/\/turismodemarchena.org\/#website"},"datePublished":"2022-07-12T09:10:40+00:00","dateModified":"2023-04-05T14:02:42+00:00","description":"Mucho m\u00e1s que siete d\u00edas La vivencia de la Semana Santa, como ya hemos apuntado, no se circunscribe a siete d\u00edas. Podriamos decir que el calendario","breadcrumb":{"@id":"https:\/\/turismodemarchena.org\/fr\/conoce-marchena\/fiestas-y-tradiciones\/semana-santa\/la-semana-de-pasion\/#breadcrumb"},"inLanguage":"fr-FR","potentialAction":[{"@type":"ReadAction","target":["https:\/\/turismodemarchena.org\/fr\/conoce-marchena\/fiestas-y-tradiciones\/semana-santa\/la-semana-de-pasion\/"]}]},{"@type":"BreadcrumbList","@id":"https:\/\/turismodemarchena.org\/fr\/conoce-marchena\/fiestas-y-tradiciones\/semana-santa\/la-semana-de-pasion\/#breadcrumb","itemListElement":[{"@type":"ListItem","position":1,"name":"Home","item":"https:\/\/turismodemarchena.org\/fr\/"},{"@type":"ListItem","position":2,"name":"Rencontrez Marchena","item":"https:\/\/turismodemarchena.org\/fr\/conoce-marchena\/"},{"@type":"ListItem","position":3,"name":"F\u00eates et traditions","item":"https:\/\/turismodemarchena.org\/fr\/conoce-marchena\/fiestas-y-tradiciones\/"},{"@type":"ListItem","position":4,"name":"Semaine Sainte","item":"https:\/\/turismodemarchena.org\/fr\/conoce-marchena\/fiestas-y-tradiciones\/semana-santa\/"},{"@type":"ListItem","position":5,"name":"Semaine de la passion"}]},{"@type":"WebSite","@id":"https:\/\/turismodemarchena.org\/#website","url":"https:\/\/turismodemarchena.org\/","name":"Marchena","description":"","publisher":{"@id":"https:\/\/turismodemarchena.org\/#organization"},"potentialAction":[{"@type":"SearchAction","target":{"@type":"EntryPoint","urlTemplate":"https:\/\/turismodemarchena.org\/?s={search_term_string}"},"query-input":"required name=search_term_string"}],"inLanguage":"fr-FR"},{"@type":"Organization","@id":"https:\/\/turismodemarchena.org\/#organization","name":"Turismo de Marchena","url":"https:\/\/turismodemarchena.org\/","sameAs":[],"logo":{"@type":"ImageObject","inLanguage":"fr-FR","@id":"https:\/\/turismodemarchena.org\/#\/schema\/logo\/image\/","url":"https:\/\/turismodemarchena.org\/wp-content\/uploads\/2022\/09\/logoAyuntamientoMarchenaB.png","contentUrl":"https:\/\/turismodemarchena.org\/wp-content\/uploads\/2022\/09\/logoAyuntamientoMarchenaB.png","width":184,"height":66,"caption":"Turismo de Marchena"},"image":{"@id":"https:\/\/turismodemarchena.org\/#\/schema\/logo\/image\/"}}]}},"_links":{"self":[{"href":"https:\/\/turismodemarchena.org\/fr\/wp-json\/wp\/v2\/pages\/5021","targetHints":{"allow":["GET"]}}],"collection":[{"href":"https:\/\/turismodemarchena.org\/fr\/wp-json\/wp\/v2\/pages"}],"about":[{"href":"https:\/\/turismodemarchena.org\/fr\/wp-json\/wp\/v2\/types\/page"}],"author":[{"embeddable":true,"href":"https:\/\/turismodemarchena.org\/fr\/wp-json\/wp\/v2\/users\/1"}],"replies":[{"embeddable":true,"href":"https:\/\/turismodemarchena.org\/fr\/wp-json\/wp\/v2\/comments?post=5021"}],"version-history":[{"count":2,"href":"https:\/\/turismodemarchena.org\/fr\/wp-json\/wp\/v2\/pages\/5021\/revisions"}],"predecessor-version":[{"id":5693,"href":"https:\/\/turismodemarchena.org\/fr\/wp-json\/wp\/v2\/pages\/5021\/revisions\/5693"}],"up":[{"embeddable":true,"href":"https:\/\/turismodemarchena.org\/fr\/wp-json\/wp\/v2\/pages\/5013"}],"wp:attachment":[{"href":"https:\/\/turismodemarchena.org\/fr\/wp-json\/wp\/v2\/media?parent=5021"}],"curies":[{"name":"wp","href":"https:\/\/api.w.org\/{rel}","templated":true}]}}