{"id":4993,"date":"2022-06-28T15:12:21","date_gmt":"2022-06-28T13:12:21","guid":{"rendered":"https:\/\/turismodemarchena.org\/conoce-marchena\/fiestas-y-tradiciones\/"},"modified":"2023-04-05T16:01:17","modified_gmt":"2023-04-05T14:01:17","slug":"fiestas-y-tradiciones","status":"publish","type":"page","link":"https:\/\/turismodemarchena.org\/fr\/conoce-marchena\/fiestas-y-tradiciones\/","title":{"rendered":"F\u00eates et traditions"},"content":{"rendered":"<div id=\"pl-4993\"  class=\"panel-layout\" ><div id=\"pg-4993-0\"  class=\"panel-grid panel-has-style\" ><div class=\"siteorigin-panels-stretch panel-row-style panel-row-style-for-4993-0\" data-stretch-type=\"full\" ><div id=\"pgc-4993-0-0\"  class=\"panel-grid-cell\" ><div id=\"panel-4993-0-0-0\" class=\"so-panel widget widget_sow-editor panel-first-child panel-last-child\" data-index=\"0\" ><div class=\"panel-widget-style panel-widget-style-for-4993-0-0-0\" ><div\n\t\t\t\n\t\t\tclass=\"so-widget-sow-editor so-widget-sow-editor-base\"\n\t\t\t\n\t\t>\n<div class=\"siteorigin-widget-tinymce textwidget\">\n\t<h2>Marchena para vivir y compartir<\/h2>\n<div>\n<p><strong>El calendario festivo en Marchena es extenso y recoge mucho de nuestra forma de ser. <\/strong>Enumeraremos algunas de las manifestaciones festivas aunque, sin duda, haremos una extensa y especial atenci\u00f3n a nuestra Semana Santa.<br \/>\nComenzaremos por <strong>la cabalgata de Reyes (5 de enero)<\/strong>, as\u00ed como por la salida procesional del patr\u00f3n de Marchena, San Sebasti\u00e1n, el 20 de enero.<br \/>\n<strong>El Carnaval<\/strong>, una tradici\u00f3n que ha resurgido con fuerza en los \u00faltimos a\u00f1os en nuestra localidad, se muestra en los escenarios con la intervenci\u00f3n de comparsas, chirigotas y coros.<\/p>\n<p><strong>La Semana Santa de Marchena<\/strong> es, junto con la Feria, la celebraci\u00f3n anual m\u00e1s importante. Est\u00e1 considerada como \u201cde Inter\u00e9s Tur\u00edstico Nacional de Andaluc\u00eda\u201d. Es una celebraci\u00f3n secular, que tiene mucho arraigo entre los marcheneros. El Certamen de Saetas junto con el Preg\u00f3n, adem\u00e1s de muchos actos cofrades organizados por tertulias, nos abren las puertas de nuestra Semana Santa.<\/p>\n<p>Durante la \u00e9poca de las <strong>Cruces de Mayo<\/strong> se celebra, en el barrio Madre de Dios, una verbena muy popular.<br \/>\nOtra celebraci\u00f3n religiosa que ha cobrado un auge muy importante es la celebraci\u00f3n del Corpus Christi, con la implicaci\u00f3n de toda la localidad en el exorno, decoraci\u00f3n y engrandecimiento de fachadas, calles y balcones. Una festividad que se disfruta desde la v\u00edspera.<\/p>\n<p>En <strong>la \u00faltima semana del mes de julio rendimos tributo a la guitarra<\/strong> en un festival flamenco que, cada a\u00f1o, cuenta con las mejores figuras del cante, el baile y el toque. La Marchena flamenca tiene hoy en la Fiesta de la Guitarra su mayor cita anual.<\/p>\n<p><strong>La Feria de Marchena<\/strong> es, como se ha dicho anteriormente y junto con la Semana Santa, la celebraci\u00f3n anual m\u00e1s importante. Tiene lugar coincidiendo con la primer domingo de septiembre. Las primeras cr\u00f3nicas nos hablan de nuestra feria, fundada en 1800, en la que 4500 cabezas de ganado se vend\u00edan en el \"cerro parrita\" (o del berral) aprovechando el agua del \"ba\u00f1o de los caballos\" por donde brotaban las aguas subterr\u00e1neas. Los \u00faltimos datos la datan antes de la de Mairena, siendo una de las m\u00e1s antiguas.<\/p>\n<p><strong>El primer domingo de octubre<\/strong> realiza su salida procesional la patrona de Marchena, <strong>la Virgen del Rosario<\/strong>.<\/p>\n<p>Asimismo, <strong>la Navidad marchenera<\/strong> se adorna con el alumbrado de las calles m\u00e1s c\u00e9ntricas y con el concurso de belenes.<\/p>\n<\/div>\n<\/div>\n<\/div><\/div><\/div><\/div><div id=\"pgc-4993-0-1\"  class=\"panel-grid-cell\" ><div id=\"panel-4993-0-1-0\" class=\"so-panel widget widget_sow-image panel-first-child panel-last-child\" data-index=\"1\" ><div\n\t\t\t\n\t\t\tclass=\"so-widget-sow-image so-widget-sow-image-default-c67d20f9f743-4993\"\n\t\t\t\n\t\t>\n\n<div class=\"sow-image-container\">\n\t\t<img loading=\"lazy\" decoding=\"async\" src=\"https:\/\/turismodemarchena.org\/wp-content\/uploads\/2022\/06\/PEPEMARCHENA.jpg\" width=\"600\" height=\"800\" srcset=\"https:\/\/turismodemarchena.org\/wp-content\/uploads\/2022\/06\/PEPEMARCHENA.jpg 600w, https:\/\/turismodemarchena.org\/wp-content\/uploads\/2022\/06\/PEPEMARCHENA-225x300.jpg 225w, https:\/\/turismodemarchena.org\/wp-content\/uploads\/2022\/06\/PEPEMARCHENA-300x400.jpg 300w\" sizes=\"auto, (max-width: 600px) 100vw, 600px\" alt=\"\" \t\tclass=\"so-widget-image\"\/>\n\t<\/div>\n\n<\/div><\/div><\/div><\/div><\/div><div id=\"pg-4993-1\"  class=\"panel-grid panel-has-style\" ><div class=\"panel-row-style panel-row-style-for-4993-1\" ><div id=\"pgc-4993-1-0\"  class=\"panel-grid-cell panel-grid-cell-empty\" ><\/div><div id=\"pgc-4993-1-1\"  class=\"panel-grid-cell panel-grid-cell-mobile-last\" ><div id=\"panel-4993-1-1-0\" class=\"so-panel widget widget_sow-video panel-first-child panel-last-child\" data-index=\"2\" ><div\n\t\t\t\n\t\t\tclass=\"so-widget-sow-video so-widget-sow-video-default-f379b959fc93-4993\"\n\t\t\t\n\t\t>\n<div class=\"sow-video-wrapper use-fitvids no-controls\">\n\t\t\t<iframe loading=\"lazy\" title=\"Marchena de Arte\" width=\"1140\" height=\"641\" src=\"https:\/\/www.youtube.com\/embed\/gShOPiQy1k8?feature=oembed&enablejsapi=1\" frameborder=\"0\" allow=\"accelerometer; autoplay; clipboard-write; encrypted-media; gyroscope; picture-in-picture; web-share\" referrerpolicy=\"strict-origin-when-cross-origin\" allowfullscreen><\/iframe>\t<\/div>\n<\/div><\/div><\/div><div id=\"pgc-4993-1-2\"  class=\"panel-grid-cell panel-grid-cell-empty\" ><\/div><\/div><\/div><div id=\"pg-4993-2\"  class=\"panel-grid panel-has-style\" ><div class=\"siteorigin-panels-stretch panel-row-style panel-row-style-for-4993-2\" data-stretch-type=\"full\" ><div id=\"pgc-4993-2-0\"  class=\"panel-grid-cell\" ><div id=\"panel-4993-2-0-0\" class=\"so-panel widget widget_sow-editor panel-first-child panel-last-child\" data-index=\"3\" ><div\n\t\t\t\n\t\t\tclass=\"so-widget-sow-editor so-widget-sow-editor-base\"\n\t\t\t\n\t\t>\n<div class=\"siteorigin-widget-tinymce textwidget\">\n\t\n\t\t\t\t<div id=\"niso-carousel-1244\" class=\"owl-carousel niso-carousel owl-theme niso-theme nav3\">\n\t<div class=\"item\"><a href=\"https:\/\/turismodemarchena.org\/wp-content\/uploads\/2022\/06\/corpus2.jpg\" data-lightbox-gallery=\"gallery1244\"><img loading=\"lazy\" decoding=\"async\" width=\"199\" height=\"300\" src=\"https:\/\/turismodemarchena.org\/wp-content\/uploads\/2022\/06\/corpus2-199x300.jpg\" class=\"attachment-medium size-medium\" alt=\"\" srcset=\"https:\/\/turismodemarchena.org\/wp-content\/uploads\/2022\/06\/corpus2-199x300.jpg 199w, https:\/\/turismodemarchena.org\/wp-content\/uploads\/2022\/06\/corpus2.jpg 530w\" sizes=\"auto, (max-width: 199px) 100vw, 199px\" \/><\/a><\/div><div class=\"item\"><a href=\"https:\/\/turismodemarchena.org\/wp-content\/uploads\/2022\/06\/feria-800x500-1.jpg\" data-lightbox-gallery=\"gallery1244\"><img loading=\"lazy\" decoding=\"async\" width=\"300\" height=\"188\" src=\"https:\/\/turismodemarchena.org\/wp-content\/uploads\/2022\/06\/feria-800x500-1-300x188.jpg\" class=\"attachment-medium size-medium\" alt=\"\" srcset=\"https:\/\/turismodemarchena.org\/wp-content\/uploads\/2022\/06\/feria-800x500-1-300x188.jpg 300w, https:\/\/turismodemarchena.org\/wp-content\/uploads\/2022\/06\/feria-800x500-1-768x480.jpg 768w, https:\/\/turismodemarchena.org\/wp-content\/uploads\/2022\/06\/feria-800x500-1.jpg 800w\" sizes=\"auto, (max-width: 300px) 100vw, 300px\" \/><\/a><\/div><div class=\"item\"><a href=\"https:\/\/turismodemarchena.org\/wp-content\/uploads\/2022\/06\/fiestaguitarra.jpg\" data-lightbox-gallery=\"gallery1244\"><img loading=\"lazy\" decoding=\"async\" width=\"211\" height=\"300\" src=\"https:\/\/turismodemarchena.org\/wp-content\/uploads\/2022\/06\/fiestaguitarra-211x300.jpg\" class=\"attachment-medium size-medium\" alt=\"\" srcset=\"https:\/\/turismodemarchena.org\/wp-content\/uploads\/2022\/06\/fiestaguitarra-211x300.jpg 211w, https:\/\/turismodemarchena.org\/wp-content\/uploads\/2022\/06\/fiestaguitarra.jpg 562w\" sizes=\"auto, (max-width: 211px) 100vw, 211px\" \/><\/a><\/div><div class=\"item\"><a href=\"https:\/\/turismodemarchena.org\/wp-content\/uploads\/2022\/06\/navidad-800x500-1.jpg\" data-lightbox-gallery=\"gallery1244\"><img loading=\"lazy\" decoding=\"async\" width=\"300\" height=\"188\" src=\"https:\/\/turismodemarchena.org\/wp-content\/uploads\/2022\/06\/navidad-800x500-1-300x188.jpg\" class=\"attachment-medium size-medium\" alt=\"\" srcset=\"https:\/\/turismodemarchena.org\/wp-content\/uploads\/2022\/06\/navidad-800x500-1-300x188.jpg 300w, https:\/\/turismodemarchena.org\/wp-content\/uploads\/2022\/06\/navidad-800x500-1-768x480.jpg 768w, https:\/\/turismodemarchena.org\/wp-content\/uploads\/2022\/06\/navidad-800x500-1.jpg 800w\" sizes=\"auto, (max-width: 300px) 100vw, 300px\" \/><\/a><\/div><div class=\"item\"><a href=\"https:\/\/turismodemarchena.org\/wp-content\/uploads\/2022\/06\/PEPEMARCHENA-1.jpg\" data-lightbox-gallery=\"gallery1244\"><img loading=\"lazy\" decoding=\"async\" width=\"225\" height=\"300\" src=\"https:\/\/turismodemarchena.org\/wp-content\/uploads\/2022\/06\/PEPEMARCHENA-1-225x300.jpg\" class=\"attachment-medium size-medium\" alt=\"\" srcset=\"https:\/\/turismodemarchena.org\/wp-content\/uploads\/2022\/06\/PEPEMARCHENA-1-225x300.jpg 225w, https:\/\/turismodemarchena.org\/wp-content\/uploads\/2022\/06\/PEPEMARCHENA-1-300x400.jpg 300w, https:\/\/turismodemarchena.org\/wp-content\/uploads\/2022\/06\/PEPEMARCHENA-1.jpg 600w\" sizes=\"auto, (max-width: 225px) 100vw, 225px\" \/><\/a><\/div><div class=\"item\"><a href=\"https:\/\/turismodemarchena.org\/wp-content\/uploads\/2022\/06\/rosario.jpg\" data-lightbox-gallery=\"gallery1244\"><img loading=\"lazy\" decoding=\"async\" width=\"199\" height=\"300\" src=\"https:\/\/turismodemarchena.org\/wp-content\/uploads\/2022\/06\/rosario-199x300.jpg\" class=\"attachment-medium size-medium\" alt=\"\" srcset=\"https:\/\/turismodemarchena.org\/wp-content\/uploads\/2022\/06\/rosario-199x300.jpg 199w, https:\/\/turismodemarchena.org\/wp-content\/uploads\/2022\/06\/rosario.jpg 530w\" sizes=\"auto, (max-width: 199px) 100vw, 199px\" \/><\/a><\/div><div class=\"item\"><a href=\"https:\/\/turismodemarchena.org\/wp-content\/uploads\/2022\/06\/sebastian.jpg\" data-lightbox-gallery=\"gallery1244\"><img loading=\"lazy\" decoding=\"async\" width=\"200\" height=\"300\" src=\"https:\/\/turismodemarchena.org\/wp-content\/uploads\/2022\/06\/sebastian-200x300.jpg\" class=\"attachment-medium size-medium\" alt=\"\" srcset=\"https:\/\/turismodemarchena.org\/wp-content\/uploads\/2022\/06\/sebastian-200x300.jpg 200w, https:\/\/turismodemarchena.org\/wp-content\/uploads\/2022\/06\/sebastian.jpg 534w\" sizes=\"auto, (max-width: 200px) 100vw, 200px\" \/><\/a><\/div><div class=\"item\"><a href=\"https:\/\/turismodemarchena.org\/wp-content\/uploads\/2022\/06\/carnaval.jpg\" data-lightbox-gallery=\"gallery1244\"><img loading=\"lazy\" decoding=\"async\" width=\"300\" height=\"169\" src=\"https:\/\/turismodemarchena.org\/wp-content\/uploads\/2022\/06\/carnaval-300x169.jpg\" class=\"attachment-medium size-medium\" alt=\"\" srcset=\"https:\/\/turismodemarchena.org\/wp-content\/uploads\/2022\/06\/carnaval-300x169.jpg 300w, https:\/\/turismodemarchena.org\/wp-content\/uploads\/2022\/06\/carnaval-768x432.jpg 768w, https:\/\/turismodemarchena.org\/wp-content\/uploads\/2022\/06\/carnaval.jpg 800w\" sizes=\"auto, (max-width: 300px) 100vw, 300px\" \/><\/a><\/div><div class=\"item\"><a href=\"https:\/\/turismodemarchena.org\/wp-content\/uploads\/2022\/06\/carnaval2-800x500-1.jpg\" data-lightbox-gallery=\"gallery1244\"><img loading=\"lazy\" decoding=\"async\" width=\"300\" height=\"188\" src=\"https:\/\/turismodemarchena.org\/wp-content\/uploads\/2022\/06\/carnaval2-800x500-1-300x188.jpg\" class=\"attachment-medium size-medium\" alt=\"\" srcset=\"https:\/\/turismodemarchena.org\/wp-content\/uploads\/2022\/06\/carnaval2-800x500-1-300x188.jpg 300w, https:\/\/turismodemarchena.org\/wp-content\/uploads\/2022\/06\/carnaval2-800x500-1-768x480.jpg 768w, https:\/\/turismodemarchena.org\/wp-content\/uploads\/2022\/06\/carnaval2-800x500-1.jpg 800w\" sizes=\"auto, (max-width: 300px) 100vw, 300px\" \/><\/a><\/div><div class=\"item\"><a href=\"https:\/\/turismodemarchena.org\/wp-content\/uploads\/2022\/06\/corpus.jpg\" data-lightbox-gallery=\"gallery1244\"><img loading=\"lazy\" decoding=\"async\" width=\"199\" height=\"300\" src=\"https:\/\/turismodemarchena.org\/wp-content\/uploads\/2022\/06\/corpus-199x300.jpg\" class=\"attachment-medium size-medium\" alt=\"\" srcset=\"https:\/\/turismodemarchena.org\/wp-content\/uploads\/2022\/06\/corpus-199x300.jpg 199w, https:\/\/turismodemarchena.org\/wp-content\/uploads\/2022\/06\/corpus.jpg 530w\" sizes=\"auto, (max-width: 199px) 100vw, 199px\" \/><\/a><\/div>\t<\/div>\n\t\t\t\t\t\n\t\n\t \n \n \n<\/div>\n<\/div><\/div><\/div><\/div><\/div><\/div>","protected":false},"excerpt":{"rendered":"<p>Marchena para vivir y compartir El calendario festivo en Marchena es extenso y recoge mucho de nuestra forma de ser. Enumeraremos algunas de las manifestaciones festivas aunque, sin duda, haremos una extensa y especial atenci\u00f3n a nuestra Semana Santa. Comenzaremos por la cabalgata de Reyes (5 de enero), as\u00ed como por la salida procesional del\u2026<\/p>\n","protected":false},"author":1,"featured_media":3283,"parent":4955,"menu_order":0,"comment_status":"closed","ping_status":"closed","template":"","meta":{"content-type":"","footnotes":""},"class_list":["post-4993","page","type-page","status-publish","has-post-thumbnail","hentry","post"],"acf":[],"yoast_head":"<!-- This site is optimized with the Yoast SEO plugin v19.6.1 - https:\/\/yoast.com\/wordpress\/plugins\/seo\/ -->\n<title>F\u00eates et traditions - Turismo de Marchena<\/title>\n<meta name=\"description\" content=\"Marchena para vivir y compartir El calendario festivo en Marchena es extenso y recoge mucho de nuestra forma de ser. Enumeraremos algunas de las\" \/>\n<meta name=\"robots\" content=\"index, follow, max-snippet:-1, max-image-preview:large, max-video-preview:-1\" \/>\n<link rel=\"canonical\" href=\"https:\/\/turismodemarchena.org\/fr\/conoce-marchena\/fiestas-y-tradiciones\/\" \/>\n<meta property=\"og:locale\" content=\"fr_FR\" \/>\n<meta property=\"og:type\" content=\"article\" \/>\n<meta property=\"og:title\" content=\"F\u00eates et traditions - Turismo de Marchena\" \/>\n<meta property=\"og:description\" content=\"Marchena para vivir y compartir El calendario festivo en Marchena es extenso y recoge mucho de nuestra forma de ser. Enumeraremos algunas de las\" \/>\n<meta property=\"og:url\" content=\"https:\/\/turismodemarchena.org\/fr\/conoce-marchena\/fiestas-y-tradiciones\/\" \/>\n<meta property=\"og:site_name\" content=\"Marchena\" \/>\n<meta property=\"article:modified_time\" content=\"2023-04-05T14:01:17+00:00\" \/>\n<meta property=\"og:image\" content=\"https:\/\/turismodemarchena.org\/wp-content\/uploads\/2022\/07\/Centuria-romana-2.-Hdad.-Jesu\u0301s-Nazareno.jpg\" \/>\n\t<meta property=\"og:image:width\" content=\"1920\" \/>\n\t<meta property=\"og:image:height\" content=\"1440\" \/>\n\t<meta property=\"og:image:type\" content=\"image\/jpeg\" \/>\n<meta name=\"twitter:card\" content=\"summary_large_image\" \/>\n<meta name=\"twitter:label1\" content=\"Dur\u00e9e de lecture estim\u00e9e\" \/>\n\t<meta name=\"twitter:data1\" content=\"2 minutes\" \/>\n<script type=\"application\/ld+json\" class=\"yoast-schema-graph\">{\"@context\":\"https:\/\/schema.org\",\"@graph\":[{\"@type\":\"WebPage\",\"@id\":\"https:\/\/turismodemarchena.org\/fr\/conoce-marchena\/fiestas-y-tradiciones\/\",\"url\":\"https:\/\/turismodemarchena.org\/fr\/conoce-marchena\/fiestas-y-tradiciones\/\",\"name\":\"F\u00eates et traditions - Turismo de Marchena\",\"isPartOf\":{\"@id\":\"https:\/\/turismodemarchena.org\/#website\"},\"datePublished\":\"2022-06-28T13:12:21+00:00\",\"dateModified\":\"2023-04-05T14:01:17+00:00\",\"description\":\"Marchena para vivir y compartir El calendario festivo en Marchena es extenso y recoge mucho de nuestra forma de ser. Enumeraremos algunas de las\",\"breadcrumb\":{\"@id\":\"https:\/\/turismodemarchena.org\/fr\/conoce-marchena\/fiestas-y-tradiciones\/#breadcrumb\"},\"inLanguage\":\"fr-FR\",\"potentialAction\":[{\"@type\":\"ReadAction\",\"target\":[\"https:\/\/turismodemarchena.org\/fr\/conoce-marchena\/fiestas-y-tradiciones\/\"]}]},{\"@type\":\"BreadcrumbList\",\"@id\":\"https:\/\/turismodemarchena.org\/fr\/conoce-marchena\/fiestas-y-tradiciones\/#breadcrumb\",\"itemListElement\":[{\"@type\":\"ListItem\",\"position\":1,\"name\":\"Home\",\"item\":\"https:\/\/turismodemarchena.org\/fr\/\"},{\"@type\":\"ListItem\",\"position\":2,\"name\":\"Rencontrez Marchena\",\"item\":\"https:\/\/turismodemarchena.org\/fr\/conoce-marchena\/\"},{\"@type\":\"ListItem\",\"position\":3,\"name\":\"F\u00eates et traditions\"}]},{\"@type\":\"WebSite\",\"@id\":\"https:\/\/turismodemarchena.org\/#website\",\"url\":\"https:\/\/turismodemarchena.org\/\",\"name\":\"Marchena\",\"description\":\"\",\"publisher\":{\"@id\":\"https:\/\/turismodemarchena.org\/#organization\"},\"potentialAction\":[{\"@type\":\"SearchAction\",\"target\":{\"@type\":\"EntryPoint\",\"urlTemplate\":\"https:\/\/turismodemarchena.org\/?s={search_term_string}\"},\"query-input\":\"required name=search_term_string\"}],\"inLanguage\":\"fr-FR\"},{\"@type\":\"Organization\",\"@id\":\"https:\/\/turismodemarchena.org\/#organization\",\"name\":\"Turismo de Marchena\",\"url\":\"https:\/\/turismodemarchena.org\/\",\"sameAs\":[],\"logo\":{\"@type\":\"ImageObject\",\"inLanguage\":\"fr-FR\",\"@id\":\"https:\/\/turismodemarchena.org\/#\/schema\/logo\/image\/\",\"url\":\"https:\/\/turismodemarchena.org\/wp-content\/uploads\/2022\/09\/logoAyuntamientoMarchenaB.png\",\"contentUrl\":\"https:\/\/turismodemarchena.org\/wp-content\/uploads\/2022\/09\/logoAyuntamientoMarchenaB.png\",\"width\":184,\"height\":66,\"caption\":\"Turismo de Marchena\"},\"image\":{\"@id\":\"https:\/\/turismodemarchena.org\/#\/schema\/logo\/image\/\"}}]}<\/script>\n<!-- \/ Yoast SEO plugin. -->","yoast_head_json":{"title":"F\u00eates et traditions - Turismo de Marchena","description":"Marchena para vivir y compartir El calendario festivo en Marchena es extenso y recoge mucho de nuestra forma de ser. Enumeraremos algunas de las","robots":{"index":"index","follow":"follow","max-snippet":"max-snippet:-1","max-image-preview":"max-image-preview:large","max-video-preview":"max-video-preview:-1"},"canonical":"https:\/\/turismodemarchena.org\/fr\/conoce-marchena\/fiestas-y-tradiciones\/","og_locale":"fr_FR","og_type":"article","og_title":"F\u00eates et traditions - Turismo de Marchena","og_description":"Marchena para vivir y compartir El calendario festivo en Marchena es extenso y recoge mucho de nuestra forma de ser. Enumeraremos algunas de las","og_url":"https:\/\/turismodemarchena.org\/fr\/conoce-marchena\/fiestas-y-tradiciones\/","og_site_name":"Marchena","article_modified_time":"2023-04-05T14:01:17+00:00","og_image":[{"width":1920,"height":1440,"url":"https:\/\/turismodemarchena.org\/wp-content\/uploads\/2022\/07\/Centuria-romana-2.-Hdad.-Jesu\u0301s-Nazareno.jpg","type":"image\/jpeg"}],"twitter_card":"summary_large_image","twitter_misc":{"Dur\u00e9e de lecture estim\u00e9e":"2 minutes"},"schema":{"@context":"https:\/\/schema.org","@graph":[{"@type":"WebPage","@id":"https:\/\/turismodemarchena.org\/fr\/conoce-marchena\/fiestas-y-tradiciones\/","url":"https:\/\/turismodemarchena.org\/fr\/conoce-marchena\/fiestas-y-tradiciones\/","name":"F\u00eates et traditions - Turismo de Marchena","isPartOf":{"@id":"https:\/\/turismodemarchena.org\/#website"},"datePublished":"2022-06-28T13:12:21+00:00","dateModified":"2023-04-05T14:01:17+00:00","description":"Marchena para vivir y compartir El calendario festivo en Marchena es extenso y recoge mucho de nuestra forma de ser. Enumeraremos algunas de las","breadcrumb":{"@id":"https:\/\/turismodemarchena.org\/fr\/conoce-marchena\/fiestas-y-tradiciones\/#breadcrumb"},"inLanguage":"fr-FR","potentialAction":[{"@type":"ReadAction","target":["https:\/\/turismodemarchena.org\/fr\/conoce-marchena\/fiestas-y-tradiciones\/"]}]},{"@type":"BreadcrumbList","@id":"https:\/\/turismodemarchena.org\/fr\/conoce-marchena\/fiestas-y-tradiciones\/#breadcrumb","itemListElement":[{"@type":"ListItem","position":1,"name":"Home","item":"https:\/\/turismodemarchena.org\/fr\/"},{"@type":"ListItem","position":2,"name":"Rencontrez Marchena","item":"https:\/\/turismodemarchena.org\/fr\/conoce-marchena\/"},{"@type":"ListItem","position":3,"name":"F\u00eates et traditions"}]},{"@type":"WebSite","@id":"https:\/\/turismodemarchena.org\/#website","url":"https:\/\/turismodemarchena.org\/","name":"Marchena","description":"","publisher":{"@id":"https:\/\/turismodemarchena.org\/#organization"},"potentialAction":[{"@type":"SearchAction","target":{"@type":"EntryPoint","urlTemplate":"https:\/\/turismodemarchena.org\/?s={search_term_string}"},"query-input":"required name=search_term_string"}],"inLanguage":"fr-FR"},{"@type":"Organization","@id":"https:\/\/turismodemarchena.org\/#organization","name":"Turismo de Marchena","url":"https:\/\/turismodemarchena.org\/","sameAs":[],"logo":{"@type":"ImageObject","inLanguage":"fr-FR","@id":"https:\/\/turismodemarchena.org\/#\/schema\/logo\/image\/","url":"https:\/\/turismodemarchena.org\/wp-content\/uploads\/2022\/09\/logoAyuntamientoMarchenaB.png","contentUrl":"https:\/\/turismodemarchena.org\/wp-content\/uploads\/2022\/09\/logoAyuntamientoMarchenaB.png","width":184,"height":66,"caption":"Turismo de Marchena"},"image":{"@id":"https:\/\/turismodemarchena.org\/#\/schema\/logo\/image\/"}}]}},"_links":{"self":[{"href":"https:\/\/turismodemarchena.org\/fr\/wp-json\/wp\/v2\/pages\/4993","targetHints":{"allow":["GET"]}}],"collection":[{"href":"https:\/\/turismodemarchena.org\/fr\/wp-json\/wp\/v2\/pages"}],"about":[{"href":"https:\/\/turismodemarchena.org\/fr\/wp-json\/wp\/v2\/types\/page"}],"author":[{"embeddable":true,"href":"https:\/\/turismodemarchena.org\/fr\/wp-json\/wp\/v2\/users\/1"}],"replies":[{"embeddable":true,"href":"https:\/\/turismodemarchena.org\/fr\/wp-json\/wp\/v2\/comments?post=4993"}],"version-history":[{"count":4,"href":"https:\/\/turismodemarchena.org\/fr\/wp-json\/wp\/v2\/pages\/4993\/revisions"}],"predecessor-version":[{"id":5686,"href":"https:\/\/turismodemarchena.org\/fr\/wp-json\/wp\/v2\/pages\/4993\/revisions\/5686"}],"up":[{"embeddable":true,"href":"https:\/\/turismodemarchena.org\/fr\/wp-json\/wp\/v2\/pages\/4955"}],"wp:featuredmedia":[{"embeddable":true,"href":"https:\/\/turismodemarchena.org\/fr\/wp-json\/wp\/v2\/media\/3283"}],"wp:attachment":[{"href":"https:\/\/turismodemarchena.org\/fr\/wp-json\/wp\/v2\/media?parent=4993"}],"curies":[{"name":"wp","href":"https:\/\/api.w.org\/{rel}","templated":true}]}}