{"id":4951,"date":"2021-08-10T11:02:35","date_gmt":"2021-08-10T09:02:35","guid":{"rendered":"https:\/\/turismodemarchena.org\/home\/"},"modified":"2023-04-10T12:32:46","modified_gmt":"2023-04-10T10:32:46","slug":"home","status":"publish","type":"page","link":"https:\/\/turismodemarchena.org\/fr\/","title":{"rendered":"D\u00e9but"},"content":{"rendered":"<div id=\"pl-4951\"  class=\"panel-layout\" ><div id=\"pg-4951-0\"  class=\"panel-grid panel-has-style\" ><div class=\"c-cabecera-home siteorigin-panels-stretch panel-row-style panel-row-style-for-4951-0\" data-stretch-type=\"full\" ><div id=\"pgc-4951-0-0\"  class=\"panel-grid-cell\" ><div class=\"banda-medium panel-cell-style panel-cell-style-for-4951-0-0\" ><div id=\"panel-4951-0-0-0\" class=\"so-panel widget widget_sow-editor panel-first-child\" data-index=\"0\" ><div\n\t\t\t\n\t\t\tclass=\"so-widget-sow-editor so-widget-sow-editor-base\"\n\t\t\t\n\t\t>\n<div class=\"siteorigin-widget-tinymce textwidget\">\n\t<h1 style=\"text-align: center;\">Marchena<br \/><span class=\"text-white\">Esencia de Andaluc\u00eda<br \/><\/span><\/h1>\n<p style=\"text-align: center;\"><span class=\"text-white\">Marchena es uno de los pueblos monumentales de la Campi\u00f1a Sevillana, con un pasado espl\u00e9ndido relacionado con su estatus de villa se\u00f1orial.<\/span><\/p>\n<\/div>\n<\/div><\/div><div id=\"panel-4951-0-0-1\" class=\"so-panel widget widget_sow-button panel-last-child\" data-index=\"1\" ><div\n\t\t\t\n\t\t\tclass=\"so-widget-sow-button so-widget-sow-button-atom-81b2cf8df2d2-4951\"\n\t\t\t\n\t\t><div class=\"ow-button-base ow-button-align-center\">\n\t<a\n\thref=\"\/conoce-marchena\/historia\/\"\n\t\tclass=\"button-link ow-icon-placement-left ow-button-hover\" \t>\n\t\t<span>\n\t\t\t\n\t\t\tNuestra historia\t\t<\/span>\n\t<\/a>\n<\/div>\n<\/div><\/div><\/div><\/div><\/div><\/div><div id=\"pg-4951-1\"  class=\"panel-grid panel-has-style\" ><div class=\"siteorigin-panels-stretch panel-row-style panel-row-style-for-4951-1\" data-stretch-type=\"full\" ><div id=\"pgc-4951-1-0\"  class=\"panel-grid-cell\" ><div id=\"panel-4951-1-0-0\" class=\"so-panel widget widget_sow-editor panel-first-child\" data-index=\"2\" ><div\n\t\t\t\n\t\t\tclass=\"so-widget-sow-editor so-widget-sow-editor-base\"\n\t\t\t\n\t\t>\n<div class=\"siteorigin-widget-tinymce textwidget\">\n\t<h1>Marchena<br \/><span class=\"text-white\">Esencia de Andaluc\u00eda<br \/><\/span><\/h1>\n<p><span class=\"text-white\">Marchena es uno de los pueblos monumentales de la Campi\u00f1a Sevillana, con un pasado espl\u00e9ndido relacionado con su estatus de villa se\u00f1orial.<\/span><\/p>\n<\/div>\n<\/div><\/div><div id=\"panel-4951-1-0-1\" class=\"so-panel widget widget_sow-button panel-last-child\" data-index=\"3\" ><div\n\t\t\t\n\t\t\tclass=\"so-widget-sow-button so-widget-sow-button-atom-6737db61da6f-4951\"\n\t\t\t\n\t\t><div class=\"ow-button-base ow-button-align-left\">\n\t<a\n\thref=\"\/conoce-marchena\/historia\/\"\n\t\tclass=\"button-link ow-icon-placement-left ow-button-hover\" \t>\n\t\t<span>\n\t\t\t\n\t\t\tNuestra historia\t\t<\/span>\n\t<\/a>\n<\/div>\n<\/div><\/div><\/div><div id=\"pgc-4951-1-1\"  class=\"panel-grid-cell\" ><div id=\"panel-4951-1-1-0\" class=\"so-panel widget widget_sow-image panel-first-child panel-last-child\" data-index=\"4\" ><div\n\t\t\t\n\t\t\tclass=\"so-widget-sow-image so-widget-sow-image-default-8b5b6f678277-4951\"\n\t\t\t\n\t\t>\n\n<div class=\"sow-image-container\">\n\t\t<img loading=\"lazy\" decoding=\"async\" src=\"https:\/\/turismodemarchena.org\/wp-content\/uploads\/2022\/06\/imgCabeceraHome.png\" width=\"586\" height=\"436\" srcset=\"https:\/\/turismodemarchena.org\/wp-content\/uploads\/2022\/06\/imgCabeceraHome.png 586w, https:\/\/turismodemarchena.org\/wp-content\/uploads\/2022\/06\/imgCabeceraHome-300x223.png 300w\" sizes=\"auto, (max-width: 586px) 100vw, 586px\" alt=\"Dos fotograf\u00edas del Ayuntamiento de Marchena en las que se pueden ver dos vistas distintas del municipio\" \t\tclass=\"so-widget-image\"\/>\n\t<\/div>\n\n<\/div><\/div><\/div><\/div><\/div><div id=\"pg-4951-2\"  class=\"panel-grid panel-has-style\" ><div class=\"vertical-align--center c-destacado siteorigin-panels-stretch panel-row-style panel-row-style-for-4951-2\" data-stretch-type=\"full\" ><div id=\"pgc-4951-2-0\"  class=\"panel-grid-cell\" ><div id=\"panel-4951-2-0-0\" class=\"so-panel widget widget_sow-image panel-first-child panel-last-child\" data-index=\"5\" ><div class=\"u-sombra-izda panel-widget-style panel-widget-style-for-4951-2-0-0\" ><div\n\t\t\t\n\t\t\tclass=\"so-widget-sow-image so-widget-sow-image-default-c67d20f9f743-4951\"\n\t\t\t\n\t\t>\n\n<div class=\"sow-image-container\">\n\t\t<img loading=\"lazy\" decoding=\"async\" src=\"https:\/\/turismodemarchena.org\/wp-content\/uploads\/2022\/06\/imgDestacado01.jpg\" width=\"400\" height=\"533\" srcset=\"https:\/\/turismodemarchena.org\/wp-content\/uploads\/2022\/06\/imgDestacado01.jpg 400w, https:\/\/turismodemarchena.org\/wp-content\/uploads\/2022\/06\/imgDestacado01-225x300.jpg 225w, https:\/\/turismodemarchena.org\/wp-content\/uploads\/2022\/06\/imgDestacado01-300x400.jpg 300w\" sizes=\"auto, (max-width: 400px) 100vw, 400px\" title=\"EL TITULAR SE RESERVA EL DERECHO DE AUTOR SOBRE LA IMAGEN, PUDIENDO HACER USO DE ELLA PARA LOS FINES QUE ESTIME CONVENIENTE. LA POSESION POR OTRA PERSONA NO IMPLICA EL DISPONER DE LOS CITADOS DERECHOS.\" alt=\"Muralla medieval\" \t\tclass=\"so-widget-image\"\/>\n\t<\/div>\n\n<\/div><\/div><\/div><\/div><div id=\"pgc-4951-2-1\"  class=\"panel-grid-cell\" ><div id=\"panel-4951-2-1-0\" class=\"so-panel widget widget_sow-editor panel-first-child panel-last-child\" data-index=\"6\" ><div class=\"c-destacado-texto panel-widget-style panel-widget-style-for-4951-2-1-0\" ><div\n\t\t\t\n\t\t\tclass=\"so-widget-sow-editor so-widget-sow-editor-base\"\n\t\t\t\n\t\t>\n<div class=\"siteorigin-widget-tinymce textwidget\">\n\t<p>Ciudad monumental<\/p>\n<h2>Marchena, un patrimonio al descubierto<\/h2>\n<p>Marchena disfruta de una de las mayores concentraciones de patrimonio arquitect\u00f3nico de toda la provincia. Una historia densa y llena de vicisitudes ha dejado en este pueblo huellas indelebles que ni el tiempo ni la desidia han sido, afortunadamente, capaces de borrar y que ofrecen hoy a propios y extra\u00f1os testimonios art\u00edsticos de muy variado origen. La cultura romana, la cultura isl\u00e1mica, el cristianismo, el renacimiento, el barroco, la arquitectura dieciochesca... Todo est\u00e1 presente en sus calles y templos.<\/p>\n<p><a class=\"link-text\" href=\"\/conoce-marchena\/ciudad-monumental\/\">Saber m\u00e1s<\/a><\/p>\n<\/div>\n<\/div><\/div><\/div><\/div><\/div><\/div><div id=\"pg-4951-3\"  class=\"panel-grid panel-no-style\" ><div id=\"pgc-4951-3-0\"  class=\"panel-grid-cell\" ><div id=\"panel-4951-3-0-0\" class=\"so-panel widget widget_sow-editor panel-first-child panel-last-child\" data-index=\"7\" ><div\n\t\t\t\n\t\t\tclass=\"so-widget-sow-editor so-widget-sow-editor-base\"\n\t\t\t\n\t\t>\n<div class=\"siteorigin-widget-tinymce textwidget\">\n\t<p style=\"text-align: center;\">Marchena<\/p>\n<h2 style=\"text-align: center;\">Siglos de historia nos contemplan<\/h2>\n<\/div>\n<\/div><\/div><\/div><\/div><div id=\"pg-4951-4\"  class=\"panel-grid panel-has-style\" ><div class=\"c-destacado-3 siteorigin-panels-stretch panel-row-style panel-row-style-for-4951-4\" data-stretch-type=\"full-stretched\" ><div id=\"pgc-4951-4-0\"  class=\"panel-grid-cell\" ><div id=\"panel-4951-4-0-0\" class=\"so-panel widget widget_sow-image panel-first-child panel-last-child\" data-index=\"8\" ><div\n\t\t\t\n\t\t\tclass=\"so-widget-sow-image so-widget-sow-image-default-dbf295114b96-4951\"\n\t\t\t\n\t\t>\n\n<div class=\"sow-image-container\">\n\t\t\t<a href=\"\/conoce-marchena\/historia\/\"\n\t\t\t\t\t>\n\t\t\t<img loading=\"lazy\" decoding=\"async\" src=\"https:\/\/turismodemarchena.org\/wp-content\/uploads\/2022\/06\/imgDestacado02.jpg\" width=\"640\" height=\"607\" srcset=\"https:\/\/turismodemarchena.org\/wp-content\/uploads\/2022\/06\/imgDestacado02.jpg 640w, https:\/\/turismodemarchena.org\/wp-content\/uploads\/2022\/06\/imgDestacado02-300x285.jpg 300w\" sizes=\"auto, (max-width: 640px) 100vw, 640px\" title=\"La Ciudad\" alt=\"Fachada del ayuntamiento\" \t\tclass=\"so-widget-image\"\/>\n\t<\/a><\/div>\n\n<h3 class=\"widget-title\">\t\t<a href=\"\/conoce-marchena\/historia\/\"\n\t\t\t\t\t>\n\t\tLa Ciudad<\/a><\/h3><\/div><\/div><\/div><div id=\"pgc-4951-4-1\"  class=\"panel-grid-cell\" ><div id=\"panel-4951-4-1-0\" class=\"so-panel widget widget_sow-image panel-first-child panel-last-child\" data-index=\"9\" ><div\n\t\t\t\n\t\t\tclass=\"so-widget-sow-image so-widget-sow-image-default-dbf295114b96-4951\"\n\t\t\t\n\t\t>\n\n<div class=\"sow-image-container\">\n\t\t\t<a href=\"\/conoce-marchena\/ciudad-monumental\/\"\n\t\t\t\t\t>\n\t\t\t<img loading=\"lazy\" decoding=\"async\" src=\"https:\/\/turismodemarchena.org\/wp-content\/uploads\/2022\/06\/imgDestacado03.jpg\" width=\"640\" height=\"607\" srcset=\"https:\/\/turismodemarchena.org\/wp-content\/uploads\/2022\/06\/imgDestacado03.jpg 640w, https:\/\/turismodemarchena.org\/wp-content\/uploads\/2022\/06\/imgDestacado03-300x285.jpg 300w\" sizes=\"auto, (max-width: 640px) 100vw, 640px\" title=\"\u00bfQu\u00e9 visitar?\" alt=\"Vista de la iglesia desde la torre\" \t\tclass=\"so-widget-image\"\/>\n\t<\/a><\/div>\n\n<h3 class=\"widget-title\">\t\t<a href=\"\/conoce-marchena\/ciudad-monumental\/\"\n\t\t\t\t\t>\n\t\t\u00bfQu\u00e9 visitar?<\/a><\/h3><\/div><\/div><\/div><div id=\"pgc-4951-4-2\"  class=\"panel-grid-cell\" ><div id=\"panel-4951-4-2-0\" class=\"so-panel widget widget_sow-image panel-first-child panel-last-child\" data-index=\"10\" ><div\n\t\t\t\n\t\t\tclass=\"so-widget-sow-image so-widget-sow-image-default-dbf295114b96-4951\"\n\t\t\t\n\t\t>\n\n<div class=\"sow-image-container\">\n\t\t\t<a href=\"\/conoce-marchena\/fiestas-y-tradiciones\/\"\n\t\t\t\t\t>\n\t\t\t<img loading=\"lazy\" decoding=\"async\" src=\"https:\/\/turismodemarchena.org\/wp-content\/uploads\/2022\/06\/imgDestacado04.jpg\" width=\"640\" height=\"607\" srcset=\"https:\/\/turismodemarchena.org\/wp-content\/uploads\/2022\/06\/imgDestacado04.jpg 640w, https:\/\/turismodemarchena.org\/wp-content\/uploads\/2022\/06\/imgDestacado04-300x285.jpg 300w\" sizes=\"auto, (max-width: 640px) 100vw, 640px\" title=\"\u00bfQu\u00e9 hacer?\" alt=\"Vista de la iglesia y de parte del municipio\" \t\tclass=\"so-widget-image\"\/>\n\t<\/a><\/div>\n\n<h3 class=\"widget-title\">\t\t<a href=\"\/conoce-marchena\/fiestas-y-tradiciones\/\"\n\t\t\t\t\t>\n\t\t\u00bfQu\u00e9 hacer?<\/a><\/h3><\/div><\/div><\/div><\/div><\/div><div id=\"pg-4951-5\"  class=\"panel-grid panel-has-style\" ><div class=\"siteorigin-panels-stretch panel-row-style panel-row-style-for-4951-5\" data-stretch-type=\"full\" ><div id=\"pgc-4951-5-0\"  class=\"panel-grid-cell\" ><div id=\"panel-4951-5-0-0\" class=\"so-panel widget widget_sow-editor panel-first-child\" data-index=\"11\" ><div\n\t\t\t\n\t\t\tclass=\"so-widget-sow-editor so-widget-sow-editor-base\"\n\t\t\t\n\t\t>\n<div class=\"siteorigin-widget-tinymce textwidget\">\n\t<p style=\"text-align: center;\"><span class=\"text-white\">Ubicaci\u00f3n<\/span><\/p>\n<h2 style=\"text-align: center;\"><span class=\"text-white\">Localizar Marchena<br \/><\/span><\/h2>\n<\/div>\n<\/div><\/div><div id=\"panel-4951-5-0-1\" class=\"so-panel widget widget_sow-button panel-last-child\" data-index=\"12\" ><div\n\t\t\t\n\t\t\tclass=\"so-widget-sow-button so-widget-sow-button-atom-f54c0409268f-4951\"\n\t\t\t\n\t\t><div class=\"ow-button-base ow-button-align-center\">\n\t<a\n\thref=\"\/como-llegar\/\"\n\t\tclass=\"button-link ow-icon-placement-left ow-button-hover\" \t>\n\t\t<span>\n\t\t\t\n\t\t\tD\u00f3nde estamos\t\t<\/span>\n\t<\/a>\n<\/div>\n<\/div><\/div><\/div><\/div><\/div><div id=\"pg-4951-6\"  class=\"panel-grid panel-has-style\" ><div class=\"c-fondo-destacado siteorigin-panels-stretch panel-row-style panel-row-style-for-4951-6\" data-stretch-type=\"full\" ><div id=\"pgc-4951-6-0\"  class=\"panel-grid-cell\" ><div id=\"panel-4951-6-0-0\" class=\"so-panel widget widget_sow-editor panel-first-child\" data-index=\"13\" ><div\n\t\t\t\n\t\t\tclass=\"so-widget-sow-editor so-widget-sow-editor-base\"\n\t\t\t\n\t\t>\n<div class=\"siteorigin-widget-tinymce textwidget\">\n\t<p style=\"text-align: center;\"><span class=\"text-white\">Fiestas y tradiciones<\/span><\/p>\n<h2 style=\"text-align: center;\"><span class=\"text-white\">La Semana Santa de Marchena<br \/><\/span><\/h2>\n<p style=\"text-align: center;\"><span class=\"text-white\">Religiosidad, identidad, cultura y tradici\u00f3n<br \/><\/span><\/p>\n<\/div>\n<\/div><\/div><div id=\"panel-4951-6-0-1\" class=\"so-panel widget widget_sow-button panel-last-child\" data-index=\"14\" ><div\n\t\t\t\n\t\t\tclass=\"so-widget-sow-button so-widget-sow-button-atom-f54c0409268f-4951\"\n\t\t\t\n\t\t><div class=\"ow-button-base ow-button-align-center\">\n\t<a\n\thref=\"\/conoce-marchena\/fiestas-y-tradiciones\/semana-santa\/\"\n\t\tclass=\"button-link ow-icon-placement-left ow-button-hover\" \t>\n\t\t<span>\n\t\t\t\n\t\t\tVer m\u00e1s\t\t<\/span>\n\t<\/a>\n<\/div>\n<\/div><\/div><\/div><\/div><\/div><\/div>","protected":false},"excerpt":{"rendered":"<p>MarchenaEsencia de Andaluc\u00edaMarchena es uno de los pueblos monumentales de la Campi\u00f1a Sevillana, con un pasado espl\u00e9ndido relacionado con su estatus de villa se\u00f1orial. MarchenaEsencia de Andaluc\u00edaMarchena es uno de los pueblos monumentales de la Campi\u00f1a Sevillana, con un pasado espl\u00e9ndido relacionado con su estatus de villa se\u00f1orial.<\/p>\n","protected":false},"author":1,"featured_media":0,"parent":0,"menu_order":0,"comment_status":"closed","ping_status":"closed","template":"","meta":{"content-type":"","footnotes":""},"class_list":["post-4951","page","type-page","status-publish","hentry","post"],"acf":[],"yoast_head":"<!-- This site is optimized with the Yoast SEO plugin v19.6.1 - https:\/\/yoast.com\/wordpress\/plugins\/seo\/ -->\n<title>Turismo de Marchena | Web Oficial<\/title>\n<meta name=\"description\" content=\"Web Oficial del Ayuntamiento de Marchena dedicada a la promoci\u00f3n del Turismo de nuestra localidad | Visita Nuestra Web\" \/>\n<meta name=\"robots\" content=\"index, follow, max-snippet:-1, max-image-preview:large, max-video-preview:-1\" \/>\n<link rel=\"canonical\" href=\"https:\/\/turismodemarchena.org\/fr\/\" \/>\n<meta property=\"og:locale\" content=\"fr_FR\" \/>\n<meta property=\"og:type\" content=\"article\" \/>\n<meta property=\"og:title\" content=\"Turismo de Marchena | Web Oficial\" \/>\n<meta property=\"og:description\" content=\"Web Oficial del Ayuntamiento de Marchena dedicada a la promoci\u00f3n del Turismo de nuestra localidad | Visita Nuestra Web\" \/>\n<meta property=\"og:url\" content=\"https:\/\/turismodemarchena.org\/fr\/\" \/>\n<meta property=\"og:site_name\" content=\"Marchena\" \/>\n<meta property=\"article:modified_time\" content=\"2023-04-10T10:32:46+00:00\" \/>\n<meta name=\"twitter:card\" content=\"summary_large_image\" \/>\n<meta name=\"twitter:label1\" content=\"Dur\u00e9e de lecture estim\u00e9e\" \/>\n\t<meta name=\"twitter:data1\" content=\"1 minute\" \/>\n<script type=\"application\/ld+json\" class=\"yoast-schema-graph\">{\"@context\":\"https:\/\/schema.org\",\"@graph\":[{\"@type\":\"WebPage\",\"@id\":\"https:\/\/turismodemarchena.org\/fr\/\",\"url\":\"https:\/\/turismodemarchena.org\/fr\/\",\"name\":\"Turismo de Marchena | Web Oficial\",\"isPartOf\":{\"@id\":\"https:\/\/turismodemarchena.org\/#website\"},\"datePublished\":\"2021-08-10T09:02:35+00:00\",\"dateModified\":\"2023-04-10T10:32:46+00:00\",\"description\":\"Web Oficial del Ayuntamiento de Marchena dedicada a la promoci\u00f3n del Turismo de nuestra localidad | Visita Nuestra Web\",\"breadcrumb\":{\"@id\":\"https:\/\/turismodemarchena.org\/fr\/#breadcrumb\"},\"inLanguage\":\"fr-FR\",\"potentialAction\":[{\"@type\":\"ReadAction\",\"target\":[\"https:\/\/turismodemarchena.org\/fr\/\"]}]},{\"@type\":\"BreadcrumbList\",\"@id\":\"https:\/\/turismodemarchena.org\/fr\/#breadcrumb\",\"itemListElement\":[{\"@type\":\"ListItem\",\"position\":1,\"name\":\"Home\",\"item\":\"https:\/\/turismodemarchena.org\/fr\/\"},{\"@type\":\"ListItem\",\"position\":2,\"name\":\"D\u00e9but\"}]},{\"@type\":\"WebSite\",\"@id\":\"https:\/\/turismodemarchena.org\/#website\",\"url\":\"https:\/\/turismodemarchena.org\/\",\"name\":\"Marchena\",\"description\":\"\",\"publisher\":{\"@id\":\"https:\/\/turismodemarchena.org\/#organization\"},\"potentialAction\":[{\"@type\":\"SearchAction\",\"target\":{\"@type\":\"EntryPoint\",\"urlTemplate\":\"https:\/\/turismodemarchena.org\/?s={search_term_string}\"},\"query-input\":\"required name=search_term_string\"}],\"inLanguage\":\"fr-FR\"},{\"@type\":\"Organization\",\"@id\":\"https:\/\/turismodemarchena.org\/#organization\",\"name\":\"Turismo de Marchena\",\"url\":\"https:\/\/turismodemarchena.org\/\",\"sameAs\":[],\"logo\":{\"@type\":\"ImageObject\",\"inLanguage\":\"fr-FR\",\"@id\":\"https:\/\/turismodemarchena.org\/#\/schema\/logo\/image\/\",\"url\":\"https:\/\/turismodemarchena.org\/wp-content\/uploads\/2022\/09\/logoAyuntamientoMarchenaB.png\",\"contentUrl\":\"https:\/\/turismodemarchena.org\/wp-content\/uploads\/2022\/09\/logoAyuntamientoMarchenaB.png\",\"width\":184,\"height\":66,\"caption\":\"Turismo de Marchena\"},\"image\":{\"@id\":\"https:\/\/turismodemarchena.org\/#\/schema\/logo\/image\/\"}}]}<\/script>\n<!-- \/ Yoast SEO plugin. -->","yoast_head_json":{"title":"Turismo de Marchena | Web Oficial","description":"Web Oficial del Ayuntamiento de Marchena dedicada a la promoci\u00f3n del Turismo de nuestra localidad | Visita Nuestra Web","robots":{"index":"index","follow":"follow","max-snippet":"max-snippet:-1","max-image-preview":"max-image-preview:large","max-video-preview":"max-video-preview:-1"},"canonical":"https:\/\/turismodemarchena.org\/fr\/","og_locale":"fr_FR","og_type":"article","og_title":"Turismo de Marchena | Web Oficial","og_description":"Web Oficial del Ayuntamiento de Marchena dedicada a la promoci\u00f3n del Turismo de nuestra localidad | Visita Nuestra Web","og_url":"https:\/\/turismodemarchena.org\/fr\/","og_site_name":"Marchena","article_modified_time":"2023-04-10T10:32:46+00:00","twitter_card":"summary_large_image","twitter_misc":{"Dur\u00e9e de lecture estim\u00e9e":"1 minute"},"schema":{"@context":"https:\/\/schema.org","@graph":[{"@type":"WebPage","@id":"https:\/\/turismodemarchena.org\/fr\/","url":"https:\/\/turismodemarchena.org\/fr\/","name":"Turismo de Marchena | Web Oficial","isPartOf":{"@id":"https:\/\/turismodemarchena.org\/#website"},"datePublished":"2021-08-10T09:02:35+00:00","dateModified":"2023-04-10T10:32:46+00:00","description":"Web Oficial del Ayuntamiento de Marchena dedicada a la promoci\u00f3n del Turismo de nuestra localidad | Visita Nuestra Web","breadcrumb":{"@id":"https:\/\/turismodemarchena.org\/fr\/#breadcrumb"},"inLanguage":"fr-FR","potentialAction":[{"@type":"ReadAction","target":["https:\/\/turismodemarchena.org\/fr\/"]}]},{"@type":"BreadcrumbList","@id":"https:\/\/turismodemarchena.org\/fr\/#breadcrumb","itemListElement":[{"@type":"ListItem","position":1,"name":"Home","item":"https:\/\/turismodemarchena.org\/fr\/"},{"@type":"ListItem","position":2,"name":"D\u00e9but"}]},{"@type":"WebSite","@id":"https:\/\/turismodemarchena.org\/#website","url":"https:\/\/turismodemarchena.org\/","name":"Marchena","description":"","publisher":{"@id":"https:\/\/turismodemarchena.org\/#organization"},"potentialAction":[{"@type":"SearchAction","target":{"@type":"EntryPoint","urlTemplate":"https:\/\/turismodemarchena.org\/?s={search_term_string}"},"query-input":"required name=search_term_string"}],"inLanguage":"fr-FR"},{"@type":"Organization","@id":"https:\/\/turismodemarchena.org\/#organization","name":"Turismo de Marchena","url":"https:\/\/turismodemarchena.org\/","sameAs":[],"logo":{"@type":"ImageObject","inLanguage":"fr-FR","@id":"https:\/\/turismodemarchena.org\/#\/schema\/logo\/image\/","url":"https:\/\/turismodemarchena.org\/wp-content\/uploads\/2022\/09\/logoAyuntamientoMarchenaB.png","contentUrl":"https:\/\/turismodemarchena.org\/wp-content\/uploads\/2022\/09\/logoAyuntamientoMarchenaB.png","width":184,"height":66,"caption":"Turismo de Marchena"},"image":{"@id":"https:\/\/turismodemarchena.org\/#\/schema\/logo\/image\/"}}]}},"_links":{"self":[{"href":"https:\/\/turismodemarchena.org\/fr\/wp-json\/wp\/v2\/pages\/4951","targetHints":{"allow":["GET"]}}],"collection":[{"href":"https:\/\/turismodemarchena.org\/fr\/wp-json\/wp\/v2\/pages"}],"about":[{"href":"https:\/\/turismodemarchena.org\/fr\/wp-json\/wp\/v2\/types\/page"}],"author":[{"embeddable":true,"href":"https:\/\/turismodemarchena.org\/fr\/wp-json\/wp\/v2\/users\/1"}],"replies":[{"embeddable":true,"href":"https:\/\/turismodemarchena.org\/fr\/wp-json\/wp\/v2\/comments?post=4951"}],"version-history":[{"count":5,"href":"https:\/\/turismodemarchena.org\/fr\/wp-json\/wp\/v2\/pages\/4951\/revisions"}],"predecessor-version":[{"id":5905,"href":"https:\/\/turismodemarchena.org\/fr\/wp-json\/wp\/v2\/pages\/4951\/revisions\/5905"}],"wp:attachment":[{"href":"https:\/\/turismodemarchena.org\/fr\/wp-json\/wp\/v2\/media?parent=4951"}],"curies":[{"name":"wp","href":"https:\/\/api.w.org\/{rel}","templated":true}]}}