{"id":5100,"date":"2021-08-11T11:07:48","date_gmt":"2021-08-11T09:07:48","guid":{"rendered":"https:\/\/turismodemarchena.org\/politica-de-privacidad\/"},"modified":"2023-04-04T12:37:30","modified_gmt":"2023-04-04T10:37:30","slug":"politica-de-privacidad","status":"publish","type":"page","link":"https:\/\/turismodemarchena.org\/en\/politica-de-privacidad\/","title":{"rendered":"Privacy Policy"},"content":{"rendered":"<div id=\"pl-5100\"  class=\"panel-layout\" ><div id=\"pg-5100-0\"  class=\"panel-grid panel-has-style\" ><div class=\"panel-row-style panel-row-style-for-5100-0\" ><div id=\"pgc-5100-0-0\"  class=\"panel-grid-cell\" ><div id=\"panel-5100-0-0-0\" class=\"so-panel widget widget_sow-editor panel-first-child panel-last-child\" data-index=\"0\" ><div\n\t\t\t\n\t\t\tclass=\"so-widget-sow-editor so-widget-sow-editor-base\"\n\t\t\t\n\t\t>\n<div class=\"siteorigin-widget-tinymce textwidget\">\n\t<p>Las presentes disposiciones regulan el uso del servicio de la pagina web que <strong>Turismo de Marchena<\/strong> - <strong>Ayuntamiento de Marchena<\/strong> pone a disposici\u00f3n de los Usuarios de Internet.<\/p>\n<p>&nbsp;<\/p>\n<p><b>Datos identificativos del titular de la web<\/b><\/p>\n<p>En cumplimiento del deber de informaci\u00f3n estipulado en el art\u00edculo 10 de la Ley 34\/2002 de 11 de julio de Servicios de la Sociedad de la Informaci\u00f3n y de Comercio Electr\u00f3nico, se comunica que la presente web es titularidad de la siguiente entidad:<\/p>\n<p>Excmo. Ayuntamiento de Marchena - Plaza del Ayuntamiento 1 - CIF: P4106000E Tlfno. 955321010 \/ Extensi\u00f3n: 41620-Marchena (Sevilla)<\/p>\n<p>&nbsp;<\/p>\n<p><b>Definiciones<\/b><\/p>\n<p>P\u00e1gina: dominio www.turismodemarchena.org con los servicios propios de la entidad que se pone a disposici\u00f3n de los Usuarios de Internet.<\/p>\n<p>Usuario: persona f\u00edsica que navega por la p\u00e1gina, en su nombre o en nombre de la persona jur\u00eddica que represente.<\/p>\n<p>Contenido: es la informaci\u00f3n y los servicios que el Despacho pone a disposici\u00f3n de los usuarios de Internet, este t\u00e9rmino incluye los mensajes, textos, fotograf\u00edas, logos, links, archivos y en general cualquier material contenido en la p\u00e1gina.<\/p>\n<p>Web: t\u00e9rmino t\u00e9cnico que describe el sistema de acceso a la informaci\u00f3n v\u00eda Internet, que se configura por medio de p\u00e1ginas confeccionadas con lenguaje HTML o similar y mecanismos de programaci\u00f3n. A trav\u00e9s de estas p\u00e1ginas dise\u00f1adas el titular de la misma pone a disposici\u00f3n de los Usuarios de Internet una determinada informaci\u00f3n.<\/p>\n<p>Hiperenlace: t\u00e9cnica por la cual un Usuario puede navegar por diferentes p\u00e1ginas de la propia Web o por Internet, clicando sobre un texto, icono, bot\u00f3n o cualquier otro indicativo que contenga el enlace.<\/p>\n<p>&nbsp;<\/p>\n<p><b>Uso y aceptaci\u00f3n<\/b><\/p>\n<p>El acceso a la p\u00e1gina web es gratuito, salvo, en lo relativo al coste de la conexi\u00f3n a trav\u00e9s de la red de telecomunicaciones suministrada por el proveedor de acceso contratado por los usuarios.<\/p>\n<p>Toda persona (f\u00edsica o jur\u00eddica) que acceda a esta p\u00e1gina acepta someterse a las condiciones incluidas en el presente Aviso Legal. Por tanto, el usuario debe leerlo con atenci\u00f3n cada vez que se proponga utilizar la misma, de modo que acepta voluntaria y expresamente que el uso de esta web se realiza en todo caso bajo su \u00fanica y exclusiva responsabilidad. Igualmente, el Usuario se obliga y se compromete a no utilizar cualquiera de los contenidos con fines il\u00edcitos prohibidos en el Aviso Legal o en la legislaci\u00f3n vigente que puedan resultar lesivos para los derechos o intereses de terceros o que de cualquier forma puedan da\u00f1ar, inutilizar, sobrecargar o impedir la normal utilizaci\u00f3n de los contenidos, los equipos inform\u00e1ticos o los documentos, archivos y toda clase de contenidos almacenados en cualquier equipo inform\u00e1tico propio o contratado por Ayuntamiento de Marchena, o de cualquier Usuario de Internet.<\/p>\n<p>El Ayuntamiento de Marchena adopta medidas de seguridad razonablemente adecuadas para detectar la existencia de virus. No obstante, el usuario debe ser consciente de que las medidas de seguridad de los sistemas inform\u00e1ticos en Internet no son completamente fiables por lo que el Ayuntamiento no puede garantizar la inexistencia de virus u otros elementos inform\u00e1ticos da\u00f1inos de forma que no se responsabiliza de las alteraciones o da\u00f1os que se puedan producir en los sistemas inform\u00e1ticos del Usuario o en sus documentos electr\u00f3nicos y ficheros contenidos en los mismos.<\/p>\n<p>&nbsp;<\/p>\n<p><b>Contenidos<\/b><\/p>\n<div>\n<ol>\n<li>Los servicios e informaci\u00f3n ofrecidos por la web del Ayuntamiento de Marchena son totalmente gratuitos.<\/li>\n<li>El Ayuntamiento de Marchena se reserva el derecho de modificar las condiciones o t\u00e9rminos de uso de la web, sin necesidad de previo aviso.<\/li>\n<li>El uso de la presente web se rige por el ordenamiento jur\u00eddico espa\u00f1ol y por estas condiciones generales. Cualquier controversia derivada de la interpretaci\u00f3n, ejecuci\u00f3n y\/o uso de la presente web, ser\u00e1 sometida a la competencia de los Juzgados y Tribunales de Sevilla.<\/li>\n<li>Queda prohibido hacer uso de la web para cualquier actuaci\u00f3n contraria a la legalidad vigente y especialmente, sin car\u00e1cter exhaustivo, las siguientes:<\/li>\n<\/ol>\n<ul>\n<li>Env\u00edo de correo masivo no solicitado o spamming.<\/li>\n<li>Cualquier forma de violaci\u00f3n de los derechos de terceros.<\/li>\n<li>Cualquier actividad que tenga por objeto contenidos pornogr\u00e1ficos, obscenos, difamatorios o en cualquier forma ilegales.<\/li>\n<li>Introducir virus inform\u00e1ticos, archivos defectuosos o programas que puedan causar cualquier da\u00f1o o perjuicio a la web, al Ayuntamiento de Marchena o terceros.<\/li>\n<li>Utilizar esta web con fines comerciales o de manera inadecuada atendiendo a su propia finalidad.<\/li>\n<\/ul>\n<p>5. Restricciones de uso:<\/p>\n<ul>\n<li>Cualquier enlace que se efect\u00fae con los contenidos de esta web, requerir\u00e1 la previa conformidad del Ayuntamiento de Marchena y deber\u00e1 permitir, mediante la oportuna visualizaci\u00f3n, la identificaci\u00f3n de su procedencia. La utilizaci\u00f3n de esta informaci\u00f3n en otros sitios de Internet requerir\u00e1 autorizaci\u00f3n expresa.<\/li>\n<\/ul>\n<\/div>\n<div>6. Responsabilidad:<\/div>\n<div>\n<ul>\n<li>El Ayuntamiento de Marchena no se hace responsable en ning\u00fan caso de cualquier da\u00f1o que se pudiera causar a un tercero por los usuarios de la web como consecuencia del uso ilegal o inadecuado del mismo, ni como consecuencia de los contenidos e informaciones accesibles o facilitadas a trav\u00e9s de ella, ni de los sitios vinculados a la misma. Los responsables ser\u00e1n los usuarios o terceros causantes de los da\u00f1os. Las eventuales referencias que se hagan en la web a cualquier producto, servicio, proceso, enlace, hipertexto o cualquier otra informaci\u00f3n, utilizando la marca, el nombre comercial, o el nombre del fabricante o suministrador, que sean de titularidad de terceros, no constituye ni implica respaldo, patrocinio o recomendaci\u00f3n por parte del Ayuntamiento Marchena.<\/li>\n<li>El Ayuntamiento de Marchena no garantiza la disponibilidad y continuidad del funcionamiento de la web y de los servicios, por lo que no ser\u00e1 responsable de los da\u00f1os y perjuicios que se pudieran causar como consecuencia de la falta de disponibilidad y\/o continuidad.<\/li>\n<li>El Ayuntamiento de Marchena no garantiza la ausencia de virus en los servicios y contenidos de la web, ya sean prestados directamente o por terceros, incluidas las conexiones a trav\u00e9s de \"Enlaces\", por lo que no ser\u00e1 responsable de los da\u00f1os y perjuicios que se puedan causar como consecuencia de la existencia de dichos virus.<\/li>\n<li>El Ayuntamiento de Marchena no garantiza la licitud, fiabilidad, utilidad, veracidad, exactitud, exhaustividad y actualidad de los contenidos y servicios de la web ya sean prestados directamente o por terceros, incluidos los enlaces a otros sitios, por lo que no ser\u00e1 responsable de los da\u00f1os y perjuicios que pudieran sufrir los usuarios como consecuencia de la ilicitud, no fiabilidad, inutilidad, inexactitud, falta de veracidad, no exhaustividad y\/o no actualidad de los servicios y\/o contenidos.<\/li>\n<\/ul>\n<p>&nbsp;<\/p>\n<\/div>\n<p><b>Protecci\u00f3n de datos personales<\/b><\/p>\n<p>En cumplimiento con lo dispuesto en la Ley Org\u00e1nica 15\/1999, de 13 de diciembre, de Protecci\u00f3n de Datos de Car\u00e1cter Personal (en adelante LOPD), le informamos que los datos personales y la informaci\u00f3n que nos facilite el Usuario al cumplimentar cualquier formulario electr\u00f3nico disponible en la p\u00e1gina web, ser\u00e1n incorporados en un fichero de datos de car\u00e1cter personal titularidad del Ayuntamiento de Marchena.<\/p>\n<p>El Usuario garantiza la autenticidad y veracidad de todos los datos que comunique, asumiendo la total responsabilidad de las manifestaciones falsas o inexactas que realice y de los perjuicios que cause al Ayuntamiento de Marchena, a la Delegaci\u00f3n propia o a terceros por la informaci\u00f3n facilitada.<\/p>\n<p>La finalidad del tratamiento de los datos es dar curso a la solicitud requerida por el Usuario, gestionar y controlar los servicios ofrecidos a trav\u00e9s de la Web e informar al Usuario de los servicios o productos cuya contrataci\u00f3n pudieran ser de su inter\u00e9s a trav\u00e9s de comunicados de car\u00e1cter exclusivamente profesional al correo electr\u00f3nico facilitado por el mismo.<\/p>\n<p>Con la confirmaci\u00f3n de env\u00edo de los datos de car\u00e1cter personal el Usuario consiente expresamente el tratamiento de estos por parte de Turismo de Marchena.<\/p>\n<p>Las preguntas incluidas marcadas con un asterisco (*) son de car\u00e1cter obligatorio, en caso de no contestar a las mismas Turismo de Marchena se reserva el derecho de no tramitar la solicitud del Usuario.<\/p>\n<p>El usuario podr\u00e1, en todo momento, ejercitar los derechos reconocidos en la LOPD, de acceso, rectificaci\u00f3n, cancelaci\u00f3n y oposici\u00f3n. El ejercicio de estos derechos puede realizarlo el propio Usuario acompa\u00f1ando copia del DNI de manera presencial en las oficinas de la Oficina Municipal de Turismo, mediante correo electr\u00f3nico a: turismo@turismodemarchena.org o bien mediante comunicaci\u00f3n escrita a la siguiente direcci\u00f3n Plaza del Ayuntamiento 1 \u00b7 41620 Marchena<\/p>\n<p>El Ayuntamiento de Marchena en calidad de propietaria y responsable de los ficheros se compromete a tratar los datos de car\u00e1cter personal proporcionados por el Usuario con total confidencialidad, respetando en todo caso con lo dispuesto en la LOPD y en el Real Decreto 1720\/2007, de 21 de diciembre, por el que se aprueba el Reglamento de Desarrollo de la Ley Org\u00e1nica 15\/1999, de 13 de diciembre, de protecci\u00f3n de datos de car\u00e1cter personal.<\/p>\n<p>&nbsp;<\/p>\n<p><b>Legislaci\u00f3n y Normativa profesional aplicable<\/b><\/p>\n<p>El presente aviso legal se rige en todos y cada uno de sus extremos por la ley espa\u00f1ola.<\/p>\n<\/div>\n<\/div><\/div><\/div><\/div><\/div><\/div>","protected":false},"excerpt":{"rendered":"<p>Las presentes disposiciones regulan el uso del servicio de la pagina web que Turismo de Marchena &#8211; Ayuntamiento de Marchena pone a disposici\u00f3n de los Usuarios de Internet. &nbsp; Datos identificativos del titular de la web En cumplimiento del deber de informaci\u00f3n estipulado en el art\u00edculo 10 de la Ley 34\/2002 de 11 de julio&hellip;<\/p>\n","protected":false},"author":1,"featured_media":0,"parent":0,"menu_order":0,"comment_status":"closed","ping_status":"closed","template":"","meta":{"content-type":"","footnotes":""},"class_list":["post-5100","page","type-page","status-publish","hentry","post"],"acf":[],"yoast_head":"<!-- This site is optimized with the Yoast SEO plugin v19.6.1 - https:\/\/yoast.com\/wordpress\/plugins\/seo\/ -->\n<title>Privacy Policy - Turismo de Marchena<\/title>\n<meta name=\"description\" content=\"Las presentes disposiciones regulan el uso del servicio de la pagina web que Turismo de Marchena - Ayuntamiento de Marchena pone a disposici\u00f3n de los\" \/>\n<meta name=\"robots\" content=\"noindex, nofollow\" \/>\n<meta property=\"og:locale\" content=\"en_US\" \/>\n<meta property=\"og:type\" content=\"article\" \/>\n<meta property=\"og:title\" content=\"Privacy Policy - Turismo de Marchena\" \/>\n<meta property=\"og:description\" content=\"Las presentes disposiciones regulan el uso del servicio de la pagina web que Turismo de Marchena - Ayuntamiento de Marchena pone a disposici\u00f3n de los\" \/>\n<meta property=\"og:url\" content=\"https:\/\/turismodemarchena.org\/en\/politica-de-privacidad\/\" \/>\n<meta property=\"og:site_name\" content=\"Marchena\" \/>\n<meta property=\"article:modified_time\" content=\"2023-04-04T10:37:30+00:00\" \/>\n<meta name=\"twitter:card\" content=\"summary_large_image\" \/>\n<meta name=\"twitter:label1\" content=\"Est. reading time\" \/>\n\t<meta name=\"twitter:data1\" content=\"7 minutes\" \/>\n<script type=\"application\/ld+json\" class=\"yoast-schema-graph\">{\"@context\":\"https:\/\/schema.org\",\"@graph\":[{\"@type\":\"WebPage\",\"@id\":\"https:\/\/turismodemarchena.org\/en\/politica-de-privacidad\/\",\"url\":\"https:\/\/turismodemarchena.org\/en\/politica-de-privacidad\/\",\"name\":\"Privacy Policy - Turismo de Marchena\",\"isPartOf\":{\"@id\":\"https:\/\/turismodemarchena.org\/#website\"},\"datePublished\":\"2021-08-11T09:07:48+00:00\",\"dateModified\":\"2023-04-04T10:37:30+00:00\",\"description\":\"Las presentes disposiciones regulan el uso del servicio de la pagina web que Turismo de Marchena - Ayuntamiento de Marchena pone a disposici\u00f3n de los\",\"breadcrumb\":{\"@id\":\"https:\/\/turismodemarchena.org\/en\/politica-de-privacidad\/#breadcrumb\"},\"inLanguage\":\"en-US\",\"potentialAction\":[{\"@type\":\"ReadAction\",\"target\":[\"https:\/\/turismodemarchena.org\/en\/politica-de-privacidad\/\"]}]},{\"@type\":\"BreadcrumbList\",\"@id\":\"https:\/\/turismodemarchena.org\/en\/politica-de-privacidad\/#breadcrumb\",\"itemListElement\":[{\"@type\":\"ListItem\",\"position\":1,\"name\":\"Home\",\"item\":\"https:\/\/turismodemarchena.org\/en\/\"},{\"@type\":\"ListItem\",\"position\":2,\"name\":\"Privacy Policy\"}]},{\"@type\":\"WebSite\",\"@id\":\"https:\/\/turismodemarchena.org\/#website\",\"url\":\"https:\/\/turismodemarchena.org\/\",\"name\":\"Marchena\",\"description\":\"\",\"publisher\":{\"@id\":\"https:\/\/turismodemarchena.org\/#organization\"},\"potentialAction\":[{\"@type\":\"SearchAction\",\"target\":{\"@type\":\"EntryPoint\",\"urlTemplate\":\"https:\/\/turismodemarchena.org\/?s={search_term_string}\"},\"query-input\":\"required name=search_term_string\"}],\"inLanguage\":\"en-US\"},{\"@type\":\"Organization\",\"@id\":\"https:\/\/turismodemarchena.org\/#organization\",\"name\":\"Turismo de Marchena\",\"url\":\"https:\/\/turismodemarchena.org\/\",\"sameAs\":[],\"logo\":{\"@type\":\"ImageObject\",\"inLanguage\":\"en-US\",\"@id\":\"https:\/\/turismodemarchena.org\/#\/schema\/logo\/image\/\",\"url\":\"https:\/\/turismodemarchena.org\/wp-content\/uploads\/2022\/09\/logoAyuntamientoMarchenaB.png\",\"contentUrl\":\"https:\/\/turismodemarchena.org\/wp-content\/uploads\/2022\/09\/logoAyuntamientoMarchenaB.png\",\"width\":184,\"height\":66,\"caption\":\"Turismo de Marchena\"},\"image\":{\"@id\":\"https:\/\/turismodemarchena.org\/#\/schema\/logo\/image\/\"}}]}<\/script>\n<!-- \/ Yoast SEO plugin. -->","yoast_head_json":{"title":"Privacy Policy - Turismo de Marchena","description":"Las presentes disposiciones regulan el uso del servicio de la pagina web que Turismo de Marchena - Ayuntamiento de Marchena pone a disposici\u00f3n de los","robots":{"index":"noindex","follow":"nofollow"},"og_locale":"en_US","og_type":"article","og_title":"Privacy Policy - Turismo de Marchena","og_description":"Las presentes disposiciones regulan el uso del servicio de la pagina web que Turismo de Marchena - Ayuntamiento de Marchena pone a disposici\u00f3n de los","og_url":"https:\/\/turismodemarchena.org\/en\/politica-de-privacidad\/","og_site_name":"Marchena","article_modified_time":"2023-04-04T10:37:30+00:00","twitter_card":"summary_large_image","twitter_misc":{"Est. reading time":"7 minutes"},"schema":{"@context":"https:\/\/schema.org","@graph":[{"@type":"WebPage","@id":"https:\/\/turismodemarchena.org\/en\/politica-de-privacidad\/","url":"https:\/\/turismodemarchena.org\/en\/politica-de-privacidad\/","name":"Privacy Policy - Turismo de Marchena","isPartOf":{"@id":"https:\/\/turismodemarchena.org\/#website"},"datePublished":"2021-08-11T09:07:48+00:00","dateModified":"2023-04-04T10:37:30+00:00","description":"Las presentes disposiciones regulan el uso del servicio de la pagina web que Turismo de Marchena - Ayuntamiento de Marchena pone a disposici\u00f3n de los","breadcrumb":{"@id":"https:\/\/turismodemarchena.org\/en\/politica-de-privacidad\/#breadcrumb"},"inLanguage":"en-US","potentialAction":[{"@type":"ReadAction","target":["https:\/\/turismodemarchena.org\/en\/politica-de-privacidad\/"]}]},{"@type":"BreadcrumbList","@id":"https:\/\/turismodemarchena.org\/en\/politica-de-privacidad\/#breadcrumb","itemListElement":[{"@type":"ListItem","position":1,"name":"Home","item":"https:\/\/turismodemarchena.org\/en\/"},{"@type":"ListItem","position":2,"name":"Privacy Policy"}]},{"@type":"WebSite","@id":"https:\/\/turismodemarchena.org\/#website","url":"https:\/\/turismodemarchena.org\/","name":"Marchena","description":"","publisher":{"@id":"https:\/\/turismodemarchena.org\/#organization"},"potentialAction":[{"@type":"SearchAction","target":{"@type":"EntryPoint","urlTemplate":"https:\/\/turismodemarchena.org\/?s={search_term_string}"},"query-input":"required name=search_term_string"}],"inLanguage":"en-US"},{"@type":"Organization","@id":"https:\/\/turismodemarchena.org\/#organization","name":"Turismo de Marchena","url":"https:\/\/turismodemarchena.org\/","sameAs":[],"logo":{"@type":"ImageObject","inLanguage":"en-US","@id":"https:\/\/turismodemarchena.org\/#\/schema\/logo\/image\/","url":"https:\/\/turismodemarchena.org\/wp-content\/uploads\/2022\/09\/logoAyuntamientoMarchenaB.png","contentUrl":"https:\/\/turismodemarchena.org\/wp-content\/uploads\/2022\/09\/logoAyuntamientoMarchenaB.png","width":184,"height":66,"caption":"Turismo de Marchena"},"image":{"@id":"https:\/\/turismodemarchena.org\/#\/schema\/logo\/image\/"}}]}},"_links":{"self":[{"href":"https:\/\/turismodemarchena.org\/en\/wp-json\/wp\/v2\/pages\/5100","targetHints":{"allow":["GET"]}}],"collection":[{"href":"https:\/\/turismodemarchena.org\/en\/wp-json\/wp\/v2\/pages"}],"about":[{"href":"https:\/\/turismodemarchena.org\/en\/wp-json\/wp\/v2\/types\/page"}],"author":[{"embeddable":true,"href":"https:\/\/turismodemarchena.org\/en\/wp-json\/wp\/v2\/users\/1"}],"replies":[{"embeddable":true,"href":"https:\/\/turismodemarchena.org\/en\/wp-json\/wp\/v2\/comments?post=5100"}],"version-history":[{"count":1,"href":"https:\/\/turismodemarchena.org\/en\/wp-json\/wp\/v2\/pages\/5100\/revisions"}],"predecessor-version":[{"id":5102,"href":"https:\/\/turismodemarchena.org\/en\/wp-json\/wp\/v2\/pages\/5100\/revisions\/5102"}],"wp:attachment":[{"href":"https:\/\/turismodemarchena.org\/en\/wp-json\/wp\/v2\/media?parent=5100"}],"curies":[{"name":"wp","href":"https:\/\/api.w.org\/{rel}","templated":true}]}}