{"id":5081,"date":"2021-08-11T11:07:24","date_gmt":"2021-08-11T09:07:24","guid":{"rendered":"https:\/\/turismodemarchena.org\/aviso-legal\/"},"modified":"2023-04-04T12:33:03","modified_gmt":"2023-04-04T10:33:03","slug":"aviso-legal","status":"publish","type":"page","link":"https:\/\/turismodemarchena.org\/en\/aviso-legal\/","title":{"rendered":"Legal warning"},"content":{"rendered":"<div id=\"pl-5081\"  class=\"panel-layout\" ><div id=\"pg-5081-0\"  class=\"panel-grid panel-has-style\" ><div class=\"panel-row-style panel-row-style-for-5081-0\" ><div id=\"pgc-5081-0-0\"  class=\"panel-grid-cell\" ><div id=\"panel-5081-0-0-0\" class=\"so-panel widget widget_sow-editor panel-first-child panel-last-child\" data-index=\"0\" ><div\n\t\t\t\n\t\t\tclass=\"so-widget-sow-editor so-widget-sow-editor-base\"\n\t\t\t\n\t\t>\n<div class=\"siteorigin-widget-tinymce textwidget\">\n\t<div class=\" portlet-content-container\">\n<div class=\"portlet-body\">\n<div class=\"\" data-fragments-editor-item-id=\"27701-37689\" data-fragments-editor-item-type=\"fragments-editor-mapped-item\">\n<div class=\"journal-content-article \" data-analytics-asset-id=\"50527\" data-analytics-asset-title=\"Aviso Legal\" data-analytics-asset-type=\"web-content\">\n<div class=\"mt-5\">\n<p>El<strong> Ayuntamiento de Marchena <\/strong>podr\u00e1 efectuar, en cualquier momento y sin necesidad de previo aviso, modificaciones y actualizaciones sobre la informaci\u00f3n contenida en su portal o en su configuraci\u00f3n o presentaci\u00f3n.<\/p>\n<p>El <strong>Ayuntamiento de <\/strong><strong>Marchena<\/strong> no garantiza la inexistencia de errores en el acceso al portal o en su contenido ni que \u00e9ste se encuentre totalmente actualizado. La informaci\u00f3n proporcionada a trav\u00e9s del Portal tiene car\u00e1cter meramente orientativo y en ning\u00fan caso podr\u00e1 ser vinculante para la resoluci\u00f3n de los procedimientos administrativos, que se hallar\u00e1 sujeta exclusivamente a la normativa que les sea de aplicaci\u00f3n.<\/p>\n<p>Las claves de acceso son para uso personal y exclusivo del usuario titular de las mismas, y su custodia, confidencialidad y correcta utilizaci\u00f3n son de su exclusiva responsabilidad. El <strong>Ayuntamiento de <\/strong><strong>Marchena<\/strong> no ser\u00e1 responsable por ning\u00fan perjuicio en que el usuario o terceros puedan incurrir como consecuencia de que otras personas utilicen su contrase\u00f1a, con o sin consentimiento o conocimiento del usuario.<\/p>\n<p>El <strong>Ayuntamiento de <\/strong><strong>Marchena<\/strong> se compromete a cumplir con la obligaci\u00f3n de secreto respecto de la contrase\u00f1a utilizada por el usuario.<\/p>\n<p>&nbsp;<\/p>\n<div class=\"section-title\"><strong>Aceptaci\u00f3n de las Condiciones de Uso<\/strong><\/div>\n<p>El acceso a este portal o su utilizaci\u00f3n en cualquier forma implica la aceptaci\u00f3n de todas y cada una de las presentes condiciones generales de uso y de las que, unilateralmente, en cualquier momento, pueda establecer el <strong>Ayuntamiento de <\/strong><strong>Marchena<\/strong>. En consecuencia, ser\u00e1 responsabilidad de todo visitante o usuario la atenta lectura de las condiciones generales de uso vigentes en cada una de las ocasiones en que acceda a este portal.<\/p>\n<p>La utilizaci\u00f3n de determinados servicios implicar\u00e1 asimismo la aceptaci\u00f3n, sin reserva alguna, de las normas particulares o instrucciones que el <strong>Ayuntamiento de <\/strong><strong>Marchena<\/strong> pudiera establecer en cualquier momento con car\u00e1cter espec\u00edfico, sustitutivo o complementario al de las presentes condiciones generales.<\/p>\n<p>&nbsp;<\/p>\n<div class=\"section-title\"><strong>Condiciones de Acceso<\/strong><\/div>\n<p>En general, el acceso a la informaci\u00f3n y a los servicios facilitados por <strong>Ayuntamiento de <\/strong><strong>Marchena<\/strong> ser\u00e1 libre y gratuito, y no se exigir\u00e1 a los usuarios que faciliten datos personales, ni la utilizaci\u00f3n de claves o contrase\u00f1as, ni la previa suscripci\u00f3n, excepto para acceder a determinados contenidos o servicios.<\/p>\n<p>Cuando para el acceso a determinados contenidos o para la utilizaci\u00f3n de alg\u00fan servicio sea necesario facilitar datos de car\u00e1cter personal, los usuarios garantizar\u00e1n su veracidad, exactitud, autenticidad y vigencia. El <strong>Ayuntamiento de <\/strong><strong>Marchena<\/strong> dar\u00e1 a dichos datos el tratamiento automatizado que corresponda en funci\u00f3n de su naturaleza o finalidad, en las condiciones y t\u00e9rminos indicados en la secci\u00f3n de pol\u00edtica de protecci\u00f3n de datos personales.<\/p>\n<p>Asimismo, en estos casos, si fuera necesaria la utilizaci\u00f3n de claves de acceso (nombre de usuario y contrase\u00f1a), los usuarios deber\u00e1n tener en cuenta lo siguiente:<\/p>\n<p>&nbsp;<\/p>\n<div class=\"section-title\"><strong>Condiciones de Utilizaci\u00f3n<\/strong><\/div>\n<p>La utilizaci\u00f3n del portal del <strong>Ayuntamiento de <\/strong><strong>Marchena<\/strong> deber\u00e1 obedecer al contenido de estas Condiciones Generales, a cualesquiera disposiciones legales aplicables y a las exigencias de la moral y las buenas costumbres generalmente aceptadas, as\u00ed como a las de orden p\u00fablico.<\/p>\n<p>Salvo previa y expresa autorizaci\u00f3n del <strong>Ayuntamiento de <\/strong><strong>Marchena<\/strong>, los usuarios \u00fanicamente podr\u00e1n utilizar sus contenidos y servicios para uso propio y personal y, por tanto, se abstendr\u00e1n de realizar cualquier acto que, directa o indirectamente, suponga una explotaci\u00f3n comercial de los mismos.<\/p>\n<p>En todo caso, los usuarios utilizar\u00e1n los contenidos y servicios facilitados por el <strong>Ayuntamiento de <\/strong><strong>Marchena<\/strong> de conformidad con la legalidad vigente, y asumir\u00e1n las responsabilidades que les correspondan por las conductas o actividades que, en cualquier forma, puedan resultar il\u00edcitas o lesivas para derechos de terceros o que puedan perjudicar, impedir o limitar la utilizaci\u00f3n de este portal a otros usuarios.<\/p>\n<p>En particular, y a t\u00edtulo meramente indicativo y no limitativo, los usuarios se comprometen a no captar datos o contenidos con fines publicitarios, as\u00ed como a no transmitir o difundir a trav\u00e9s del portal <strong>Ayuntamiento de <\/strong><strong>Marchena<\/strong> mensajes, im\u00e1genes, fotograf\u00edas, software, datos o contenidos que:<\/p>\n<p>Los usuarios responder\u00e1n de los da\u00f1os y perjuicios de cualquier clase que el portal del <strong>Ayuntamiento de <\/strong><strong>Marchena<\/strong> pueda sufrir, directa o indirectamente, como consecuencia del incumplimiento de la normativa vigente o de cualquiera de las obligaciones derivadas de las condiciones generales de uso de este portal.<\/p>\n<p>El <strong>Ayuntamiento de <\/strong><strong>Marchena<\/strong> se reserva el derecho de denegar, unilateralmente y en cualquier momento, el acceso a este sitio web a aquellos usuarios que incumplan las presentes Condiciones Generales de Uso, y ello sin necesidad de previo aviso o justificaci\u00f3n.<\/p>\n<\/div>\n<\/div>\n<\/div>\n<\/div>\n<\/div>\n<\/div>\n<\/div><\/div><\/div><\/div><\/div><\/div>","protected":false},"excerpt":{"rendered":"<p>El Ayuntamiento de Marchena podr\u00e1 efectuar, en cualquier momento y sin necesidad de previo aviso, modificaciones y actualizaciones sobre la informaci\u00f3n contenida en su portal o en su configuraci\u00f3n o presentaci\u00f3n. El Ayuntamiento de Marchena no garantiza la inexistencia de errores en el acceso al portal o en su contenido ni que \u00e9ste se encuentre&hellip;<\/p>\n","protected":false},"author":1,"featured_media":3246,"parent":0,"menu_order":0,"comment_status":"closed","ping_status":"closed","template":"","meta":{"content-type":"","footnotes":""},"class_list":["post-5081","page","type-page","status-publish","has-post-thumbnail","hentry","post"],"acf":[],"yoast_head":"<!-- This site is optimized with the Yoast SEO plugin v19.6.1 - https:\/\/yoast.com\/wordpress\/plugins\/seo\/ -->\n<title>Legal warning - Turismo de Marchena<\/title>\n<meta name=\"description\" content=\"El Ayuntamiento de Marchena podr\u00e1 efectuar, en cualquier momento y sin necesidad de previo aviso, modificaciones y actualizaciones sobre la informaci\u00f3n\" \/>\n<meta name=\"robots\" content=\"noindex, nofollow\" \/>\n<meta property=\"og:locale\" content=\"en_US\" \/>\n<meta property=\"og:type\" content=\"article\" \/>\n<meta property=\"og:title\" content=\"Legal warning - Turismo de Marchena\" \/>\n<meta property=\"og:description\" content=\"El Ayuntamiento de Marchena podr\u00e1 efectuar, en cualquier momento y sin necesidad de previo aviso, modificaciones y actualizaciones sobre la informaci\u00f3n\" \/>\n<meta property=\"og:url\" content=\"https:\/\/turismodemarchena.org\/en\/aviso-legal\/\" \/>\n<meta property=\"og:site_name\" content=\"Marchena\" \/>\n<meta property=\"article:modified_time\" content=\"2023-04-04T10:33:03+00:00\" \/>\n<meta property=\"og:image\" content=\"https:\/\/turismodemarchena.org\/wp-content\/uploads\/2022\/07\/imgFondoMarchena01.jpg\" \/>\n\t<meta property=\"og:image:width\" content=\"1920\" \/>\n\t<meta property=\"og:image:height\" content=\"650\" \/>\n\t<meta property=\"og:image:type\" content=\"image\/jpeg\" \/>\n<meta name=\"twitter:card\" content=\"summary_large_image\" \/>\n<meta name=\"twitter:label1\" content=\"Est. reading time\" \/>\n\t<meta name=\"twitter:data1\" content=\"4 minutes\" \/>\n<script type=\"application\/ld+json\" class=\"yoast-schema-graph\">{\"@context\":\"https:\/\/schema.org\",\"@graph\":[{\"@type\":\"WebPage\",\"@id\":\"https:\/\/turismodemarchena.org\/en\/aviso-legal\/\",\"url\":\"https:\/\/turismodemarchena.org\/en\/aviso-legal\/\",\"name\":\"Legal warning - Turismo de Marchena\",\"isPartOf\":{\"@id\":\"https:\/\/turismodemarchena.org\/#website\"},\"datePublished\":\"2021-08-11T09:07:24+00:00\",\"dateModified\":\"2023-04-04T10:33:03+00:00\",\"description\":\"El Ayuntamiento de Marchena podr\u00e1 efectuar, en cualquier momento y sin necesidad de previo aviso, modificaciones y actualizaciones sobre la informaci\u00f3n\",\"breadcrumb\":{\"@id\":\"https:\/\/turismodemarchena.org\/en\/aviso-legal\/#breadcrumb\"},\"inLanguage\":\"en-US\",\"potentialAction\":[{\"@type\":\"ReadAction\",\"target\":[\"https:\/\/turismodemarchena.org\/en\/aviso-legal\/\"]}]},{\"@type\":\"BreadcrumbList\",\"@id\":\"https:\/\/turismodemarchena.org\/en\/aviso-legal\/#breadcrumb\",\"itemListElement\":[{\"@type\":\"ListItem\",\"position\":1,\"name\":\"Home\",\"item\":\"https:\/\/turismodemarchena.org\/en\/\"},{\"@type\":\"ListItem\",\"position\":2,\"name\":\"Legal warning\"}]},{\"@type\":\"WebSite\",\"@id\":\"https:\/\/turismodemarchena.org\/#website\",\"url\":\"https:\/\/turismodemarchena.org\/\",\"name\":\"Marchena\",\"description\":\"\",\"publisher\":{\"@id\":\"https:\/\/turismodemarchena.org\/#organization\"},\"potentialAction\":[{\"@type\":\"SearchAction\",\"target\":{\"@type\":\"EntryPoint\",\"urlTemplate\":\"https:\/\/turismodemarchena.org\/?s={search_term_string}\"},\"query-input\":\"required name=search_term_string\"}],\"inLanguage\":\"en-US\"},{\"@type\":\"Organization\",\"@id\":\"https:\/\/turismodemarchena.org\/#organization\",\"name\":\"Turismo de Marchena\",\"url\":\"https:\/\/turismodemarchena.org\/\",\"sameAs\":[],\"logo\":{\"@type\":\"ImageObject\",\"inLanguage\":\"en-US\",\"@id\":\"https:\/\/turismodemarchena.org\/#\/schema\/logo\/image\/\",\"url\":\"https:\/\/turismodemarchena.org\/wp-content\/uploads\/2022\/09\/logoAyuntamientoMarchenaB.png\",\"contentUrl\":\"https:\/\/turismodemarchena.org\/wp-content\/uploads\/2022\/09\/logoAyuntamientoMarchenaB.png\",\"width\":184,\"height\":66,\"caption\":\"Turismo de Marchena\"},\"image\":{\"@id\":\"https:\/\/turismodemarchena.org\/#\/schema\/logo\/image\/\"}}]}<\/script>\n<!-- \/ Yoast SEO plugin. -->","yoast_head_json":{"title":"Legal warning - Turismo de Marchena","description":"El Ayuntamiento de Marchena podr\u00e1 efectuar, en cualquier momento y sin necesidad de previo aviso, modificaciones y actualizaciones sobre la informaci\u00f3n","robots":{"index":"noindex","follow":"nofollow"},"og_locale":"en_US","og_type":"article","og_title":"Legal warning - Turismo de Marchena","og_description":"El Ayuntamiento de Marchena podr\u00e1 efectuar, en cualquier momento y sin necesidad de previo aviso, modificaciones y actualizaciones sobre la informaci\u00f3n","og_url":"https:\/\/turismodemarchena.org\/en\/aviso-legal\/","og_site_name":"Marchena","article_modified_time":"2023-04-04T10:33:03+00:00","og_image":[{"width":1920,"height":650,"url":"https:\/\/turismodemarchena.org\/wp-content\/uploads\/2022\/07\/imgFondoMarchena01.jpg","type":"image\/jpeg"}],"twitter_card":"summary_large_image","twitter_misc":{"Est. reading time":"4 minutes"},"schema":{"@context":"https:\/\/schema.org","@graph":[{"@type":"WebPage","@id":"https:\/\/turismodemarchena.org\/en\/aviso-legal\/","url":"https:\/\/turismodemarchena.org\/en\/aviso-legal\/","name":"Legal warning - Turismo de Marchena","isPartOf":{"@id":"https:\/\/turismodemarchena.org\/#website"},"datePublished":"2021-08-11T09:07:24+00:00","dateModified":"2023-04-04T10:33:03+00:00","description":"El Ayuntamiento de Marchena podr\u00e1 efectuar, en cualquier momento y sin necesidad de previo aviso, modificaciones y actualizaciones sobre la informaci\u00f3n","breadcrumb":{"@id":"https:\/\/turismodemarchena.org\/en\/aviso-legal\/#breadcrumb"},"inLanguage":"en-US","potentialAction":[{"@type":"ReadAction","target":["https:\/\/turismodemarchena.org\/en\/aviso-legal\/"]}]},{"@type":"BreadcrumbList","@id":"https:\/\/turismodemarchena.org\/en\/aviso-legal\/#breadcrumb","itemListElement":[{"@type":"ListItem","position":1,"name":"Home","item":"https:\/\/turismodemarchena.org\/en\/"},{"@type":"ListItem","position":2,"name":"Legal warning"}]},{"@type":"WebSite","@id":"https:\/\/turismodemarchena.org\/#website","url":"https:\/\/turismodemarchena.org\/","name":"Marchena","description":"","publisher":{"@id":"https:\/\/turismodemarchena.org\/#organization"},"potentialAction":[{"@type":"SearchAction","target":{"@type":"EntryPoint","urlTemplate":"https:\/\/turismodemarchena.org\/?s={search_term_string}"},"query-input":"required name=search_term_string"}],"inLanguage":"en-US"},{"@type":"Organization","@id":"https:\/\/turismodemarchena.org\/#organization","name":"Turismo de Marchena","url":"https:\/\/turismodemarchena.org\/","sameAs":[],"logo":{"@type":"ImageObject","inLanguage":"en-US","@id":"https:\/\/turismodemarchena.org\/#\/schema\/logo\/image\/","url":"https:\/\/turismodemarchena.org\/wp-content\/uploads\/2022\/09\/logoAyuntamientoMarchenaB.png","contentUrl":"https:\/\/turismodemarchena.org\/wp-content\/uploads\/2022\/09\/logoAyuntamientoMarchenaB.png","width":184,"height":66,"caption":"Turismo de Marchena"},"image":{"@id":"https:\/\/turismodemarchena.org\/#\/schema\/logo\/image\/"}}]}},"_links":{"self":[{"href":"https:\/\/turismodemarchena.org\/en\/wp-json\/wp\/v2\/pages\/5081","targetHints":{"allow":["GET"]}}],"collection":[{"href":"https:\/\/turismodemarchena.org\/en\/wp-json\/wp\/v2\/pages"}],"about":[{"href":"https:\/\/turismodemarchena.org\/en\/wp-json\/wp\/v2\/types\/page"}],"author":[{"embeddable":true,"href":"https:\/\/turismodemarchena.org\/en\/wp-json\/wp\/v2\/users\/1"}],"replies":[{"embeddable":true,"href":"https:\/\/turismodemarchena.org\/en\/wp-json\/wp\/v2\/comments?post=5081"}],"version-history":[{"count":1,"href":"https:\/\/turismodemarchena.org\/en\/wp-json\/wp\/v2\/pages\/5081\/revisions"}],"predecessor-version":[{"id":5083,"href":"https:\/\/turismodemarchena.org\/en\/wp-json\/wp\/v2\/pages\/5081\/revisions\/5083"}],"wp:featuredmedia":[{"embeddable":true,"href":"https:\/\/turismodemarchena.org\/en\/wp-json\/wp\/v2\/media\/3246"}],"wp:attachment":[{"href":"https:\/\/turismodemarchena.org\/en\/wp-json\/wp\/v2\/media?parent=5081"}],"curies":[{"name":"wp","href":"https:\/\/api.w.org\/{rel}","templated":true}]}}