{"id":4988,"date":"2022-06-30T17:25:12","date_gmt":"2022-06-30T15:25:12","guid":{"rendered":"https:\/\/turismodemarchena.org\/conoce-marchena\/ciudad-monumental\/arquitectura-religiosa-parroquias\/"},"modified":"2023-04-04T16:33:43","modified_gmt":"2023-04-04T14:33:43","slug":"arquitectura-religiosa-parroquias","status":"publish","type":"page","link":"https:\/\/turismodemarchena.org\/en\/conoce-marchena\/ciudad-monumental\/arquitectura-religiosa-parroquias\/","title":{"rendered":"Religious architecture (Parishes)"},"content":{"rendered":"<div id=\"pl-4988\"  class=\"panel-layout\" ><div id=\"pg-4988-0\"  class=\"panel-grid panel-has-style\" ><div class=\"siteorigin-panels-stretch panel-row-style panel-row-style-for-4988-0\" data-stretch-type=\"full\" ><div id=\"pgc-4988-0-0\"  class=\"panel-grid-cell\" ><div id=\"panel-4988-0-0-0\" class=\"so-panel widget widget_sow-editor panel-first-child panel-last-child\" data-index=\"0\" ><div class=\"panel-widget-style panel-widget-style-for-4988-0-0-0\" ><div\n\t\t\t\n\t\t\tclass=\"so-widget-sow-editor so-widget-sow-editor-base\"\n\t\t\t\n\t\t>\n<div class=\"siteorigin-widget-tinymce textwidget\">\n\t<h2>Convento de la Pur\u00edsima Concepci\u00f3n<\/h2>\n<div>\n<p>El convento de la Pur\u00edsima Concepci\u00f3n, de religiosas recoletas de San Francisco, fue fundado en 1623 por Don Rodrigo Ponce de Le\u00f3n, IV Duque de Arcos, Virrey de N\u00e1poles y su esposa Do\u00f1a Ana de Arag\u00f3n y Sandoval.<\/p>\n<p>Dicha fundaci\u00f3n se produce a instalaciones de la venerable Sor Mar\u00eda de la Antigua.<\/p>\n<p>Est\u00e1 ubicado dentro del que fue Palacio de los Duques de Arcos, donde se asent\u00f3 en 1631 tras varios traslados.<\/p>\n<p>La entrada al comp\u00e1s del convento es un vano adintelado sobre el que figura un panel del siglo XVII de azulejos con un escudo de los fundadores y la Inmaculada sobre una vista de Sevilla.<\/p>\n<p>En su interior, se dispone una galer\u00eda con arcos de medio punto y, en un lateral, la entrada a la hospeder\u00eda de Santa Mar\u00eda que regentan las propias monjas de clausura.<\/p>\n<p>La Iglesia del convento-capilla particular de los duques est\u00e1 construida en mamposter\u00eda, a partir de 1751. Es de una sola nave con retablo Barroco de madera sin dorar del siglo XVIII.<\/p>\n<p>En la hornacina central aparece una imagen de Candelero de Ntra. Sra. De La Concepci\u00f3n del s. XVII.<\/p>\n<p>En la decoraci\u00f3n destaca una selecci\u00f3n de grabados y estampas de las diferentes \u00e9pocas, repartidos por los muros, b\u00f3vedas de la Iglesia y coro que se encuentra a los pies del templo.<\/p>\n<p>En el conjunto destacan obras de Durero. Carlo Marata, etc. y proceden de la colecci\u00f3n particular de Do\u00f1a Guadalupe de Lancaster y C\u00e1rdenas, Duquesa de Aveiro y Maqueda, donados por su hijo el Duque de Arcos, Don Joaqu\u00edn Ponce de Le\u00f3n.<\/p>\n<\/div>\n<\/div>\n<\/div><\/div><\/div><\/div><div id=\"pgc-4988-0-1\"  class=\"panel-grid-cell\" ><div id=\"panel-4988-0-1-0\" class=\"so-panel widget widget_sow-image panel-first-child panel-last-child\" data-index=\"1\" ><div\n\t\t\t\n\t\t\tclass=\"so-widget-sow-image so-widget-sow-image-default-c67d20f9f743-4988\"\n\t\t\t\n\t\t>\n\n<div class=\"sow-image-container\">\n\t\t<img loading=\"lazy\" decoding=\"async\" src=\"https:\/\/turismodemarchena.org\/wp-content\/uploads\/2022\/07\/foto1-5.png\" width=\"498\" height=\"451\" srcset=\"https:\/\/turismodemarchena.org\/wp-content\/uploads\/2022\/07\/foto1-5.png 498w, https:\/\/turismodemarchena.org\/wp-content\/uploads\/2022\/07\/foto1-5-300x272.png 300w\" sizes=\"auto, (max-width: 498px) 100vw, 498px\" title=\"foto1\" alt=\"\" \t\tclass=\"so-widget-image\"\/>\n\t<\/div>\n\n<\/div><\/div><\/div><\/div><\/div><div id=\"pg-4988-1\"  class=\"panel-grid panel-has-style\" ><div class=\"u-invertir-orden siteorigin-panels-stretch panel-row-style panel-row-style-for-4988-1\" data-stretch-type=\"full\" ><div id=\"pgc-4988-1-0\"  class=\"panel-grid-cell\" ><div id=\"panel-4988-1-0-0\" class=\"so-panel widget widget_sow-image panel-first-child panel-last-child\" data-index=\"2\" ><div\n\t\t\t\n\t\t\tclass=\"so-widget-sow-image so-widget-sow-image-default-c67d20f9f743-4988\"\n\t\t\t\n\t\t>\n\n<div class=\"sow-image-container\">\n\t\t<img loading=\"lazy\" decoding=\"async\" src=\"https:\/\/turismodemarchena.org\/wp-content\/uploads\/2022\/07\/foto2-2.png\" width=\"498\" height=\"504\" srcset=\"https:\/\/turismodemarchena.org\/wp-content\/uploads\/2022\/07\/foto2-2.png 498w, https:\/\/turismodemarchena.org\/wp-content\/uploads\/2022\/07\/foto2-2-296x300.png 296w\" sizes=\"auto, (max-width: 498px) 100vw, 498px\" title=\"foto2\" alt=\"\" \t\tclass=\"so-widget-image\"\/>\n\t<\/div>\n\n<\/div><\/div><\/div><div id=\"pgc-4988-1-1\"  class=\"panel-grid-cell\" ><div id=\"panel-4988-1-1-0\" class=\"so-panel widget widget_sow-editor panel-first-child panel-last-child\" data-index=\"3\" ><div class=\"panel-widget-style panel-widget-style-for-4988-1-1-0\" ><div\n\t\t\t\n\t\t\tclass=\"so-widget-sow-editor so-widget-sow-editor-base\"\n\t\t\t\n\t\t>\n<div class=\"siteorigin-widget-tinymce textwidget\">\n\t<h2>Convento de Santa Clara<\/h2>\n<div>\n<p>Fue fundado como convento en 1502 y alberg\u00f3 a las monjas Clarisas hasta 1974.<\/p>\n<p>Hoy, solo queda en pie la Iglesia, siendo Sede de la Hermandad del Se\u00f1or de la Humildad y Paciencia y Nuestra Se\u00f1ora de los Dolores que realiza estaci\u00f3n de penitencia el Mi\u00e9rcoles Santo.<\/p>\n<p>El edificio es de tipolog\u00eda conventual, con una sola nave y presbiterio plano. La cubierta es de ca\u00f1\u00f3n con lunetos en la nave y de artesa en la cabecera. Ambas son posteriores a la construcci\u00f3n de la Iglesia.<\/p>\n<p>El retablo mayor responde a los modelos de la primera mitad del siglo XVII y consta de cinco calles, tres cuerpos y un remate, separadas las primeras por columnas entorchadas con el primer tercio decorado. La calle central y las dos extremas rematan su cuerpo en frontones rotos y enrollados, conserv\u00e1ndose en cada cuerpo los \u00f3rdenes D\u00f3rico, J\u00f3nico y Corintio.<\/p>\n<p>La iconograf\u00eda se compone de esculturas y relieves. Destaca la imagen de la Virgen del Buen Suceso, que se halla sobre el Sagrario, de peque\u00f1o tama\u00f1o y restaurada.<\/p>\n<p>Se conserva tambi\u00e9n un magn\u00edfico p\u00falpito de hierro forjado con su tornavoz de madera tallada y dorada, fechado en 1731.<\/p>\n<p>A los pies de la nave est\u00e1 la reja que separaba la Iglesia del coro de las monjas, as\u00ed como un coro alto de madera tallada y pintada.<\/p>\n<\/div>\n<\/div>\n<\/div><\/div><\/div><\/div><\/div><\/div><div id=\"pg-4988-2\"  class=\"panel-grid panel-has-style\" ><div class=\"siteorigin-panels-stretch panel-row-style panel-row-style-for-4988-2\" data-stretch-type=\"full\" ><div id=\"pgc-4988-2-0\"  class=\"panel-grid-cell panel-grid-cell-empty\" ><\/div><div id=\"pgc-4988-2-1\"  class=\"panel-grid-cell panel-grid-cell-mobile-last\" ><div id=\"panel-4988-2-1-0\" class=\"so-panel widget widget_sow-video panel-first-child panel-last-child\" data-index=\"4\" ><div\n\t\t\t\n\t\t\tclass=\"so-widget-sow-video so-widget-sow-video-default-f379b959fc93-4988\"\n\t\t\t\n\t\t>\n<div class=\"sow-video-wrapper use-fitvids no-controls\">\n\t\t\t<iframe loading=\"lazy\" title=\"Iglesia de Santa Clara\" width=\"1140\" height=\"855\" src=\"https:\/\/www.youtube.com\/embed\/yBnY-9Xgih4?feature=oembed&enablejsapi=1\" frameborder=\"0\" allow=\"accelerometer; autoplay; clipboard-write; encrypted-media; gyroscope; picture-in-picture; web-share\" referrerpolicy=\"strict-origin-when-cross-origin\" allowfullscreen><\/iframe>\t<\/div>\n<\/div><\/div><\/div><div id=\"pgc-4988-2-2\"  class=\"panel-grid-cell panel-grid-cell-empty\" ><\/div><\/div><\/div><div id=\"pg-4988-3\"  class=\"panel-grid panel-has-style\" ><div class=\"siteorigin-panels-stretch panel-row-style panel-row-style-for-4988-3\" data-stretch-type=\"full\" ><div id=\"pgc-4988-3-0\"  class=\"panel-grid-cell\" ><div id=\"panel-4988-3-0-0\" class=\"so-panel widget widget_sow-editor panel-first-child panel-last-child\" data-index=\"5\" ><div class=\"panel-widget-style panel-widget-style-for-4988-3-0-0\" ><div\n\t\t\t\n\t\t\tclass=\"so-widget-sow-editor so-widget-sow-editor-base\"\n\t\t\t\n\t\t>\n<div class=\"siteorigin-widget-tinymce textwidget\">\n\t<h2>Convento de San Andr\u00e9s<\/h2>\n<div>\n<p>El convento San Andr\u00e9s es una ermita mud\u00e9jar situada en extramuros de la Puerta Osuna.<\/p>\n<p>Se fund\u00f3 en 1537 por voluntad del Sacerdote Gonzalo Jim\u00e9nez de Benjumea a esta advocaci\u00f3n y sirvi\u00f3 de capilla funeraria al fundador y a su familia.<\/p>\n<p>Cien a\u00f1os m\u00e1s tarde, en 1637, D. Rodrigo Ponce de Le\u00f3n, IV Duque de Arcos, aprovech\u00f3 esta fundaci\u00f3n y templo para acoger a las religiosas mercedarias descalzas.<\/p>\n<p>La antigua ermita San Andr\u00e9s, sufri\u00f3 una profunda transformaci\u00f3n a finales del siglo XVII y principios del siglo XVIII, construy\u00e9ndose la c\u00fapula de la capilla mayor y el coro bajo del templo.<\/p>\n<p>Este coro posee dos tramos cubiertos por falsas b\u00f3vedas de arista completamente decoradas por bellas pinturas al temple, realizadas en 1714. Luce un sencillo retablo que lo preside la imagen de Mar\u00eda de la Merced, comendadora tallada en madera estofada de la escuela de Sevilla del siglo XVIII. Viste h\u00e1bito de la orden y posee una vistosa y rica policrom\u00eda.<\/p>\n<p>El retablo mayor, muy reformado, corresponde al s. XVIII y es de madera tallada y dorada con gran riqueza ornamental.<\/p>\n<p>La imaginer\u00eda principal son la virgen de la Merced y San Andr\u00e9s.<\/p>\n<p>Entre las joyas del templo podemos destacar: una tabla de la Piedad del siglo XVI, obra de Luis Morales; otra de Jes\u00fas Nazareno, del mismo c\u00edrculo de divino Morales, un ecce homo atribuido a Luca Giordano y una anunciaci\u00f3n atribuida a Murillo.<\/p>\n<p>Como curiosidad, el convento conserva los llamados \"libros de profesiones\", que recogen toda la documentaci\u00f3n de las monjas desde los or\u00edgenes de la fundaci\u00f3n hasta el cierre del convento en 1974.<\/p>\n<\/div>\n<\/div>\n<\/div><\/div><\/div><\/div><div id=\"pgc-4988-3-1\"  class=\"panel-grid-cell\" ><div id=\"panel-4988-3-1-0\" class=\"so-panel widget widget_sow-image panel-first-child panel-last-child\" data-index=\"6\" ><div\n\t\t\t\n\t\t\tclass=\"so-widget-sow-image so-widget-sow-image-default-c67d20f9f743-4988\"\n\t\t\t\n\t\t>\n\n<div class=\"sow-image-container\">\n\t\t<img loading=\"lazy\" decoding=\"async\" src=\"https:\/\/turismodemarchena.org\/wp-content\/uploads\/2022\/07\/foto3-3.png\" width=\"498\" height=\"753\" srcset=\"https:\/\/turismodemarchena.org\/wp-content\/uploads\/2022\/07\/foto3-3.png 498w, https:\/\/turismodemarchena.org\/wp-content\/uploads\/2022\/07\/foto3-3-198x300.png 198w\" sizes=\"auto, (max-width: 498px) 100vw, 498px\" title=\"foto3\" alt=\"\" \t\tclass=\"so-widget-image\"\/>\n\t<\/div>\n\n<\/div><\/div><\/div><\/div><\/div><\/div>","protected":false},"excerpt":{"rendered":"<p>Convento de la Pur\u00edsima Concepci\u00f3n El convento de la Pur\u00edsima Concepci\u00f3n, de religiosas recoletas de San Francisco, fue fundado en 1623 por Don Rodrigo Ponce de Le\u00f3n, IV Duque de Arcos, Virrey de N\u00e1poles y su esposa Do\u00f1a Ana de Arag\u00f3n y Sandoval. Dicha fundaci\u00f3n se produce a instalaciones de la venerable Sor Mar\u00eda de&hellip;<\/p>\n","protected":false},"author":1,"featured_media":3294,"parent":4964,"menu_order":0,"comment_status":"closed","ping_status":"closed","template":"","meta":{"content-type":"","footnotes":""},"class_list":["post-4988","page","type-page","status-publish","has-post-thumbnail","hentry","post"],"acf":[],"yoast_head":"<!-- This site is optimized with the Yoast SEO plugin v19.6.1 - https:\/\/yoast.com\/wordpress\/plugins\/seo\/ -->\n<title>Religious architecture (Parishes) - Turismo de Marchena<\/title>\n<meta name=\"description\" content=\"Convento de la Pur\u00edsima Concepci\u00f3n El convento de la Pur\u00edsima Concepci\u00f3n, de religiosas recoletas de San Francisco, fue fundado en 1623 por Don Rodrigo\" \/>\n<meta name=\"robots\" content=\"index, follow, max-snippet:-1, max-image-preview:large, max-video-preview:-1\" \/>\n<link rel=\"canonical\" href=\"https:\/\/turismodemarchena.org\/en\/conoce-marchena\/ciudad-monumental\/arquitectura-religiosa-parroquias\/\" \/>\n<meta property=\"og:locale\" content=\"en_US\" \/>\n<meta property=\"og:type\" content=\"article\" \/>\n<meta property=\"og:title\" content=\"Religious architecture (Parishes) - Turismo de Marchena\" \/>\n<meta property=\"og:description\" content=\"Convento de la Pur\u00edsima Concepci\u00f3n El convento de la Pur\u00edsima Concepci\u00f3n, de religiosas recoletas de San Francisco, fue fundado en 1623 por Don Rodrigo\" \/>\n<meta property=\"og:url\" content=\"https:\/\/turismodemarchena.org\/en\/conoce-marchena\/ciudad-monumental\/arquitectura-religiosa-parroquias\/\" \/>\n<meta property=\"og:site_name\" content=\"Marchena\" \/>\n<meta property=\"article:modified_time\" content=\"2023-04-04T14:33:43+00:00\" \/>\n<meta property=\"og:image\" content=\"https:\/\/turismodemarchena.org\/wp-content\/uploads\/2022\/07\/TURMARCHENA-2411.jpg\" \/>\n\t<meta property=\"og:image:width\" content=\"1920\" \/>\n\t<meta property=\"og:image:height\" content=\"1282\" \/>\n\t<meta property=\"og:image:type\" content=\"image\/jpeg\" \/>\n<meta name=\"twitter:card\" content=\"summary_large_image\" \/>\n<meta name=\"twitter:label1\" content=\"Est. reading time\" \/>\n\t<meta name=\"twitter:data1\" content=\"4 minutes\" \/>\n<script type=\"application\/ld+json\" class=\"yoast-schema-graph\">{\"@context\":\"https:\/\/schema.org\",\"@graph\":[{\"@type\":\"WebPage\",\"@id\":\"https:\/\/turismodemarchena.org\/en\/conoce-marchena\/ciudad-monumental\/arquitectura-religiosa-parroquias\/\",\"url\":\"https:\/\/turismodemarchena.org\/en\/conoce-marchena\/ciudad-monumental\/arquitectura-religiosa-parroquias\/\",\"name\":\"Religious architecture (Parishes) - Turismo de Marchena\",\"isPartOf\":{\"@id\":\"https:\/\/turismodemarchena.org\/#website\"},\"datePublished\":\"2022-06-30T15:25:12+00:00\",\"dateModified\":\"2023-04-04T14:33:43+00:00\",\"description\":\"Convento de la Pur\u00edsima Concepci\u00f3n El convento de la Pur\u00edsima Concepci\u00f3n, de religiosas recoletas de San Francisco, fue fundado en 1623 por Don Rodrigo\",\"breadcrumb\":{\"@id\":\"https:\/\/turismodemarchena.org\/en\/conoce-marchena\/ciudad-monumental\/arquitectura-religiosa-parroquias\/#breadcrumb\"},\"inLanguage\":\"en-US\",\"potentialAction\":[{\"@type\":\"ReadAction\",\"target\":[\"https:\/\/turismodemarchena.org\/en\/conoce-marchena\/ciudad-monumental\/arquitectura-religiosa-parroquias\/\"]}]},{\"@type\":\"BreadcrumbList\",\"@id\":\"https:\/\/turismodemarchena.org\/en\/conoce-marchena\/ciudad-monumental\/arquitectura-religiosa-parroquias\/#breadcrumb\",\"itemListElement\":[{\"@type\":\"ListItem\",\"position\":1,\"name\":\"Home\",\"item\":\"https:\/\/turismodemarchena.org\/en\/\"},{\"@type\":\"ListItem\",\"position\":2,\"name\":\"Meet Marchena\",\"item\":\"https:\/\/turismodemarchena.org\/en\/conoce-marchena\/\"},{\"@type\":\"ListItem\",\"position\":3,\"name\":\"Monumental city\",\"item\":\"https:\/\/turismodemarchena.org\/en\/conoce-marchena\/ciudad-monumental\/\"},{\"@type\":\"ListItem\",\"position\":4,\"name\":\"Religious architecture (Parishes)\"}]},{\"@type\":\"WebSite\",\"@id\":\"https:\/\/turismodemarchena.org\/#website\",\"url\":\"https:\/\/turismodemarchena.org\/\",\"name\":\"Marchena\",\"description\":\"\",\"publisher\":{\"@id\":\"https:\/\/turismodemarchena.org\/#organization\"},\"potentialAction\":[{\"@type\":\"SearchAction\",\"target\":{\"@type\":\"EntryPoint\",\"urlTemplate\":\"https:\/\/turismodemarchena.org\/?s={search_term_string}\"},\"query-input\":\"required name=search_term_string\"}],\"inLanguage\":\"en-US\"},{\"@type\":\"Organization\",\"@id\":\"https:\/\/turismodemarchena.org\/#organization\",\"name\":\"Turismo de Marchena\",\"url\":\"https:\/\/turismodemarchena.org\/\",\"sameAs\":[],\"logo\":{\"@type\":\"ImageObject\",\"inLanguage\":\"en-US\",\"@id\":\"https:\/\/turismodemarchena.org\/#\/schema\/logo\/image\/\",\"url\":\"https:\/\/turismodemarchena.org\/wp-content\/uploads\/2022\/09\/logoAyuntamientoMarchenaB.png\",\"contentUrl\":\"https:\/\/turismodemarchena.org\/wp-content\/uploads\/2022\/09\/logoAyuntamientoMarchenaB.png\",\"width\":184,\"height\":66,\"caption\":\"Turismo de Marchena\"},\"image\":{\"@id\":\"https:\/\/turismodemarchena.org\/#\/schema\/logo\/image\/\"}}]}<\/script>\n<!-- \/ Yoast SEO plugin. -->","yoast_head_json":{"title":"Religious architecture (Parishes) - Turismo de Marchena","description":"Convento de la Pur\u00edsima Concepci\u00f3n El convento de la Pur\u00edsima Concepci\u00f3n, de religiosas recoletas de San Francisco, fue fundado en 1623 por Don Rodrigo","robots":{"index":"index","follow":"follow","max-snippet":"max-snippet:-1","max-image-preview":"max-image-preview:large","max-video-preview":"max-video-preview:-1"},"canonical":"https:\/\/turismodemarchena.org\/en\/conoce-marchena\/ciudad-monumental\/arquitectura-religiosa-parroquias\/","og_locale":"en_US","og_type":"article","og_title":"Religious architecture (Parishes) - Turismo de Marchena","og_description":"Convento de la Pur\u00edsima Concepci\u00f3n El convento de la Pur\u00edsima Concepci\u00f3n, de religiosas recoletas de San Francisco, fue fundado en 1623 por Don Rodrigo","og_url":"https:\/\/turismodemarchena.org\/en\/conoce-marchena\/ciudad-monumental\/arquitectura-religiosa-parroquias\/","og_site_name":"Marchena","article_modified_time":"2023-04-04T14:33:43+00:00","og_image":[{"width":1920,"height":1282,"url":"https:\/\/turismodemarchena.org\/wp-content\/uploads\/2022\/07\/TURMARCHENA-2411.jpg","type":"image\/jpeg"}],"twitter_card":"summary_large_image","twitter_misc":{"Est. reading time":"4 minutes"},"schema":{"@context":"https:\/\/schema.org","@graph":[{"@type":"WebPage","@id":"https:\/\/turismodemarchena.org\/en\/conoce-marchena\/ciudad-monumental\/arquitectura-religiosa-parroquias\/","url":"https:\/\/turismodemarchena.org\/en\/conoce-marchena\/ciudad-monumental\/arquitectura-religiosa-parroquias\/","name":"Religious architecture (Parishes) - Turismo de Marchena","isPartOf":{"@id":"https:\/\/turismodemarchena.org\/#website"},"datePublished":"2022-06-30T15:25:12+00:00","dateModified":"2023-04-04T14:33:43+00:00","description":"Convento de la Pur\u00edsima Concepci\u00f3n El convento de la Pur\u00edsima Concepci\u00f3n, de religiosas recoletas de San Francisco, fue fundado en 1623 por Don Rodrigo","breadcrumb":{"@id":"https:\/\/turismodemarchena.org\/en\/conoce-marchena\/ciudad-monumental\/arquitectura-religiosa-parroquias\/#breadcrumb"},"inLanguage":"en-US","potentialAction":[{"@type":"ReadAction","target":["https:\/\/turismodemarchena.org\/en\/conoce-marchena\/ciudad-monumental\/arquitectura-religiosa-parroquias\/"]}]},{"@type":"BreadcrumbList","@id":"https:\/\/turismodemarchena.org\/en\/conoce-marchena\/ciudad-monumental\/arquitectura-religiosa-parroquias\/#breadcrumb","itemListElement":[{"@type":"ListItem","position":1,"name":"Home","item":"https:\/\/turismodemarchena.org\/en\/"},{"@type":"ListItem","position":2,"name":"Meet Marchena","item":"https:\/\/turismodemarchena.org\/en\/conoce-marchena\/"},{"@type":"ListItem","position":3,"name":"Monumental city","item":"https:\/\/turismodemarchena.org\/en\/conoce-marchena\/ciudad-monumental\/"},{"@type":"ListItem","position":4,"name":"Religious architecture (Parishes)"}]},{"@type":"WebSite","@id":"https:\/\/turismodemarchena.org\/#website","url":"https:\/\/turismodemarchena.org\/","name":"Marchena","description":"","publisher":{"@id":"https:\/\/turismodemarchena.org\/#organization"},"potentialAction":[{"@type":"SearchAction","target":{"@type":"EntryPoint","urlTemplate":"https:\/\/turismodemarchena.org\/?s={search_term_string}"},"query-input":"required name=search_term_string"}],"inLanguage":"en-US"},{"@type":"Organization","@id":"https:\/\/turismodemarchena.org\/#organization","name":"Turismo de Marchena","url":"https:\/\/turismodemarchena.org\/","sameAs":[],"logo":{"@type":"ImageObject","inLanguage":"en-US","@id":"https:\/\/turismodemarchena.org\/#\/schema\/logo\/image\/","url":"https:\/\/turismodemarchena.org\/wp-content\/uploads\/2022\/09\/logoAyuntamientoMarchenaB.png","contentUrl":"https:\/\/turismodemarchena.org\/wp-content\/uploads\/2022\/09\/logoAyuntamientoMarchenaB.png","width":184,"height":66,"caption":"Turismo de Marchena"},"image":{"@id":"https:\/\/turismodemarchena.org\/#\/schema\/logo\/image\/"}}]}},"_links":{"self":[{"href":"https:\/\/turismodemarchena.org\/en\/wp-json\/wp\/v2\/pages\/4988","targetHints":{"allow":["GET"]}}],"collection":[{"href":"https:\/\/turismodemarchena.org\/en\/wp-json\/wp\/v2\/pages"}],"about":[{"href":"https:\/\/turismodemarchena.org\/en\/wp-json\/wp\/v2\/types\/page"}],"author":[{"embeddable":true,"href":"https:\/\/turismodemarchena.org\/en\/wp-json\/wp\/v2\/users\/1"}],"replies":[{"embeddable":true,"href":"https:\/\/turismodemarchena.org\/en\/wp-json\/wp\/v2\/comments?post=4988"}],"version-history":[{"count":4,"href":"https:\/\/turismodemarchena.org\/en\/wp-json\/wp\/v2\/pages\/4988\/revisions"}],"predecessor-version":[{"id":5485,"href":"https:\/\/turismodemarchena.org\/en\/wp-json\/wp\/v2\/pages\/4988\/revisions\/5485"}],"up":[{"embeddable":true,"href":"https:\/\/turismodemarchena.org\/en\/wp-json\/wp\/v2\/pages\/4964"}],"wp:featuredmedia":[{"embeddable":true,"href":"https:\/\/turismodemarchena.org\/en\/wp-json\/wp\/v2\/media\/3294"}],"wp:attachment":[{"href":"https:\/\/turismodemarchena.org\/en\/wp-json\/wp\/v2\/media?parent=4988"}],"curies":[{"name":"wp","href":"https:\/\/api.w.org\/{rel}","templated":true}]}}