{"id":4980,"date":"2022-06-30T17:26:03","date_gmt":"2022-06-30T15:26:03","guid":{"rendered":"https:\/\/turismodemarchena.org\/conoce-marchena\/ciudad-monumental\/arquitectura-religiosa-conventos\/"},"modified":"2023-04-04T16:29:09","modified_gmt":"2023-04-04T14:29:09","slug":"arquitectura-religiosa-conventos","status":"publish","type":"page","link":"https:\/\/turismodemarchena.org\/en\/conoce-marchena\/ciudad-monumental\/arquitectura-religiosa-conventos\/","title":{"rendered":"Religious architecture (Convents)"},"content":{"rendered":"<div id=\"pl-4980\"  class=\"panel-layout\" ><div id=\"pg-4980-0\"  class=\"panel-grid panel-has-style\" ><div class=\"siteorigin-panels-stretch panel-row-style panel-row-style-for-4980-0\" data-stretch-type=\"full\" ><div id=\"pgc-4980-0-0\"  class=\"panel-grid-cell\" ><div id=\"panel-4980-0-0-0\" class=\"so-panel widget widget_sow-editor panel-first-child panel-last-child\" data-index=\"0\" ><div class=\"panel-widget-style panel-widget-style-for-4980-0-0-0\" ><div\n\t\t\t\n\t\t\tclass=\"so-widget-sow-editor so-widget-sow-editor-base\"\n\t\t\t\n\t\t>\n<div class=\"siteorigin-widget-tinymce textwidget\">\n\t<h2>Parroquia de San Juan Bautista<\/h2>\n<div>\n<p>La Iglesia de San Juan Bautista es un edificio de finales del s. XV declarado bien de inter\u00e9s cultural en 1931. Su estilo es g\u00f3tico-mud\u00e9jar con planta Basilical. Posee tres puertas que dan acceso a cinco naves. Las tres centrales, sus alfarjes y cabeceras confirman su car\u00e1cter mud\u00e9jar. Las naves colaterales, el altar mayor y el del Sagrario el estilo G\u00f3tico.<\/p>\n<p>El retablo mayor es uno de los mejores ejemplos del G\u00f3tico Sevillano del primer tercio del siglo XVI con tablas y esculturas de los grandes maestros del Retablo Mayor de la catedral de Sevilla, Alejo y Jorge Fern\u00e1ndez. El retablo del Sagrario, realizado 20 a\u00f1os m\u00e1s tarde (1557) es obra de Roque Balduque.<\/p>\n<p>Su coro Barroco (1715-17) presenta una siller\u00eda finalmente tallada en maderas nobles de cedro, cipr\u00e9s y caoba manifiesta los recursos estil\u00edsticos y t\u00e9cnicos de Jer\u00f3nimo de Balbas -en dise\u00f1o- y Juan de Valencia en ejecuci\u00f3n.<\/p>\n<p>A ambos lados se aprecian dos monumentales \u00f3rganos, uno barroco (1675) y otro Neocl\u00e1sico (1802).<\/p>\n<p>Se pueden contemplar por todo el templo obras de artistas como Pedro de Mena, Francisco de Oviedo, Juan de Mesa, Vasco Pereira...<\/p>\n<p>De las piezas de orfebrer\u00eda cabr\u00eda destacar la custodia de Francisco de Alfaro, de plata dorada de 1575, que sale en procesi\u00f3n el d\u00eda del Corpus Christi.<\/p>\n<\/div>\n<\/div>\n<\/div><\/div><\/div><\/div><div id=\"pgc-4980-0-1\"  class=\"panel-grid-cell\" ><div id=\"panel-4980-0-1-0\" class=\"so-panel widget widget_sow-image panel-first-child\" data-index=\"1\" ><div class=\"u-sombra-izda panel-widget-style panel-widget-style-for-4980-0-1-0\" ><div\n\t\t\t\n\t\t\tclass=\"so-widget-sow-image so-widget-sow-image-default-c67d20f9f743-4980\"\n\t\t\t\n\t\t>\n\n<div class=\"sow-image-container\">\n\t\t<img loading=\"lazy\" decoding=\"async\" src=\"https:\/\/turismodemarchena.org\/wp-content\/uploads\/2022\/07\/sanjuan-225x300-1.jpg\" width=\"225\" height=\"300\" sizes=\"auto, (max-width: 225px) 100vw, 225px\" title=\"sanjuan-225&#215;300\" alt=\"\" \t\tclass=\"so-widget-image\"\/>\n\t<\/div>\n\n<\/div><\/div><\/div><div id=\"panel-4980-0-1-1\" class=\"so-panel widget widget_sow-video panel-last-child\" data-index=\"2\" ><div\n\t\t\t\n\t\t\tclass=\"so-widget-sow-video so-widget-sow-video-default-f379b959fc93-4980\"\n\t\t\t\n\t\t>\n<div class=\"sow-video-wrapper use-fitvids no-controls\">\n\t\t\t<iframe loading=\"lazy\" title=\"Iglesia de San Juan\" width=\"1140\" height=\"855\" src=\"https:\/\/www.youtube.com\/embed\/YQNLvdm43sA?feature=oembed&enablejsapi=1\" frameborder=\"0\" allow=\"accelerometer; autoplay; clipboard-write; encrypted-media; gyroscope; picture-in-picture; web-share\" referrerpolicy=\"strict-origin-when-cross-origin\" allowfullscreen><\/iframe>\t<\/div>\n<\/div><\/div><\/div><\/div><\/div><div id=\"pg-4980-1\"  class=\"panel-grid panel-has-style\" ><div class=\"u-invertir-orden siteorigin-panels-stretch panel-row-style panel-row-style-for-4980-1\" data-stretch-type=\"full\" ><div id=\"pgc-4980-1-0\"  class=\"panel-grid-cell\" ><div id=\"panel-4980-1-0-0\" class=\"so-panel widget widget_sow-image panel-first-child\" data-index=\"3\" ><div class=\"u-sombra-dcha panel-widget-style panel-widget-style-for-4980-1-0-0\" ><div\n\t\t\t\n\t\t\tclass=\"so-widget-sow-image so-widget-sow-image-default-c67d20f9f743-4980\"\n\t\t\t\n\t\t>\n\n<div class=\"sow-image-container\">\n\t\t<img loading=\"lazy\" decoding=\"async\" src=\"https:\/\/turismodemarchena.org\/wp-content\/uploads\/2022\/07\/museosanjuan-300x225-1.jpg\" width=\"300\" height=\"225\" sizes=\"auto, (max-width: 300px) 100vw, 300px\" title=\"museosanjuan-300&#215;225\" alt=\"\" \t\tclass=\"so-widget-image\"\/>\n\t<\/div>\n\n<\/div><\/div><\/div><div id=\"panel-4980-1-0-1\" class=\"so-panel widget widget_sow-video panel-last-child\" data-index=\"4\" ><div\n\t\t\t\n\t\t\tclass=\"so-widget-sow-video so-widget-sow-video-default-f379b959fc93-4980\"\n\t\t\t\n\t\t>\n<div class=\"sow-video-wrapper use-fitvids no-controls\">\n\t\t\t<iframe loading=\"lazy\" title=\"Colecci\u00f3n Parroquial de Zurbar\u00e1n\" width=\"1140\" height=\"855\" src=\"https:\/\/www.youtube.com\/embed\/NmFIdZrpYGo?feature=oembed&enablejsapi=1\" frameborder=\"0\" allow=\"accelerometer; autoplay; clipboard-write; encrypted-media; gyroscope; picture-in-picture; web-share\" referrerpolicy=\"strict-origin-when-cross-origin\" allowfullscreen><\/iframe>\t<\/div>\n<\/div><\/div><\/div><div id=\"pgc-4980-1-1\"  class=\"panel-grid-cell\" ><div id=\"panel-4980-1-1-0\" class=\"so-panel widget widget_sow-editor panel-first-child panel-last-child\" data-index=\"5\" ><div class=\"panel-widget-style panel-widget-style-for-4980-1-1-0\" ><div\n\t\t\t\n\t\t\tclass=\"so-widget-sow-editor so-widget-sow-editor-base\"\n\t\t\t\n\t\t>\n<div class=\"siteorigin-widget-tinymce textwidget\">\n\t<h2>Colecci\u00f3n de la Parroquia de San Juan<\/h2>\n<div>\n<p>La Iglesia de San Juan es un templo consagrado a la Degollaci\u00f3n de San Juan Bautista. Es monumento Hist\u00f3rico Art\u00edstico y posee obras de gran inter\u00e9s, por lo que fue declarado como Bien de Inter\u00e9s Cultural el 3 de junio de 1931.<\/p>\n<p>Su construcci\u00f3n se desarrolla durante el siglo XV. En 1490 ya se hab\u00edan terminado la nave central y las dos laterales. Posteriormente, en el siglo XVI se ampl\u00eda a cinco naves. Es de estilo g\u00f3tico-mud\u00e9jar y fue construida a dos aguas con el exterior de tejas y el interior de artesonado mud\u00e9jar.<\/p>\n<p>La Sacrist\u00eda original de la iglesia, de planta rectangular, es ampliada en el primer tercio del s. XVII y es la propia parroquia la que, en 1634, realiza el encargo de nueve lienzos para la decoraci\u00f3n de dicha Sacrist\u00eda al pintor extreme\u00f1o Francisco de Zurbar\u00e1n, coincidiendo con su estancia en Sevilla realizando unos trabajos para la capital hispalense.<\/p>\n<p>Dichos lienzos forman una de las joyas que posee esta Iglesia, la Colecci\u00f3n Parroquial de Zurbar\u00e1n.<\/p>\n<p>La colecci\u00f3n fue entregada en 1637 y est\u00e1 compuesta por nueve cuadros: Crucificado, Inmaculada, San Juan Bautista y medio Apostolado (San Pedro, San Andr\u00e9s, San Bartolom\u00e9, San Pablo, Santiago el Mayor y San Juan Evangelista). Posee un marcado tenebrismo y constituye una de las series pict\u00f3ricas barrocas en las que m\u00e1s destaca la mano del artista de Fuente de Cantos, especialmente en la Inmaculada, el Crucificado y San Bartolom\u00e9.<\/p>\n<p>La primera atrae el inter\u00e9s de especialistas por su singularidad y movimiento, as\u00ed como el paisaje m\u00edstico-simb\u00f3lico del fondo. El Crucificado resalta por su estudio de la luz del eclipse que hace destacar la figura de Cristo sobre el fondo negro del lienzo as\u00ed como el minucioso trabajo del blanco pa\u00f1o de pureza.<\/p>\n<p>San Bartolom\u00e9 destaca por los pliegues, textura y ca\u00edda de las telas. Todas estas son razones por las que han participado en exposiciones nacionales e internacionales tales como las de Nueva York, Paris, Atenas y Madrid entre otros.<\/p>\n<\/div>\n<\/div>\n<\/div><\/div><\/div><\/div><\/div><\/div><div id=\"pg-4980-2\"  class=\"panel-grid panel-has-style\" ><div class=\"siteorigin-panels-stretch panel-row-style panel-row-style-for-4980-2\" data-stretch-type=\"full\" ><div id=\"pgc-4980-2-0\"  class=\"panel-grid-cell\" ><div id=\"panel-4980-2-0-0\" class=\"so-panel widget widget_sow-editor panel-first-child panel-last-child\" data-index=\"6\" ><div class=\"panel-widget-style panel-widget-style-for-4980-2-0-0\" ><div\n\t\t\t\n\t\t\tclass=\"so-widget-sow-editor so-widget-sow-editor-base\"\n\t\t\t\n\t\t>\n<div class=\"siteorigin-widget-tinymce textwidget\">\n\t<h2>Parroquia de San Sebasti\u00e1n<\/h2>\n<div>\n<p>La actual Iglesia de San Sebasti\u00e1n se levant\u00f3 en el siglo XVIII, tras el derribo del templo anterior que se encontraba en estado ruinoso debido al terremoto de Lisboa de 1775. Fue trazada por Pedro de Silva y ejecutada por alarifes locales, inaugur\u00e1ndose el nuevo edificio en 1778.<\/p>\n<p>Fue construida en descampado, fuera del recinto amurallado y, probablemente, fue una ermita bajo la advocaci\u00f3n del patrono de Marchena.<\/p>\n<p>Su interior es de tres naves de la misma longitud y la techumbre a\u00fan conserva parte de la forja del artesonado de par e hilera de estilo mud\u00e9jar.<\/p>\n<p>El retablo principal es barroco, de mediados del siglo XVIII.<\/p>\n<p>La hornacina principal alberga una escultura del patr\u00f3n, San Sebasti\u00e1n, del s. XVI.<\/p>\n<p>La puerta de acceso a la Iglesia se abre en el muro izquierdo y est\u00e1 fechada en 1823.<\/p>\n<p>A los pies de la Iglesia se levanta una torre del siglo XVI de ladrillo, con dos cuerpos y chapitel decorado con azulejos.<\/p>\n<p>En las naves laterales, podemos contemplar diferentes retablos barrocos entre los que destacamos el altar de cabecera del muro izquierdo en cuya hornacina principal aparece una escultura del ni\u00f1o Jes\u00fas, de vestir, con atributos de la pasi\u00f3n que data del s. XVI. Esa imagen forma parte de la Hermandad del Dulce Nombre de Jes\u00fas y sale en procesi\u00f3n el Jueves Santo por la tarde.<\/p>\n<p>En la nave del evangelio est\u00e1 la antigua capilla de la Caridad, fundada en 1650 y que fue a\u00f1adida a la Iglesia en la segunda mitad del s. XVIII.<\/p>\n<p>Fue dise\u00f1ada por Ambrosio de Figueroa y su tramo circular se cubre con una bella c\u00fapula. Preside este sagrario un altar de cer\u00e1mica, moderno, con im\u00e1genes de la misma<\/p>\n<p>Las ricas yeser\u00edas que decoraban su interior se destruyeron con el incendio que sufri\u00f3 en 1932.<\/p>\n<p>Este edificio es uno de los ejemplos m\u00e1s singulares de la arquitectura andaluza por su extremado barroquismo.<\/p>\n<\/div>\n<\/div>\n<\/div><\/div><\/div><\/div><div id=\"pgc-4980-2-1\"  class=\"panel-grid-cell\" ><div id=\"panel-4980-2-1-0\" class=\"so-panel widget widget_sow-image panel-first-child panel-last-child\" data-index=\"7\" ><div\n\t\t\t\n\t\t\tclass=\"so-widget-sow-image so-widget-sow-image-default-c67d20f9f743-4980\"\n\t\t\t\n\t\t>\n\n<div class=\"sow-image-container\">\n\t\t<img loading=\"lazy\" decoding=\"async\" src=\"https:\/\/turismodemarchena.org\/wp-content\/uploads\/2022\/07\/foto1-2.png\" width=\"565\" height=\"555\" srcset=\"https:\/\/turismodemarchena.org\/wp-content\/uploads\/2022\/07\/foto1-2.png 565w, https:\/\/turismodemarchena.org\/wp-content\/uploads\/2022\/07\/foto1-2-300x295.png 300w\" sizes=\"auto, (max-width: 565px) 100vw, 565px\" title=\"foto1\" alt=\"\" \t\tclass=\"so-widget-image\"\/>\n\t<\/div>\n\n<\/div><\/div><\/div><\/div><\/div><div id=\"pg-4980-3\"  class=\"panel-grid panel-has-style\" ><div class=\"siteorigin-panels-stretch panel-row-style panel-row-style-for-4980-3\" data-stretch-type=\"full\" ><div id=\"pgc-4980-3-0\"  class=\"panel-grid-cell panel-grid-cell-empty\" ><\/div><div id=\"pgc-4980-3-1\"  class=\"panel-grid-cell panel-grid-cell-mobile-last\" ><div id=\"panel-4980-3-1-0\" class=\"so-panel widget widget_sow-video panel-first-child panel-last-child\" data-index=\"8\" ><div\n\t\t\t\n\t\t\tclass=\"so-widget-sow-video so-widget-sow-video-default-f379b959fc93-4980\"\n\t\t\t\n\t\t>\n<div class=\"sow-video-wrapper use-fitvids no-controls\">\n\t\t\t<iframe loading=\"lazy\" title=\"San Sebasti\u00e1n\" width=\"1140\" height=\"855\" src=\"https:\/\/www.youtube.com\/embed\/_cf_pW8g4E0?feature=oembed&enablejsapi=1\" frameborder=\"0\" allow=\"accelerometer; autoplay; clipboard-write; encrypted-media; gyroscope; picture-in-picture; web-share\" referrerpolicy=\"strict-origin-when-cross-origin\" allowfullscreen><\/iframe>\t<\/div>\n<\/div><\/div><\/div><div id=\"pgc-4980-3-2\"  class=\"panel-grid-cell panel-grid-cell-empty\" ><\/div><\/div><\/div><div id=\"pg-4980-4\"  class=\"panel-grid panel-has-style\" ><div class=\"u-invertir-orden siteorigin-panels-stretch panel-row-style panel-row-style-for-4980-4\" data-stretch-type=\"full\" ><div id=\"pgc-4980-4-0\"  class=\"panel-grid-cell\" ><div id=\"panel-4980-4-0-0\" class=\"so-panel widget widget_sow-image panel-first-child\" data-index=\"9\" ><div class=\"u-sombra-dcha panel-widget-style panel-widget-style-for-4980-4-0-0\" ><div\n\t\t\t\n\t\t\tclass=\"so-widget-sow-image so-widget-sow-image-default-c67d20f9f743-4980\"\n\t\t\t\n\t\t>\n\n<div class=\"sow-image-container\">\n\t\t<img loading=\"lazy\" decoding=\"async\" src=\"https:\/\/turismodemarchena.org\/wp-content\/uploads\/2022\/07\/sanmiguel2-200x300-1.jpg\" width=\"200\" height=\"300\" sizes=\"auto, (max-width: 200px) 100vw, 200px\" title=\"sanmiguel2-200&#215;300\" alt=\"\" \t\tclass=\"so-widget-image\"\/>\n\t<\/div>\n\n<\/div><\/div><\/div><div id=\"panel-4980-4-0-1\" class=\"so-panel widget widget_sow-video panel-last-child\" data-index=\"10\" ><div\n\t\t\t\n\t\t\tclass=\"so-widget-sow-video so-widget-sow-video-default-f379b959fc93-4980\"\n\t\t\t\n\t\t>\n<div class=\"sow-video-wrapper use-fitvids no-controls\">\n\t\t\t<iframe loading=\"lazy\" title=\"San Miguel\" width=\"1140\" height=\"855\" src=\"https:\/\/www.youtube.com\/embed\/KjP6CKaLdNg?feature=oembed&enablejsapi=1\" frameborder=\"0\" allow=\"accelerometer; autoplay; clipboard-write; encrypted-media; gyroscope; picture-in-picture; web-share\" referrerpolicy=\"strict-origin-when-cross-origin\" allowfullscreen><\/iframe>\t<\/div>\n<\/div><\/div><\/div><div id=\"pgc-4980-4-1\"  class=\"panel-grid-cell\" ><div id=\"panel-4980-4-1-0\" class=\"so-panel widget widget_sow-editor panel-first-child panel-last-child\" data-index=\"11\" ><div class=\"panel-widget-style panel-widget-style-for-4980-4-1-0\" ><div\n\t\t\t\n\t\t\tclass=\"so-widget-sow-editor so-widget-sow-editor-base\"\n\t\t\t\n\t\t>\n<div class=\"siteorigin-widget-tinymce textwidget\">\n\t<h2>Parroquia de San Miguel<\/h2>\n<div>\n<p>La Iglesia San Miguel surgi\u00f3 como una ermita dedicada a la advocaci\u00f3n del Arc\u00e1ngel y se encuentra situada en lo que eran los arrabales de la ciudad.<\/p>\n<p>Es un edificio construido en ladrillo, con tres naves, de tres tramos cada una separadas por pilares cruciformes que sostienen arcos apuntados.<\/p>\n<p>La Iglesia tiene un n\u00facleo mud\u00e9jar que ha sufrido reformas posteriores, sobre todo el siglo XVIII, del que datan las capillas laterales del coro.<\/p>\n<p>El retablo mayor es de madera tallada sin dorar, de estilo Rococ\u00f3, realizado en la segunda mitad del siglo XVIII. La imagen principal es de una escultura de San Miguel, ejecutada por Pedro Rold\u00e1n en 1657.<\/p>\n<p>En la nave izquierda, se abre la capilla dedicada a la Virgen de los Remedios, cuyo retablo fue hecho en 1770.<\/p>\n<p>En la misma nave se sit\u00faa la capilla del Sagrario, con una c\u00fapula profusamente decorada. En la hornacina central del retablo podemos contemplar una escultura muy venerada de Jes\u00fas Nazareno.<\/p>\n<p>El conjunto se puede datar a mediados del siglo XVIII.<\/p>\n<p>En los laterales hay dos retablos de hornacina, con columnas salom\u00f3nicas de principios del siglo XVIII, conteniendo el de la derecha una imagen de la Virgen de las L\u00e1grimas, de escuela Granadina, algo posterior al retablo y, a la izquierda, una figura de San Juan Evangelista m\u00e1s moderna. Todas las im\u00e1genes salen en procesi\u00f3n el Viernes Santo.<\/p>\n<p>La techumbre del templo tiene influencia mud\u00e9jar ya que posee artesonado de par e hilera.<\/p>\n<\/div>\n<\/div>\n<\/div><\/div><\/div><\/div><\/div><\/div><\/div>","protected":false},"excerpt":{"rendered":"<p>Parroquia de San Juan Bautista La Iglesia de San Juan Bautista es un edificio de finales del s. XV declarado bien de inter\u00e9s cultural en 1931. Su estilo es g\u00f3tico-mud\u00e9jar con planta Basilical. Posee tres puertas que dan acceso a cinco naves. Las tres centrales, sus alfarjes y cabeceras confirman su car\u00e1cter mud\u00e9jar. Las naves&hellip;<\/p>\n","protected":false},"author":1,"featured_media":3290,"parent":4964,"menu_order":0,"comment_status":"closed","ping_status":"closed","template":"","meta":{"content-type":"","footnotes":""},"class_list":["post-4980","page","type-page","status-publish","has-post-thumbnail","hentry","post"],"acf":[],"yoast_head":"<!-- This site is optimized with the Yoast SEO plugin v19.6.1 - https:\/\/yoast.com\/wordpress\/plugins\/seo\/ -->\n<title>Religious architecture (Convents) - Turismo de Marchena<\/title>\n<meta name=\"description\" content=\"Parroquia de San Juan Bautista La Iglesia de San Juan Bautista es un edificio de finales del s. XV declarado bien de inter\u00e9s cultural en 1931. Su estilo\" \/>\n<meta name=\"robots\" content=\"index, follow, max-snippet:-1, max-image-preview:large, max-video-preview:-1\" \/>\n<link rel=\"canonical\" href=\"https:\/\/turismodemarchena.org\/en\/conoce-marchena\/ciudad-monumental\/arquitectura-religiosa-conventos\/\" \/>\n<meta property=\"og:locale\" content=\"en_US\" \/>\n<meta property=\"og:type\" content=\"article\" \/>\n<meta property=\"og:title\" content=\"Religious architecture (Convents) - Turismo de Marchena\" \/>\n<meta property=\"og:description\" content=\"Parroquia de San Juan Bautista La Iglesia de San Juan Bautista es un edificio de finales del s. XV declarado bien de inter\u00e9s cultural en 1931. Su estilo\" \/>\n<meta property=\"og:url\" content=\"https:\/\/turismodemarchena.org\/en\/conoce-marchena\/ciudad-monumental\/arquitectura-religiosa-conventos\/\" \/>\n<meta property=\"og:site_name\" content=\"Marchena\" \/>\n<meta property=\"article:modified_time\" content=\"2023-04-04T14:29:09+00:00\" \/>\n<meta property=\"og:image\" content=\"https:\/\/turismodemarchena.org\/wp-content\/uploads\/2022\/07\/TURMARCHENA-6127.jpg\" \/>\n\t<meta property=\"og:image:width\" content=\"1282\" \/>\n\t<meta property=\"og:image:height\" content=\"1105\" \/>\n\t<meta property=\"og:image:type\" content=\"image\/jpeg\" \/>\n<meta name=\"twitter:card\" content=\"summary_large_image\" \/>\n<meta name=\"twitter:label1\" content=\"Est. reading time\" \/>\n\t<meta name=\"twitter:data1\" content=\"6 minutes\" \/>\n<script type=\"application\/ld+json\" class=\"yoast-schema-graph\">{\"@context\":\"https:\/\/schema.org\",\"@graph\":[{\"@type\":\"WebPage\",\"@id\":\"https:\/\/turismodemarchena.org\/en\/conoce-marchena\/ciudad-monumental\/arquitectura-religiosa-conventos\/\",\"url\":\"https:\/\/turismodemarchena.org\/en\/conoce-marchena\/ciudad-monumental\/arquitectura-religiosa-conventos\/\",\"name\":\"Religious architecture (Convents) - Turismo de Marchena\",\"isPartOf\":{\"@id\":\"https:\/\/turismodemarchena.org\/#website\"},\"datePublished\":\"2022-06-30T15:26:03+00:00\",\"dateModified\":\"2023-04-04T14:29:09+00:00\",\"description\":\"Parroquia de San Juan Bautista La Iglesia de San Juan Bautista es un edificio de finales del s. XV declarado bien de inter\u00e9s cultural en 1931. Su estilo\",\"breadcrumb\":{\"@id\":\"https:\/\/turismodemarchena.org\/en\/conoce-marchena\/ciudad-monumental\/arquitectura-religiosa-conventos\/#breadcrumb\"},\"inLanguage\":\"en-US\",\"potentialAction\":[{\"@type\":\"ReadAction\",\"target\":[\"https:\/\/turismodemarchena.org\/en\/conoce-marchena\/ciudad-monumental\/arquitectura-religiosa-conventos\/\"]}]},{\"@type\":\"BreadcrumbList\",\"@id\":\"https:\/\/turismodemarchena.org\/en\/conoce-marchena\/ciudad-monumental\/arquitectura-religiosa-conventos\/#breadcrumb\",\"itemListElement\":[{\"@type\":\"ListItem\",\"position\":1,\"name\":\"Home\",\"item\":\"https:\/\/turismodemarchena.org\/en\/\"},{\"@type\":\"ListItem\",\"position\":2,\"name\":\"Meet Marchena\",\"item\":\"https:\/\/turismodemarchena.org\/en\/conoce-marchena\/\"},{\"@type\":\"ListItem\",\"position\":3,\"name\":\"Monumental city\",\"item\":\"https:\/\/turismodemarchena.org\/en\/conoce-marchena\/ciudad-monumental\/\"},{\"@type\":\"ListItem\",\"position\":4,\"name\":\"Religious architecture (Convents)\"}]},{\"@type\":\"WebSite\",\"@id\":\"https:\/\/turismodemarchena.org\/#website\",\"url\":\"https:\/\/turismodemarchena.org\/\",\"name\":\"Marchena\",\"description\":\"\",\"publisher\":{\"@id\":\"https:\/\/turismodemarchena.org\/#organization\"},\"potentialAction\":[{\"@type\":\"SearchAction\",\"target\":{\"@type\":\"EntryPoint\",\"urlTemplate\":\"https:\/\/turismodemarchena.org\/?s={search_term_string}\"},\"query-input\":\"required name=search_term_string\"}],\"inLanguage\":\"en-US\"},{\"@type\":\"Organization\",\"@id\":\"https:\/\/turismodemarchena.org\/#organization\",\"name\":\"Turismo de Marchena\",\"url\":\"https:\/\/turismodemarchena.org\/\",\"sameAs\":[],\"logo\":{\"@type\":\"ImageObject\",\"inLanguage\":\"en-US\",\"@id\":\"https:\/\/turismodemarchena.org\/#\/schema\/logo\/image\/\",\"url\":\"https:\/\/turismodemarchena.org\/wp-content\/uploads\/2022\/09\/logoAyuntamientoMarchenaB.png\",\"contentUrl\":\"https:\/\/turismodemarchena.org\/wp-content\/uploads\/2022\/09\/logoAyuntamientoMarchenaB.png\",\"width\":184,\"height\":66,\"caption\":\"Turismo de Marchena\"},\"image\":{\"@id\":\"https:\/\/turismodemarchena.org\/#\/schema\/logo\/image\/\"}}]}<\/script>\n<!-- \/ Yoast SEO plugin. -->","yoast_head_json":{"title":"Religious architecture (Convents) - Turismo de Marchena","description":"Parroquia de San Juan Bautista La Iglesia de San Juan Bautista es un edificio de finales del s. XV declarado bien de inter\u00e9s cultural en 1931. Su estilo","robots":{"index":"index","follow":"follow","max-snippet":"max-snippet:-1","max-image-preview":"max-image-preview:large","max-video-preview":"max-video-preview:-1"},"canonical":"https:\/\/turismodemarchena.org\/en\/conoce-marchena\/ciudad-monumental\/arquitectura-religiosa-conventos\/","og_locale":"en_US","og_type":"article","og_title":"Religious architecture (Convents) - Turismo de Marchena","og_description":"Parroquia de San Juan Bautista La Iglesia de San Juan Bautista es un edificio de finales del s. XV declarado bien de inter\u00e9s cultural en 1931. Su estilo","og_url":"https:\/\/turismodemarchena.org\/en\/conoce-marchena\/ciudad-monumental\/arquitectura-religiosa-conventos\/","og_site_name":"Marchena","article_modified_time":"2023-04-04T14:29:09+00:00","og_image":[{"width":1282,"height":1105,"url":"https:\/\/turismodemarchena.org\/wp-content\/uploads\/2022\/07\/TURMARCHENA-6127.jpg","type":"image\/jpeg"}],"twitter_card":"summary_large_image","twitter_misc":{"Est. reading time":"6 minutes"},"schema":{"@context":"https:\/\/schema.org","@graph":[{"@type":"WebPage","@id":"https:\/\/turismodemarchena.org\/en\/conoce-marchena\/ciudad-monumental\/arquitectura-religiosa-conventos\/","url":"https:\/\/turismodemarchena.org\/en\/conoce-marchena\/ciudad-monumental\/arquitectura-religiosa-conventos\/","name":"Religious architecture (Convents) - Turismo de Marchena","isPartOf":{"@id":"https:\/\/turismodemarchena.org\/#website"},"datePublished":"2022-06-30T15:26:03+00:00","dateModified":"2023-04-04T14:29:09+00:00","description":"Parroquia de San Juan Bautista La Iglesia de San Juan Bautista es un edificio de finales del s. XV declarado bien de inter\u00e9s cultural en 1931. Su estilo","breadcrumb":{"@id":"https:\/\/turismodemarchena.org\/en\/conoce-marchena\/ciudad-monumental\/arquitectura-religiosa-conventos\/#breadcrumb"},"inLanguage":"en-US","potentialAction":[{"@type":"ReadAction","target":["https:\/\/turismodemarchena.org\/en\/conoce-marchena\/ciudad-monumental\/arquitectura-religiosa-conventos\/"]}]},{"@type":"BreadcrumbList","@id":"https:\/\/turismodemarchena.org\/en\/conoce-marchena\/ciudad-monumental\/arquitectura-religiosa-conventos\/#breadcrumb","itemListElement":[{"@type":"ListItem","position":1,"name":"Home","item":"https:\/\/turismodemarchena.org\/en\/"},{"@type":"ListItem","position":2,"name":"Meet Marchena","item":"https:\/\/turismodemarchena.org\/en\/conoce-marchena\/"},{"@type":"ListItem","position":3,"name":"Monumental city","item":"https:\/\/turismodemarchena.org\/en\/conoce-marchena\/ciudad-monumental\/"},{"@type":"ListItem","position":4,"name":"Religious architecture (Convents)"}]},{"@type":"WebSite","@id":"https:\/\/turismodemarchena.org\/#website","url":"https:\/\/turismodemarchena.org\/","name":"Marchena","description":"","publisher":{"@id":"https:\/\/turismodemarchena.org\/#organization"},"potentialAction":[{"@type":"SearchAction","target":{"@type":"EntryPoint","urlTemplate":"https:\/\/turismodemarchena.org\/?s={search_term_string}"},"query-input":"required name=search_term_string"}],"inLanguage":"en-US"},{"@type":"Organization","@id":"https:\/\/turismodemarchena.org\/#organization","name":"Turismo de Marchena","url":"https:\/\/turismodemarchena.org\/","sameAs":[],"logo":{"@type":"ImageObject","inLanguage":"en-US","@id":"https:\/\/turismodemarchena.org\/#\/schema\/logo\/image\/","url":"https:\/\/turismodemarchena.org\/wp-content\/uploads\/2022\/09\/logoAyuntamientoMarchenaB.png","contentUrl":"https:\/\/turismodemarchena.org\/wp-content\/uploads\/2022\/09\/logoAyuntamientoMarchenaB.png","width":184,"height":66,"caption":"Turismo de Marchena"},"image":{"@id":"https:\/\/turismodemarchena.org\/#\/schema\/logo\/image\/"}}]}},"_links":{"self":[{"href":"https:\/\/turismodemarchena.org\/en\/wp-json\/wp\/v2\/pages\/4980","targetHints":{"allow":["GET"]}}],"collection":[{"href":"https:\/\/turismodemarchena.org\/en\/wp-json\/wp\/v2\/pages"}],"about":[{"href":"https:\/\/turismodemarchena.org\/en\/wp-json\/wp\/v2\/types\/page"}],"author":[{"embeddable":true,"href":"https:\/\/turismodemarchena.org\/en\/wp-json\/wp\/v2\/users\/1"}],"replies":[{"embeddable":true,"href":"https:\/\/turismodemarchena.org\/en\/wp-json\/wp\/v2\/comments?post=4980"}],"version-history":[{"count":4,"href":"https:\/\/turismodemarchena.org\/en\/wp-json\/wp\/v2\/pages\/4980\/revisions"}],"predecessor-version":[{"id":5483,"href":"https:\/\/turismodemarchena.org\/en\/wp-json\/wp\/v2\/pages\/4980\/revisions\/5483"}],"up":[{"embeddable":true,"href":"https:\/\/turismodemarchena.org\/en\/wp-json\/wp\/v2\/pages\/4964"}],"wp:featuredmedia":[{"embeddable":true,"href":"https:\/\/turismodemarchena.org\/en\/wp-json\/wp\/v2\/media\/3290"}],"wp:attachment":[{"href":"https:\/\/turismodemarchena.org\/en\/wp-json\/wp\/v2\/media?parent=4980"}],"curies":[{"name":"wp","href":"https:\/\/api.w.org\/{rel}","templated":true}]}}