{"id":4958,"date":"2022-06-28T15:11:15","date_gmt":"2022-06-28T13:11:15","guid":{"rendered":"https:\/\/turismodemarchena.org\/conoce-marchena\/historia\/"},"modified":"2023-04-04T14:46:38","modified_gmt":"2023-04-04T12:46:38","slug":"historia","status":"publish","type":"page","link":"https:\/\/turismodemarchena.org\/en\/conoce-marchena\/historia\/","title":{"rendered":"History"},"content":{"rendered":"<div id=\"pl-4958\"  class=\"panel-layout\" ><div id=\"pg-4958-0\"  class=\"panel-grid panel-has-style\" ><div class=\"u-invertir-orden siteorigin-panels-stretch panel-row-style panel-row-style-for-4958-0\" data-stretch-type=\"full\" ><div id=\"pgc-4958-0-0\"  class=\"panel-grid-cell\" ><div id=\"panel-4958-0-0-0\" class=\"so-panel widget widget_sow-image panel-first-child panel-last-child\" data-index=\"0\" ><div\n\t\t\t\n\t\t\tclass=\"so-widget-sow-image so-widget-sow-image-default-c67d20f9f743-4958\"\n\t\t\t\n\t\t>\n\n<div class=\"sow-image-container\">\n\t\t<img loading=\"lazy\" decoding=\"async\" src=\"https:\/\/turismodemarchena.org\/wp-content\/uploads\/2022\/06\/imagen1.png\" width=\"828\" height=\"529\" srcset=\"https:\/\/turismodemarchena.org\/wp-content\/uploads\/2022\/06\/imagen1.png 828w, https:\/\/turismodemarchena.org\/wp-content\/uploads\/2022\/06\/imagen1-300x192.png 300w, https:\/\/turismodemarchena.org\/wp-content\/uploads\/2022\/06\/imagen1-768x491.png 768w\" sizes=\"auto, (max-width: 828px) 100vw, 828px\" alt=\"\" \t\tclass=\"so-widget-image\"\/>\n\t<\/div>\n\n<\/div><\/div><\/div><div id=\"pgc-4958-0-1\"  class=\"panel-grid-cell\" ><div id=\"panel-4958-0-1-0\" class=\"so-panel widget widget_sow-editor panel-first-child panel-last-child\" data-index=\"1\" ><div class=\"panel-widget-style panel-widget-style-for-4958-0-1-0\" ><div\n\t\t\t\n\t\t\tclass=\"so-widget-sow-editor so-widget-sow-editor-base\"\n\t\t\t\n\t\t>\n<div class=\"siteorigin-widget-tinymce textwidget\">\n\t<h2>Marchena, siglos de historia nos contemplan<\/h2>\n<div>\n<p>Marchena es uno de los pueblos monumentales de la Campi\u00f1a Sevillana, con un pasado espl\u00e9ndido relacionado con su estatus de villa se\u00f1orial. Existen en nuestro t\u00e9rmino municipal restos arqueol\u00f3gicos que nos remontan a la Prehistoria y a la Historia Antigua (presencia fenicia, cartaginesa, romana, etc.). El casco urbano de Marchena se conform\u00f3 en \u00e9poca musulmana.<br \/>\nLa Marchena isl\u00e1mica se cerraba con una muralla de \u00e9poca almohade (finales del s.XII - principios del s.XIII), que a\u00fan sigue en pie insertada entre el caser\u00edo. Fue el Rey de Castilla y Le\u00f3n, Fernando III el Santo, quien la reconquist\u00f3 un 20 de enero de 1240. Por ello, nuestro Patr\u00f3n es San Sebasti\u00e1n. A partir del a\u00f1o 1309, Marchena pasar\u00e1 a ser una villa de se\u00f1or\u00edo, cuando Fernando IV la concede a la familia Ponce de Le\u00f3n.<\/p>\n<p>Fue \u201ccapital\u201d del Ducado de Arcos y residencia habitual de los Ponce de Le\u00f3n (Duques de Arcos). Las relaciones entre la villa de Marchena y la familia Ducal se extendieron en el tiempo durante seis siglos (s.XIV-s.XIX), destacando sobre otros enclaves de la campi\u00f1a sevillana.<\/p>\n<\/div>\n<\/div>\n<\/div><\/div><\/div><\/div><\/div><\/div><div id=\"pg-4958-1\"  class=\"panel-grid panel-has-style\" ><div class=\"siteorigin-panels-stretch panel-row-style panel-row-style-for-4958-1\" data-stretch-type=\"full\" ><div id=\"pgc-4958-1-0\"  class=\"panel-grid-cell\" ><div id=\"panel-4958-1-0-0\" class=\"so-panel widget widget_sow-editor panel-first-child panel-last-child\" data-index=\"2\" ><div class=\"panel-widget-style panel-widget-style-for-4958-1-0-0\" ><div\n\t\t\t\n\t\t\tclass=\"so-widget-sow-editor so-widget-sow-editor-base\"\n\t\t\t\n\t\t>\n<div class=\"siteorigin-widget-tinymce textwidget\">\n\t<h2>Her\u00e1ldica de nuestra localidad<\/h2>\n<div>\n<p>Se trata de un escudo cortado. En la parte superior tiene tres flechas negras sobre campo de plata por el Patr\u00f3n San Sebasti\u00e1n, que fue asaeteado.<\/p>\n<p>El campo inferior est\u00e1 partido:<\/p>\n<p>1\u00ba. A la izquierda, un le\u00f3n rojo rampante sobre fondo de plata por la vinculaci\u00f3n de los Ponce de Le\u00f3n con la familia Real Leonesa.<\/p>\n<p>2\u00ba A la derecha, cuatro barras o bastones rojos sobre campo de oro y una bordadura azul con ocho escudetes de oro fajados de azul por la relaci\u00f3n familiar de los Ponce de Le\u00f3n con la Corona de Arag\u00f3n.<\/p>\n<p>Sobre todo el conjunto se sit\u00faa la Corona Ducal. La leyenda \u201cColonia Martia Romanorum\u201d ha sido a\u00f1adida en cinta a la parte inferior del escudo, en referencia al posible origen de la villa.<\/p>\n<\/div>\n<\/div>\n<\/div><\/div><\/div><\/div><div id=\"pgc-4958-1-1\"  class=\"panel-grid-cell\" ><div id=\"panel-4958-1-1-0\" class=\"so-panel widget widget_sow-image panel-first-child panel-last-child\" data-index=\"3\" ><div class=\"panel-widget-style panel-widget-style-for-4958-1-1-0\" ><div\n\t\t\t\n\t\t\tclass=\"so-widget-sow-image so-widget-sow-image-default-8b5b6f678277-4958\"\n\t\t\t\n\t\t>\n\n<div class=\"sow-image-container\">\n\t\t<img loading=\"lazy\" decoding=\"async\" src=\"https:\/\/turismodemarchena.org\/wp-content\/uploads\/2022\/06\/bandera-escudo.png\" width=\"828\" height=\"529\" srcset=\"https:\/\/turismodemarchena.org\/wp-content\/uploads\/2022\/06\/bandera-escudo.png 828w, https:\/\/turismodemarchena.org\/wp-content\/uploads\/2022\/06\/bandera-escudo-300x192.png 300w, https:\/\/turismodemarchena.org\/wp-content\/uploads\/2022\/06\/bandera-escudo-768x491.png 768w\" sizes=\"auto, (max-width: 828px) 100vw, 828px\" alt=\"\" \t\tclass=\"so-widget-image\"\/>\n\t<\/div>\n\n<\/div><\/div><\/div><\/div><\/div><\/div><div id=\"pg-4958-2\"  class=\"panel-grid panel-has-style\" ><div class=\"siteorigin-panels-stretch panel-row-style panel-row-style-for-4958-2\" data-stretch-type=\"full\" ><div id=\"pgc-4958-2-0\"  class=\"panel-grid-cell\" ><div id=\"panel-4958-2-0-0\" class=\"so-panel widget widget_siteorigin-panels-builder panel-first-child\" data-index=\"4\" ><div class=\"u-dos-columnas panel-widget-style panel-widget-style-for-4958-2-0-0\" ><div id=\"pl-w62ceada74efd0\"  class=\"panel-layout\" ><div id=\"pg-w62ceada74efd0-0\"  class=\"panel-grid panel-no-style\" ><div id=\"pgc-w62ceada74efd0-0-0\"  class=\"panel-grid-cell\" ><div id=\"panel-w62ceada74efd0-0-0-0\" class=\"so-panel widget widget_sow-image panel-first-child panel-last-child\" data-index=\"0\" ><div\n\t\t\t\n\t\t\tclass=\"so-widget-sow-image so-widget-sow-image-default-c67d20f9f743\"\n\t\t\t\n\t\t>\n\n<div class=\"sow-image-container\">\n\t\t<img loading=\"lazy\" decoding=\"async\" src=\"https:\/\/turismodemarchena.org\/wp-content\/uploads\/2022\/06\/PORTADA.jpg\" width=\"1400\" height=\"998\" srcset=\"https:\/\/turismodemarchena.org\/wp-content\/uploads\/2022\/06\/PORTADA.jpg 1400w, https:\/\/turismodemarchena.org\/wp-content\/uploads\/2022\/06\/PORTADA-300x214.jpg 300w, https:\/\/turismodemarchena.org\/wp-content\/uploads\/2022\/06\/PORTADA-1024x730.jpg 1024w, https:\/\/turismodemarchena.org\/wp-content\/uploads\/2022\/06\/PORTADA-768x547.jpg 768w\" sizes=\"auto, (max-width: 1400px) 100vw, 1400px\" alt=\"\" \t\tclass=\"so-widget-image\"\/>\n\t<\/div>\n\n<\/div><\/div><\/div><div id=\"pgc-w62ceada74efd0-0-1\"  class=\"panel-grid-cell\" ><div id=\"panel-w62ceada74efd0-0-1-0\" class=\"so-panel widget widget_sow-image panel-first-child panel-last-child\" data-index=\"1\" ><div\n\t\t\t\n\t\t\tclass=\"so-widget-sow-image so-widget-sow-image-default-c67d20f9f743\"\n\t\t\t\n\t\t>\n\n<div class=\"sow-image-container\">\n\t\t<img loading=\"lazy\" decoding=\"async\" src=\"https:\/\/turismodemarchena.org\/wp-content\/uploads\/2022\/06\/INTERIOR.jpg\" width=\"1400\" height=\"998\" srcset=\"https:\/\/turismodemarchena.org\/wp-content\/uploads\/2022\/06\/INTERIOR.jpg 1400w, https:\/\/turismodemarchena.org\/wp-content\/uploads\/2022\/06\/INTERIOR-300x214.jpg 300w, https:\/\/turismodemarchena.org\/wp-content\/uploads\/2022\/06\/INTERIOR-1024x730.jpg 1024w, https:\/\/turismodemarchena.org\/wp-content\/uploads\/2022\/06\/INTERIOR-768x547.jpg 768w\" sizes=\"auto, (max-width: 1400px) 100vw, 1400px\" alt=\"\" \t\tclass=\"so-widget-image\"\/>\n\t<\/div>\n\n<\/div><\/div><\/div><\/div><\/div><\/div><\/div><div id=\"panel-4958-2-0-1\" class=\"so-panel widget widget_sow-button panel-last-child\" data-index=\"5\" ><div\n\t\t\t\n\t\t\tclass=\"so-widget-sow-button so-widget-sow-button-atom-ff9a50cb98f2-4958\"\n\t\t\t\n\t\t><div class=\"ow-button-base ow-button-align-center\">\n\t<a\n\thref=\"\/wp-content\/uploads\/2022\/06\/patrimonio-arqueolo\u0301gico.pdf\"\n\t\tclass=\"button-link ow-icon-placement-left ow-button-hover\" target=\"_blank\" rel=\"noopener noreferrer\" \t>\n\t\t<span>\n\t\t\t\n\t\t\tDescargar tr\u00edptico de arqueolog\u00eda\t\t<\/span>\n\t<\/a>\n<\/div>\n<\/div><\/div><\/div><\/div><\/div><\/div>","protected":false},"excerpt":{"rendered":"<p>Marchena, siglos de historia nos contemplan Marchena es uno de los pueblos monumentales de la Campi\u00f1a Sevillana, con un pasado espl\u00e9ndido relacionado con su estatus de villa se\u00f1orial. Existen en nuestro t\u00e9rmino municipal restos arqueol\u00f3gicos que nos remontan a la Prehistoria y a la Historia Antigua (presencia fenicia, cartaginesa, romana, etc.). El casco urbano de&hellip;<\/p>\n","protected":false},"author":1,"featured_media":3252,"parent":4954,"menu_order":0,"comment_status":"closed","ping_status":"closed","template":"","meta":{"content-type":"","footnotes":""},"class_list":["post-4958","page","type-page","status-publish","has-post-thumbnail","hentry","post"],"acf":[],"yoast_head":"<!-- This site is optimized with the Yoast SEO plugin v19.6.1 - https:\/\/yoast.com\/wordpress\/plugins\/seo\/ -->\n<title>History - Turismo de Marchena<\/title>\n<meta name=\"description\" content=\"Marchena, siglos de historia nos contemplan Marchena es uno de los pueblos monumentales de la Campi\u00f1a Sevillana, con un pasado espl\u00e9ndido relacionado con\" \/>\n<meta name=\"robots\" content=\"index, follow, max-snippet:-1, max-image-preview:large, max-video-preview:-1\" \/>\n<link rel=\"canonical\" href=\"https:\/\/turismodemarchena.org\/en\/conoce-marchena\/historia\/\" \/>\n<meta property=\"og:locale\" content=\"en_US\" \/>\n<meta property=\"og:type\" content=\"article\" \/>\n<meta property=\"og:title\" content=\"History - Turismo de Marchena\" \/>\n<meta property=\"og:description\" content=\"Marchena, siglos de historia nos contemplan Marchena es uno de los pueblos monumentales de la Campi\u00f1a Sevillana, con un pasado espl\u00e9ndido relacionado con\" \/>\n<meta property=\"og:url\" content=\"https:\/\/turismodemarchena.org\/en\/conoce-marchena\/historia\/\" \/>\n<meta property=\"og:site_name\" content=\"Marchena\" \/>\n<meta property=\"article:modified_time\" content=\"2023-04-04T12:46:38+00:00\" \/>\n<meta property=\"og:image\" content=\"https:\/\/turismodemarchena.org\/wp-content\/uploads\/2022\/07\/ARCO-DEL-TIRO-scaled.jpg\" \/>\n\t<meta property=\"og:image:width\" content=\"2560\" \/>\n\t<meta property=\"og:image:height\" content=\"1707\" \/>\n\t<meta property=\"og:image:type\" content=\"image\/jpeg\" \/>\n<meta name=\"twitter:card\" content=\"summary_large_image\" \/>\n<meta name=\"twitter:label1\" content=\"Est. reading time\" \/>\n\t<meta name=\"twitter:data1\" content=\"2 minutes\" \/>\n<script type=\"application\/ld+json\" class=\"yoast-schema-graph\">{\"@context\":\"https:\/\/schema.org\",\"@graph\":[{\"@type\":\"WebPage\",\"@id\":\"https:\/\/turismodemarchena.org\/en\/conoce-marchena\/historia\/\",\"url\":\"https:\/\/turismodemarchena.org\/en\/conoce-marchena\/historia\/\",\"name\":\"History - Turismo de Marchena\",\"isPartOf\":{\"@id\":\"https:\/\/turismodemarchena.org\/#website\"},\"datePublished\":\"2022-06-28T13:11:15+00:00\",\"dateModified\":\"2023-04-04T12:46:38+00:00\",\"description\":\"Marchena, siglos de historia nos contemplan Marchena es uno de los pueblos monumentales de la Campi\u00f1a Sevillana, con un pasado espl\u00e9ndido relacionado con\",\"breadcrumb\":{\"@id\":\"https:\/\/turismodemarchena.org\/en\/conoce-marchena\/historia\/#breadcrumb\"},\"inLanguage\":\"en-US\",\"potentialAction\":[{\"@type\":\"ReadAction\",\"target\":[\"https:\/\/turismodemarchena.org\/en\/conoce-marchena\/historia\/\"]}]},{\"@type\":\"BreadcrumbList\",\"@id\":\"https:\/\/turismodemarchena.org\/en\/conoce-marchena\/historia\/#breadcrumb\",\"itemListElement\":[{\"@type\":\"ListItem\",\"position\":1,\"name\":\"Home\",\"item\":\"https:\/\/turismodemarchena.org\/en\/\"},{\"@type\":\"ListItem\",\"position\":2,\"name\":\"Meet Marchena\",\"item\":\"https:\/\/turismodemarchena.org\/en\/conoce-marchena\/\"},{\"@type\":\"ListItem\",\"position\":3,\"name\":\"History\"}]},{\"@type\":\"WebSite\",\"@id\":\"https:\/\/turismodemarchena.org\/#website\",\"url\":\"https:\/\/turismodemarchena.org\/\",\"name\":\"Marchena\",\"description\":\"\",\"publisher\":{\"@id\":\"https:\/\/turismodemarchena.org\/#organization\"},\"potentialAction\":[{\"@type\":\"SearchAction\",\"target\":{\"@type\":\"EntryPoint\",\"urlTemplate\":\"https:\/\/turismodemarchena.org\/?s={search_term_string}\"},\"query-input\":\"required name=search_term_string\"}],\"inLanguage\":\"en-US\"},{\"@type\":\"Organization\",\"@id\":\"https:\/\/turismodemarchena.org\/#organization\",\"name\":\"Turismo de Marchena\",\"url\":\"https:\/\/turismodemarchena.org\/\",\"sameAs\":[],\"logo\":{\"@type\":\"ImageObject\",\"inLanguage\":\"en-US\",\"@id\":\"https:\/\/turismodemarchena.org\/#\/schema\/logo\/image\/\",\"url\":\"https:\/\/turismodemarchena.org\/wp-content\/uploads\/2022\/09\/logoAyuntamientoMarchenaB.png\",\"contentUrl\":\"https:\/\/turismodemarchena.org\/wp-content\/uploads\/2022\/09\/logoAyuntamientoMarchenaB.png\",\"width\":184,\"height\":66,\"caption\":\"Turismo de Marchena\"},\"image\":{\"@id\":\"https:\/\/turismodemarchena.org\/#\/schema\/logo\/image\/\"}}]}<\/script>\n<!-- \/ Yoast SEO plugin. -->","yoast_head_json":{"title":"History - Turismo de Marchena","description":"Marchena, siglos de historia nos contemplan Marchena es uno de los pueblos monumentales de la Campi\u00f1a Sevillana, con un pasado espl\u00e9ndido relacionado con","robots":{"index":"index","follow":"follow","max-snippet":"max-snippet:-1","max-image-preview":"max-image-preview:large","max-video-preview":"max-video-preview:-1"},"canonical":"https:\/\/turismodemarchena.org\/en\/conoce-marchena\/historia\/","og_locale":"en_US","og_type":"article","og_title":"History - Turismo de Marchena","og_description":"Marchena, siglos de historia nos contemplan Marchena es uno de los pueblos monumentales de la Campi\u00f1a Sevillana, con un pasado espl\u00e9ndido relacionado con","og_url":"https:\/\/turismodemarchena.org\/en\/conoce-marchena\/historia\/","og_site_name":"Marchena","article_modified_time":"2023-04-04T12:46:38+00:00","og_image":[{"width":2560,"height":1707,"url":"https:\/\/turismodemarchena.org\/wp-content\/uploads\/2022\/07\/ARCO-DEL-TIRO-scaled.jpg","type":"image\/jpeg"}],"twitter_card":"summary_large_image","twitter_misc":{"Est. reading time":"2 minutes"},"schema":{"@context":"https:\/\/schema.org","@graph":[{"@type":"WebPage","@id":"https:\/\/turismodemarchena.org\/en\/conoce-marchena\/historia\/","url":"https:\/\/turismodemarchena.org\/en\/conoce-marchena\/historia\/","name":"History - Turismo de Marchena","isPartOf":{"@id":"https:\/\/turismodemarchena.org\/#website"},"datePublished":"2022-06-28T13:11:15+00:00","dateModified":"2023-04-04T12:46:38+00:00","description":"Marchena, siglos de historia nos contemplan Marchena es uno de los pueblos monumentales de la Campi\u00f1a Sevillana, con un pasado espl\u00e9ndido relacionado con","breadcrumb":{"@id":"https:\/\/turismodemarchena.org\/en\/conoce-marchena\/historia\/#breadcrumb"},"inLanguage":"en-US","potentialAction":[{"@type":"ReadAction","target":["https:\/\/turismodemarchena.org\/en\/conoce-marchena\/historia\/"]}]},{"@type":"BreadcrumbList","@id":"https:\/\/turismodemarchena.org\/en\/conoce-marchena\/historia\/#breadcrumb","itemListElement":[{"@type":"ListItem","position":1,"name":"Home","item":"https:\/\/turismodemarchena.org\/en\/"},{"@type":"ListItem","position":2,"name":"Meet Marchena","item":"https:\/\/turismodemarchena.org\/en\/conoce-marchena\/"},{"@type":"ListItem","position":3,"name":"History"}]},{"@type":"WebSite","@id":"https:\/\/turismodemarchena.org\/#website","url":"https:\/\/turismodemarchena.org\/","name":"Marchena","description":"","publisher":{"@id":"https:\/\/turismodemarchena.org\/#organization"},"potentialAction":[{"@type":"SearchAction","target":{"@type":"EntryPoint","urlTemplate":"https:\/\/turismodemarchena.org\/?s={search_term_string}"},"query-input":"required name=search_term_string"}],"inLanguage":"en-US"},{"@type":"Organization","@id":"https:\/\/turismodemarchena.org\/#organization","name":"Turismo de Marchena","url":"https:\/\/turismodemarchena.org\/","sameAs":[],"logo":{"@type":"ImageObject","inLanguage":"en-US","@id":"https:\/\/turismodemarchena.org\/#\/schema\/logo\/image\/","url":"https:\/\/turismodemarchena.org\/wp-content\/uploads\/2022\/09\/logoAyuntamientoMarchenaB.png","contentUrl":"https:\/\/turismodemarchena.org\/wp-content\/uploads\/2022\/09\/logoAyuntamientoMarchenaB.png","width":184,"height":66,"caption":"Turismo de Marchena"},"image":{"@id":"https:\/\/turismodemarchena.org\/#\/schema\/logo\/image\/"}}]}},"_links":{"self":[{"href":"https:\/\/turismodemarchena.org\/en\/wp-json\/wp\/v2\/pages\/4958","targetHints":{"allow":["GET"]}}],"collection":[{"href":"https:\/\/turismodemarchena.org\/en\/wp-json\/wp\/v2\/pages"}],"about":[{"href":"https:\/\/turismodemarchena.org\/en\/wp-json\/wp\/v2\/types\/page"}],"author":[{"embeddable":true,"href":"https:\/\/turismodemarchena.org\/en\/wp-json\/wp\/v2\/users\/1"}],"replies":[{"embeddable":true,"href":"https:\/\/turismodemarchena.org\/en\/wp-json\/wp\/v2\/comments?post=4958"}],"version-history":[{"count":8,"href":"https:\/\/turismodemarchena.org\/en\/wp-json\/wp\/v2\/pages\/4958\/revisions"}],"predecessor-version":[{"id":5460,"href":"https:\/\/turismodemarchena.org\/en\/wp-json\/wp\/v2\/pages\/4958\/revisions\/5460"}],"up":[{"embeddable":true,"href":"https:\/\/turismodemarchena.org\/en\/wp-json\/wp\/v2\/pages\/4954"}],"wp:featuredmedia":[{"embeddable":true,"href":"https:\/\/turismodemarchena.org\/en\/wp-json\/wp\/v2\/media\/3252"}],"wp:attachment":[{"href":"https:\/\/turismodemarchena.org\/en\/wp-json\/wp\/v2\/media?parent=4958"}],"curies":[{"name":"wp","href":"https:\/\/api.w.org\/{rel}","templated":true}]}}