{"id":4954,"date":"2022-06-28T15:10:15","date_gmt":"2022-06-28T13:10:15","guid":{"rendered":"https:\/\/turismodemarchena.org\/conoce-marchena\/"},"modified":"2023-04-04T12:07:45","modified_gmt":"2023-04-04T10:07:45","slug":"conoce-marchena","status":"publish","type":"page","link":"https:\/\/turismodemarchena.org\/en\/conoce-marchena\/","title":{"rendered":"Meet Marchena"},"content":{"rendered":"<div id=\"pl-4954\"  class=\"panel-layout\" ><div id=\"pg-4954-0\"  class=\"panel-grid panel-has-style\" ><div class=\"panel-row-style panel-row-style-for-4954-0\" ><div id=\"pgc-4954-0-0\"  class=\"panel-grid-cell\" ><div id=\"panel-4954-0-0-0\" class=\"so-panel widget widget_sow-editor panel-first-child\" data-index=\"0\" ><div class=\"panel-widget-style panel-widget-style-for-4954-0-0-0\" ><div\n\t\t\t\n\t\t\tclass=\"so-widget-sow-editor so-widget-sow-editor-base\"\n\t\t\t\n\t\t>\n<div class=\"siteorigin-widget-tinymce textwidget\">\n\t<h2>Historia<\/h2>\n<p><strong>Marchena, siglos de historia nos contemplan<\/strong><\/p>\n<p>Marchena es uno de los pueblos monumentales de la Campi\u00f1a Sevillana, con un pasado espl\u00e9ndido relacionado con su estatus de villa se\u00f1orial. Existen en nuestro t\u00e9rmino municipal restos arqueol\u00f3gicos que nos remontan a la Prehistoria y a la Historia Antigua (presencia fenicia, cartaginesa, romana, etc.). El casco urbano de Marchena se conform\u00f3 en \u00e9poca musulmana.<\/p>\n<p>La Marchena isl\u00e1mica se cerraba con una muralla de \u00e9poca almohade (finales del s.XII-principios del s.XIII), que a\u00fan sigue en pie insertada entre el caser\u00edo.<\/p>\n<\/div>\n<\/div><\/div><\/div><div id=\"panel-4954-0-0-1\" class=\"so-panel widget widget_sow-button panel-last-child\" data-index=\"1\" ><div\n\t\t\t\n\t\t\tclass=\"so-widget-sow-button so-widget-sow-button-atom-3a4662bc5eee-4954\"\n\t\t\t\n\t\t><div class=\"ow-button-base ow-button-align-left\">\n\t<a\n\thref=\"\/conoce-marchena\/historia\/\"\n\t\tclass=\"button-link ow-icon-placement-left ow-button-hover\" \t>\n\t\t<span>\n\t\t\t\n\t\t\tM\u00e1s informaci\u00f3n\t\t<\/span>\n\t<\/a>\n<\/div>\n<\/div><\/div><\/div><div id=\"pgc-4954-0-1\"  class=\"panel-grid-cell\" ><div id=\"panel-4954-0-1-0\" class=\"so-panel widget widget_sow-image panel-first-child panel-last-child\" data-index=\"2\" ><div class=\"panel-widget-style panel-widget-style-for-4954-0-1-0\" ><div\n\t\t\t\n\t\t\tclass=\"so-widget-sow-image so-widget-sow-image-default-8b5b6f678277-4954\"\n\t\t\t\n\t\t>\n\n<div class=\"sow-image-container\">\n\t\t<img loading=\"lazy\" decoding=\"async\" src=\"https:\/\/turismodemarchena.org\/wp-content\/uploads\/2022\/07\/imgConoce01.png\" width=\"700\" height=\"380\" srcset=\"https:\/\/turismodemarchena.org\/wp-content\/uploads\/2022\/07\/imgConoce01.png 700w, https:\/\/turismodemarchena.org\/wp-content\/uploads\/2022\/07\/imgConoce01-300x163.png 300w\" sizes=\"auto, (max-width: 700px) 100vw, 700px\" alt=\"Composici\u00f3n de dos fotograf\u00edas, la primera es un grabado medieval que muestra la localidad en su \u00e9poca, la segunda es una fotograf\u00eda actual del municipio\" \t\tclass=\"so-widget-image\"\/>\n\t<\/div>\n\n<\/div><\/div><\/div><\/div><\/div><\/div><div id=\"pg-4954-1\"  class=\"panel-grid panel-has-style\" ><div class=\"u-invertir-orden siteorigin-panels-stretch panel-row-style panel-row-style-for-4954-1\" data-stretch-type=\"full\" ><div id=\"pgc-4954-1-0\"  class=\"panel-grid-cell\" ><div id=\"panel-4954-1-0-0\" class=\"so-panel widget widget_sow-image panel-first-child panel-last-child\" data-index=\"3\" ><div class=\"u-sombra-izda panel-widget-style panel-widget-style-for-4954-1-0-0\" ><div\n\t\t\t\n\t\t\tclass=\"so-widget-sow-image so-widget-sow-image-default-c67d20f9f743-4954\"\n\t\t\t\n\t\t>\n\n<div class=\"sow-image-container\">\n\t\t<img loading=\"lazy\" decoding=\"async\" src=\"https:\/\/turismodemarchena.org\/wp-content\/uploads\/2022\/06\/foto1b.jpg\" width=\"504\" height=\"529\" srcset=\"https:\/\/turismodemarchena.org\/wp-content\/uploads\/2022\/06\/foto1b.jpg 504w, https:\/\/turismodemarchena.org\/wp-content\/uploads\/2022\/06\/foto1b-286x300.jpg 286w\" sizes=\"auto, (max-width: 504px) 100vw, 504px\" alt=\"La torre de la iglesia de Santa Mar\u00eda y San Juan, vista desde los restos de la muralla almohade\" \t\tclass=\"so-widget-image\"\/>\n\t<\/div>\n\n<\/div><\/div><\/div><\/div><div id=\"pgc-4954-1-1\"  class=\"panel-grid-cell\" ><div id=\"panel-4954-1-1-0\" class=\"so-panel widget widget_sow-editor panel-first-child\" data-index=\"4\" ><div class=\"panel-widget-style panel-widget-style-for-4954-1-1-0\" ><div\n\t\t\t\n\t\t\tclass=\"so-widget-sow-editor so-widget-sow-editor-base\"\n\t\t\t\n\t\t>\n<div class=\"siteorigin-widget-tinymce textwidget\">\n\t<h2>Ciudad monumental<\/h2>\n<p><strong>Marchena, un patrimonio al descubierto<\/strong><\/p>\n<p>Marchena disfruta de una de las mayores concentraciones de patrimonio arquitect\u00f3nico de toda la provincia. Una historia densa y llena de vicisitudes ha dejado en este pueblo huellas indelebles que ni el tiempo ni la desidia han sido, afortunadamente, capaces de borrar y que ofrecen hoy a propios y extra\u00f1os testimonios art\u00edsticos de muy variado origen. La cultura romana, la cultura isl\u00e1mica, el cristianismo, el renacimiento, el barroco, la arquitectura dieciochesca... Todo est\u00e1 presente en sus calles y templos.<\/p>\n<\/div>\n<\/div><\/div><\/div><div id=\"panel-4954-1-1-1\" class=\"so-panel widget widget_sow-button panel-last-child\" data-index=\"5\" ><div class=\"panel-widget-style panel-widget-style-for-4954-1-1-1\" ><div\n\t\t\t\n\t\t\tclass=\"so-widget-sow-button so-widget-sow-button-atom-729250b1c39c-4954\"\n\t\t\t\n\t\t><div class=\"ow-button-base ow-button-align-left\">\n\t<a\n\thref=\"\/conoce-marchena\/ciudad-monumental\/\"\n\t\tclass=\"button-link ow-icon-placement-left ow-button-hover\" \t>\n\t\t<span>\n\t\t\t\n\t\t\tM\u00e1s informaci\u00f3n\t\t<\/span>\n\t<\/a>\n<\/div>\n<\/div><\/div><\/div><\/div><\/div><\/div><div id=\"pg-4954-2\"  class=\"panel-grid panel-has-style\" ><div class=\"panel-row-style panel-row-style-for-4954-2\" ><div id=\"pgc-4954-2-0\"  class=\"panel-grid-cell\" ><div id=\"panel-4954-2-0-0\" class=\"so-panel widget widget_sow-editor panel-first-child\" data-index=\"6\" ><div class=\"panel-widget-style panel-widget-style-for-4954-2-0-0\" ><div\n\t\t\t\n\t\t\tclass=\"so-widget-sow-editor so-widget-sow-editor-base\"\n\t\t\t\n\t\t>\n<div class=\"siteorigin-widget-tinymce textwidget\">\n\t<h2>Turismo adaptado<\/h2>\n<p><strong>Marchena para todos, turismo adaptado e inclusivo<br \/>\n<\/strong><\/p>\n<p>El turismo accesible tiene como objetivo la eliminaci\u00f3n de barreras f\u00edsicas, sensoriales o de comunicaci\u00f3n, mientras que el turismo inclusivo persigue la igualdad de oportunidades de todas las personas para disfrutar de la actividad tur\u00edstica.<\/p>\n<p>En este tipo de turismo Marchena es pionero.<\/p>\n<\/div>\n<\/div><\/div><\/div><div id=\"panel-4954-2-0-1\" class=\"so-panel widget widget_sow-button panel-last-child\" data-index=\"7\" ><div\n\t\t\t\n\t\t\tclass=\"so-widget-sow-button so-widget-sow-button-atom-3a4662bc5eee-4954\"\n\t\t\t\n\t\t><div class=\"ow-button-base ow-button-align-left\">\n\t<a\n\thref=\"\/conoce-marchena\/turismo-adaptado\/\"\n\t\tclass=\"button-link ow-icon-placement-left ow-button-hover\" \t>\n\t\t<span>\n\t\t\t\n\t\t\tM\u00e1s informaci\u00f3n\t\t<\/span>\n\t<\/a>\n<\/div>\n<\/div><\/div><\/div><div id=\"pgc-4954-2-1\"  class=\"panel-grid-cell\" ><div id=\"panel-4954-2-1-0\" class=\"so-panel widget widget_sow-image panel-first-child panel-last-child\" data-index=\"8\" ><div class=\"u-sombra-dcha panel-widget-style panel-widget-style-for-4954-2-1-0\" ><div\n\t\t\t\n\t\t\tclass=\"so-widget-sow-image so-widget-sow-image-default-8b5b6f678277-4954\"\n\t\t\t\n\t\t>\n\n<div class=\"sow-image-container\">\n\t\t<img loading=\"lazy\" decoding=\"async\" src=\"https:\/\/turismodemarchena.org\/wp-content\/uploads\/2022\/06\/rutas2.jpg\" width=\"900\" height=\"600\" srcset=\"https:\/\/turismodemarchena.org\/wp-content\/uploads\/2022\/06\/rutas2.jpg 900w, https:\/\/turismodemarchena.org\/wp-content\/uploads\/2022\/06\/rutas2-300x200.jpg 300w, https:\/\/turismodemarchena.org\/wp-content\/uploads\/2022\/06\/rutas2-768x512.jpg 768w, https:\/\/turismodemarchena.org\/wp-content\/uploads\/2022\/06\/rutas2-391x260.jpg 391w, https:\/\/turismodemarchena.org\/wp-content\/uploads\/2022\/06\/rutas2-720x480.jpg 720w, https:\/\/turismodemarchena.org\/wp-content\/uploads\/2022\/06\/rutas2-272x182.jpg 272w\" sizes=\"auto, (max-width: 900px) 100vw, 900px\" alt=\"Gu\u00eda tur\u00edstica acompa\u00f1anado a visitantes que usan bicicletas adaptadas para poder moverse libremente por Marchena.\" \t\tclass=\"so-widget-image\"\/>\n\t<\/div>\n\n<\/div><\/div><\/div><\/div><\/div><\/div><div id=\"pg-4954-3\"  class=\"panel-grid panel-has-style\" ><div class=\"u-invertir-orden siteorigin-panels-stretch panel-row-style panel-row-style-for-4954-3\" data-stretch-type=\"full\" ><div id=\"pgc-4954-3-0\"  class=\"panel-grid-cell\" ><div id=\"panel-4954-3-0-0\" class=\"so-panel widget widget_sow-image panel-first-child panel-last-child\" data-index=\"9\" ><div class=\"u-sombra-izda panel-widget-style panel-widget-style-for-4954-3-0-0\" ><div\n\t\t\t\n\t\t\tclass=\"so-widget-sow-image so-widget-sow-image-default-c67d20f9f743-4954\"\n\t\t\t\n\t\t>\n\n<div class=\"sow-image-container\">\n\t\t<img loading=\"lazy\" decoding=\"async\" src=\"https:\/\/turismodemarchena.org\/wp-content\/uploads\/2022\/06\/carnaval2-800x500-1.jpg\" width=\"800\" height=\"500\" srcset=\"https:\/\/turismodemarchena.org\/wp-content\/uploads\/2022\/06\/carnaval2-800x500-1.jpg 800w, https:\/\/turismodemarchena.org\/wp-content\/uploads\/2022\/06\/carnaval2-800x500-1-300x188.jpg 300w, https:\/\/turismodemarchena.org\/wp-content\/uploads\/2022\/06\/carnaval2-800x500-1-768x480.jpg 768w\" sizes=\"auto, (max-width: 800px) 100vw, 800px\" title=\"La Custodia que cobija al Sant\u00edsimo Sacramento durante las procesiones del Corpus Christi\" alt=\"Una comparsa actuando durante las fiestas del Carnaval \" \t\tclass=\"so-widget-image\"\/>\n\t<\/div>\n\n<\/div><\/div><\/div><\/div><div id=\"pgc-4954-3-1\"  class=\"panel-grid-cell\" ><div id=\"panel-4954-3-1-0\" class=\"so-panel widget widget_sow-editor panel-first-child\" data-index=\"10\" ><div class=\"panel-widget-style panel-widget-style-for-4954-3-1-0\" ><div\n\t\t\t\n\t\t\tclass=\"so-widget-sow-editor so-widget-sow-editor-base\"\n\t\t\t\n\t\t>\n<div class=\"siteorigin-widget-tinymce textwidget\">\n\t<h2>Fiestas y tradiciones<\/h2>\n<p><strong>Marchena para vivir y compartir<\/strong><\/p>\n<p>El calendario festivo en Marchena es extenso y recoge mucho de nuestra forma de ser. Enumeraremos algunas de las manifestaciones festivas, aunque, sin duda, haremos una extensa y especial atenci\u00f3n a nuestra Semana Santa.<\/p>\n<p>Comenzando por la cabalgata de Reyes, y siguiendo por el Carnaval, la verbena de las Cruces de Mayo, el Corpus Christi...<\/p>\n<\/div>\n<\/div><\/div><\/div><div id=\"panel-4954-3-1-1\" class=\"so-panel widget widget_sow-button panel-last-child\" data-index=\"11\" ><div class=\"panel-widget-style panel-widget-style-for-4954-3-1-1\" ><div\n\t\t\t\n\t\t\tclass=\"so-widget-sow-button so-widget-sow-button-atom-729250b1c39c-4954\"\n\t\t\t\n\t\t><div class=\"ow-button-base ow-button-align-left\">\n\t<a\n\thref=\"\/conoce-marchena\/fiestas-y-tradiciones\/\"\n\t\tclass=\"button-link ow-icon-placement-left ow-button-hover\" \t>\n\t\t<span>\n\t\t\t\n\t\t\tM\u00e1s informaci\u00f3n\t\t<\/span>\n\t<\/a>\n<\/div>\n<\/div><\/div><\/div><\/div><\/div><\/div><\/div>","protected":false},"excerpt":{"rendered":"<p>Historia Marchena, siglos de historia nos contemplan Marchena es uno de los pueblos monumentales de la Campi\u00f1a Sevillana, con un pasado espl\u00e9ndido relacionado con su estatus de villa se\u00f1orial. Existen en nuestro t\u00e9rmino municipal restos arqueol\u00f3gicos que nos remontan a la Prehistoria y a la Historia Antigua (presencia fenicia, cartaginesa, romana, etc.). El casco urbano&hellip;<\/p>\n","protected":false},"author":1,"featured_media":3310,"parent":0,"menu_order":0,"comment_status":"closed","ping_status":"closed","template":"","meta":{"content-type":"","footnotes":""},"class_list":["post-4954","page","type-page","status-publish","has-post-thumbnail","hentry","post"],"acf":[],"yoast_head":"<!-- This site is optimized with the Yoast SEO plugin v19.6.1 - https:\/\/yoast.com\/wordpress\/plugins\/seo\/ -->\n<title>Meet Marchena - Turismo de Marchena<\/title>\n<meta name=\"description\" content=\"Historia Marchena, siglos de historia nos contemplan Marchena es uno de los pueblos monumentales de la Campi\u00f1a Sevillana, con un pasado espl\u00e9ndido\" \/>\n<meta name=\"robots\" content=\"index, follow, max-snippet:-1, max-image-preview:large, max-video-preview:-1\" \/>\n<link rel=\"canonical\" href=\"https:\/\/turismodemarchena.org\/en\/conoce-marchena\/\" \/>\n<meta property=\"og:locale\" content=\"en_US\" \/>\n<meta property=\"og:type\" content=\"article\" \/>\n<meta property=\"og:title\" content=\"Meet Marchena - Turismo de Marchena\" \/>\n<meta property=\"og:description\" content=\"Historia Marchena, siglos de historia nos contemplan Marchena es uno de los pueblos monumentales de la Campi\u00f1a Sevillana, con un pasado espl\u00e9ndido\" \/>\n<meta property=\"og:url\" content=\"https:\/\/turismodemarchena.org\/en\/conoce-marchena\/\" \/>\n<meta property=\"og:site_name\" content=\"Marchena\" \/>\n<meta property=\"article:modified_time\" content=\"2023-04-04T10:07:45+00:00\" \/>\n<meta property=\"og:image\" content=\"https:\/\/turismodemarchena.org\/wp-content\/uploads\/2022\/08\/collage-conoce-marchena2.jpg\" \/>\n\t<meta property=\"og:image:width\" content=\"2000\" \/>\n\t<meta property=\"og:image:height\" content=\"1600\" \/>\n\t<meta property=\"og:image:type\" content=\"image\/jpeg\" \/>\n<meta name=\"twitter:card\" content=\"summary_large_image\" \/>\n<meta name=\"twitter:label1\" content=\"Est. reading time\" \/>\n\t<meta name=\"twitter:data1\" content=\"2 minutes\" \/>\n<script type=\"application\/ld+json\" class=\"yoast-schema-graph\">{\"@context\":\"https:\/\/schema.org\",\"@graph\":[{\"@type\":\"WebPage\",\"@id\":\"https:\/\/turismodemarchena.org\/en\/conoce-marchena\/\",\"url\":\"https:\/\/turismodemarchena.org\/en\/conoce-marchena\/\",\"name\":\"Meet Marchena - Turismo de Marchena\",\"isPartOf\":{\"@id\":\"https:\/\/turismodemarchena.org\/#website\"},\"datePublished\":\"2022-06-28T13:10:15+00:00\",\"dateModified\":\"2023-04-04T10:07:45+00:00\",\"description\":\"Historia Marchena, siglos de historia nos contemplan Marchena es uno de los pueblos monumentales de la Campi\u00f1a Sevillana, con un pasado espl\u00e9ndido\",\"breadcrumb\":{\"@id\":\"https:\/\/turismodemarchena.org\/en\/conoce-marchena\/#breadcrumb\"},\"inLanguage\":\"en-US\",\"potentialAction\":[{\"@type\":\"ReadAction\",\"target\":[\"https:\/\/turismodemarchena.org\/en\/conoce-marchena\/\"]}]},{\"@type\":\"BreadcrumbList\",\"@id\":\"https:\/\/turismodemarchena.org\/en\/conoce-marchena\/#breadcrumb\",\"itemListElement\":[{\"@type\":\"ListItem\",\"position\":1,\"name\":\"Home\",\"item\":\"https:\/\/turismodemarchena.org\/en\/\"},{\"@type\":\"ListItem\",\"position\":2,\"name\":\"Meet Marchena\"}]},{\"@type\":\"WebSite\",\"@id\":\"https:\/\/turismodemarchena.org\/#website\",\"url\":\"https:\/\/turismodemarchena.org\/\",\"name\":\"Marchena\",\"description\":\"\",\"publisher\":{\"@id\":\"https:\/\/turismodemarchena.org\/#organization\"},\"potentialAction\":[{\"@type\":\"SearchAction\",\"target\":{\"@type\":\"EntryPoint\",\"urlTemplate\":\"https:\/\/turismodemarchena.org\/?s={search_term_string}\"},\"query-input\":\"required name=search_term_string\"}],\"inLanguage\":\"en-US\"},{\"@type\":\"Organization\",\"@id\":\"https:\/\/turismodemarchena.org\/#organization\",\"name\":\"Turismo de Marchena\",\"url\":\"https:\/\/turismodemarchena.org\/\",\"sameAs\":[],\"logo\":{\"@type\":\"ImageObject\",\"inLanguage\":\"en-US\",\"@id\":\"https:\/\/turismodemarchena.org\/#\/schema\/logo\/image\/\",\"url\":\"https:\/\/turismodemarchena.org\/wp-content\/uploads\/2022\/09\/logoAyuntamientoMarchenaB.png\",\"contentUrl\":\"https:\/\/turismodemarchena.org\/wp-content\/uploads\/2022\/09\/logoAyuntamientoMarchenaB.png\",\"width\":184,\"height\":66,\"caption\":\"Turismo de Marchena\"},\"image\":{\"@id\":\"https:\/\/turismodemarchena.org\/#\/schema\/logo\/image\/\"}}]}<\/script>\n<!-- \/ Yoast SEO plugin. -->","yoast_head_json":{"title":"Meet Marchena - Turismo de Marchena","description":"Historia Marchena, siglos de historia nos contemplan Marchena es uno de los pueblos monumentales de la Campi\u00f1a Sevillana, con un pasado espl\u00e9ndido","robots":{"index":"index","follow":"follow","max-snippet":"max-snippet:-1","max-image-preview":"max-image-preview:large","max-video-preview":"max-video-preview:-1"},"canonical":"https:\/\/turismodemarchena.org\/en\/conoce-marchena\/","og_locale":"en_US","og_type":"article","og_title":"Meet Marchena - Turismo de Marchena","og_description":"Historia Marchena, siglos de historia nos contemplan Marchena es uno de los pueblos monumentales de la Campi\u00f1a Sevillana, con un pasado espl\u00e9ndido","og_url":"https:\/\/turismodemarchena.org\/en\/conoce-marchena\/","og_site_name":"Marchena","article_modified_time":"2023-04-04T10:07:45+00:00","og_image":[{"width":2000,"height":1600,"url":"https:\/\/turismodemarchena.org\/wp-content\/uploads\/2022\/08\/collage-conoce-marchena2.jpg","type":"image\/jpeg"}],"twitter_card":"summary_large_image","twitter_misc":{"Est. reading time":"2 minutes"},"schema":{"@context":"https:\/\/schema.org","@graph":[{"@type":"WebPage","@id":"https:\/\/turismodemarchena.org\/en\/conoce-marchena\/","url":"https:\/\/turismodemarchena.org\/en\/conoce-marchena\/","name":"Meet Marchena - Turismo de Marchena","isPartOf":{"@id":"https:\/\/turismodemarchena.org\/#website"},"datePublished":"2022-06-28T13:10:15+00:00","dateModified":"2023-04-04T10:07:45+00:00","description":"Historia Marchena, siglos de historia nos contemplan Marchena es uno de los pueblos monumentales de la Campi\u00f1a Sevillana, con un pasado espl\u00e9ndido","breadcrumb":{"@id":"https:\/\/turismodemarchena.org\/en\/conoce-marchena\/#breadcrumb"},"inLanguage":"en-US","potentialAction":[{"@type":"ReadAction","target":["https:\/\/turismodemarchena.org\/en\/conoce-marchena\/"]}]},{"@type":"BreadcrumbList","@id":"https:\/\/turismodemarchena.org\/en\/conoce-marchena\/#breadcrumb","itemListElement":[{"@type":"ListItem","position":1,"name":"Home","item":"https:\/\/turismodemarchena.org\/en\/"},{"@type":"ListItem","position":2,"name":"Meet Marchena"}]},{"@type":"WebSite","@id":"https:\/\/turismodemarchena.org\/#website","url":"https:\/\/turismodemarchena.org\/","name":"Marchena","description":"","publisher":{"@id":"https:\/\/turismodemarchena.org\/#organization"},"potentialAction":[{"@type":"SearchAction","target":{"@type":"EntryPoint","urlTemplate":"https:\/\/turismodemarchena.org\/?s={search_term_string}"},"query-input":"required name=search_term_string"}],"inLanguage":"en-US"},{"@type":"Organization","@id":"https:\/\/turismodemarchena.org\/#organization","name":"Turismo de Marchena","url":"https:\/\/turismodemarchena.org\/","sameAs":[],"logo":{"@type":"ImageObject","inLanguage":"en-US","@id":"https:\/\/turismodemarchena.org\/#\/schema\/logo\/image\/","url":"https:\/\/turismodemarchena.org\/wp-content\/uploads\/2022\/09\/logoAyuntamientoMarchenaB.png","contentUrl":"https:\/\/turismodemarchena.org\/wp-content\/uploads\/2022\/09\/logoAyuntamientoMarchenaB.png","width":184,"height":66,"caption":"Turismo de Marchena"},"image":{"@id":"https:\/\/turismodemarchena.org\/#\/schema\/logo\/image\/"}}]}},"_links":{"self":[{"href":"https:\/\/turismodemarchena.org\/en\/wp-json\/wp\/v2\/pages\/4954","targetHints":{"allow":["GET"]}}],"collection":[{"href":"https:\/\/turismodemarchena.org\/en\/wp-json\/wp\/v2\/pages"}],"about":[{"href":"https:\/\/turismodemarchena.org\/en\/wp-json\/wp\/v2\/types\/page"}],"author":[{"embeddable":true,"href":"https:\/\/turismodemarchena.org\/en\/wp-json\/wp\/v2\/users\/1"}],"replies":[{"embeddable":true,"href":"https:\/\/turismodemarchena.org\/en\/wp-json\/wp\/v2\/comments?post=4954"}],"version-history":[{"count":2,"href":"https:\/\/turismodemarchena.org\/en\/wp-json\/wp\/v2\/pages\/4954\/revisions"}],"predecessor-version":[{"id":4957,"href":"https:\/\/turismodemarchena.org\/en\/wp-json\/wp\/v2\/pages\/4954\/revisions\/4957"}],"wp:featuredmedia":[{"embeddable":true,"href":"https:\/\/turismodemarchena.org\/en\/wp-json\/wp\/v2\/media\/3310"}],"wp:attachment":[{"href":"https:\/\/turismodemarchena.org\/en\/wp-json\/wp\/v2\/media?parent=4954"}],"curies":[{"name":"wp","href":"https:\/\/api.w.org\/{rel}","templated":true}]}}